{"id":23233,"date":"2024-04-19T13:17:06","date_gmt":"2024-04-19T10:17:06","guid":{"rendered":"https:\/\/zooprekes24.lt\/produktas\/royal-canin-starter-mousse\/"},"modified":"2025-07-06T18:13:07","modified_gmt":"2025-07-06T16:13:07","slug":"royal-canin-starteru-putas","status":"publish","type":"product","link":"https:\/\/zooprekes24.lt\/lv\/produktas\/royal-canin-starter-mousse\/","title":{"rendered":"Royal Canin Starter Mousse kuc\u0113niem"},"content":{"rendered":"<h3>Royal Canin Starter Mousse - <a href=\"https:\/\/www.royalcanin.com\/lt\/tailored-nutrition\" target=\"_blank\" rel=\"noopener\">\u012bpa\u0161i sabalans\u0113ts<\/a> Mitr\u0101 bar\u012bba gr\u016bsn\u0101m un lakt\u0113jo\u0161\u0101m kuc\u0113m un kuc\u0113niem no 4 l\u012bdz 8 ned\u0113\u013cu vecumam. \u012apa\u0161i izstr\u0101d\u0101ta ar \u012bpa\u0161i maigu konsistenci, putas patiks pat vispras\u012bg\u0101kajiem kuc\u0113niem.<\/h3>\n<ul>\n<li>Royal Canin Starter Mousse satur \u012bpa\u0161u m\u0101tes pien\u0101 atrodamo uzturvielu kombin\u0101ciju, kas papildin\u0101ta ar \u012bpa\u0161\u0101m uzturviel\u0101m. <a href=\"https:\/\/zooprekes24.lt\/lv\/?s=puppy&amp;post_type=product\" target=\"_blank\" rel=\"noopener\">nodro\u0161ina optim\u0101lu kuc\u0113nu gremo\u0161anas funkciju<\/a> un stiprina organisma dabisk\u0101s aizsargsp\u0113jas.<\/li>\n<li><a href=\"https:\/\/www.youtube.com\/watch?v=FYwO1fiYoa8&amp;t=1s\" target=\"_blank\" rel=\"noopener\">Unik\u0101la p\u0101rtikas formula<\/a> piel\u0101gotas kuces lielaj\u0101m ener\u0123\u0113tiskaj\u0101m vajadz\u012bb\u0101m gr\u016btniec\u012bbas un lakt\u0101cijas laik\u0101.<\/li>\n<li>Augsta ener\u0123\u0113tisk\u0101 v\u0113rt\u012bba, augstas kvalit\u0101tes olbaltumvielas un tauki bar\u012bb\u0101 pal\u012bdz kuc\u0113niem p\u0101riet no m\u0101tes piena uz cieto bar\u012bbu.<\/li>\n<\/ul>\n<p><img loading=\"lazy\" decoding=\"async\" class=\"wp-image-9452\" src=\"https:\/\/zooprekes24.lt\/wp-content\/uploads\/mini-starter.png\" alt=\"Mini startera logotips\" width=\"280\" height=\"251\" \/><\/p>","protected":false},"excerpt":{"rendered":"<p>Royal Canin Starter Mousse &#8211; specialiai subalansuotas \u0161lapias maistas n\u0117\u0161\u010dioms ir \u017eindan\u010dioms kal\u0117ms, bei \u0161uniukams nuo 4 iki 8 savai\u010di\u0173 am\u017eiaus. Ypatingos gamybos ypa\u010d\u00a0\u0161velnios tekst\u016bros put\u0117siai\u00a0patiks net i\u0161rankiausiems ma\u017eyliams. Royal Canin Starter Mousse maisto sud\u0117tyje esantis ypatingas maistini\u0173 element\u0173, esan\u010di\u0173 motinos piene, derinys, pagerintas specifin\u0117mis maistin\u0117mis med\u017eiagomis r\u016bpinasi optimalia \u0161uniuk\u0173 vir\u0161kinimo veikla ir stiprina nat\u016brali\u0105&#8230;<\/p>","protected":false},"featured_media":20076,"comment_status":"closed","ping_status":"closed","template":"","meta":{"_acf_changed":false,"slim_seo":{"title":"Royal Canin Starter Mousse put\u0117siai \u0161uniukams - Zooprekes24","description":"Royal Canin Starter Mousse ir \u012bpa\u0161i sabalans\u0113ta mitr\u0101 bar\u012bba gr\u016bsn\u0101m un lakt\u0113jo\u0161\u0101m kuc\u0113m un kuc\u0113niem vecum\u0101 no 4 l\u012bdz 8 ned\u0113\u013c\u0101m. \u012apa\u0161ais kl\u0101sts"},"iawp_total_views":158},"product_brand":[],"product_cat":[9012,9004,8999,29,31],"product_tag":[177,200],"class_list":{"0":"post-23233","1":"product","2":"type-product","3":"status-publish","4":"has-post-thumbnail","6":"product_cat-royal-canin","7":"product_cat-slapias-maistas","8":"product_cat-sunims","9":"product_cat-sunu-maistas","10":"product_cat-sunu-prekiu-gamintojai","11":"product_tag-edalas-sunims","12":"product_tag-super-premium-maistas-sunims","13":"pa_prekiu-zenklai-royal-canin","14":"pa_suns-amzius-jauniems","15":"pa_veisles-dydis-didelems-veislems","16":"pa_veisles-dydis-mazoms-veislems","17":"pa_veisles-dydis-vidutinems-veislems","18":"pa_veisles-dydis-visu-dydziu-veislems","20":"first","21":"instock","22":"taxable","23":"shipping-taxable","24":"purchasable","25":"product-type-variable"},"acf":[],"_links":{"self":[{"href":"https:\/\/zooprekes24.lt\/lv\/wp-json\/wp\/v2\/product\/23233","targetHints":{"allow":["GET"]}}],"collection":[{"href":"https:\/\/zooprekes24.lt\/lv\/wp-json\/wp\/v2\/product"}],"about":[{"href":"https:\/\/zooprekes24.lt\/lv\/wp-json\/wp\/v2\/types\/product"}],"replies":[{"embeddable":true,"href":"https:\/\/zooprekes24.lt\/lv\/wp-json\/wp\/v2\/comments?post=23233"}],"wp:featuredmedia":[{"embeddable":true,"href":"https:\/\/zooprekes24.lt\/lv\/wp-json\/wp\/v2\/media\/20076"}],"wp:attachment":[{"href":"https:\/\/zooprekes24.lt\/lv\/wp-json\/wp\/v2\/media?parent=23233"}],"wp:term":[{"taxonomy":"product_brand","embeddable":true,"href":"https:\/\/zooprekes24.lt\/lv\/wp-json\/wp\/v2\/product_brand?post=23233"},{"taxonomy":"product_cat","embeddable":true,"href":"https:\/\/zooprekes24.lt\/lv\/wp-json\/wp\/v2\/product_cat?post=23233"},{"taxonomy":"product_tag","embeddable":true,"href":"https:\/\/zooprekes24.lt\/lv\/wp-json\/wp\/v2\/product_tag?post=23233"}],"curies":[{"name":"wp","href":"https:\/\/api.w.org\/{rel}","templated":true}]}}