{"id":23231,"date":"2024-04-19T13:17:06","date_gmt":"2024-04-19T10:17:06","guid":{"rendered":"https:\/\/zooprekes24.lt\/produktas\/royal-canin-exigent-konservai-sunims\/"},"modified":"2025-07-06T18:14:42","modified_gmt":"2025-07-06T16:14:42","slug":"royal-canin-exigent-konservi-suniem","status":"publish","type":"product","link":"https:\/\/zooprekes24.lt\/lv\/produktas\/royal-canin-exigent-konservai-sunims\/","title":{"rendered":"Royal Canin Exigent konservi su\u0146iem"},"content":{"rendered":"<h3>Royal Canin Exigent - <a href=\"https:\/\/www.royalcanin.com\/lt\/tailored-nutrition\" target=\"_blank\" rel=\"noopener\">\u012bpa\u0161i sabalans\u0113ts<\/a> Mitr\u0101 bar\u012bba pieaugu\u0161iem su\u0146iem no 10 m\u0113ne\u0161u vecuma. Piel\u0101gota su\u0146iem ar \u012bpa\u0161\u0101m di\u0113tas pras\u012bb\u0101m.<\/h3>\n<ul>\n<li>Royal Canin Exigent \u012bpa\u0161\u0101 bar\u012bbas konsistence un izv\u0113l\u0113t\u0101s uzturv\u0113rt\u012bbas un <a href=\"https:\/\/www.youtube.com\/watch?v=FYwO1fiYoa8&amp;t=1s\" target=\"_blank\" rel=\"noopener\">dab\u012bgie aromatiz\u0113t\u0101ji<\/a> iepriecin\u0101s pat vispras\u012bg\u0101ko gard\u0113di.<\/li>\n<li>Omega-6 tauksk\u0101bju paaugstin\u0101tais saturs pal\u012bdz uztur\u0113t vesel\u012bgu un sp\u012bd\u012bgu ka\u017eoku.<\/li>\n<li>Pilnv\u0113rt\u012bga mitr\u0101 bar\u012bba ir lielisks saus\u0101s bar\u012bbas papildin\u0101jums. Mitr\u0101s un mitr\u0101s bar\u012bbas sajauk\u0161ana <a href=\"https:\/\/zooprekes24.lt\/lv\/products\/royal-canin-mini-exigent\/\" target=\"_blank\" rel=\"noopener\">Mini Exigent saus\u0101 bar\u012bba<\/a> nodro\u0161iniet savam m\u0101jdz\u012bvniekam pilnv\u0113rt\u012bgu uzturu.<\/li>\n<li>Piem\u0113rots visu izm\u0113ru su\u0146iem no 10 m\u0113ne\u0161u vecuma.<\/li>\n<\/ul>\n<p><img loading=\"lazy\" decoding=\"async\" class=\"alignnone wp-image-9684\" src=\"https:\/\/zooprekes24.lt\/wp-content\/uploads\/bd84h-hub-lhasa-apso-adult-black-and-white.png\" alt=\"Royal Canin Mini Exigent saus\u0101 bar\u012bba su\u0146iem\" width=\"371\" height=\"247\" \/><\/p>","protected":false},"excerpt":{"rendered":"<p>Royal Canin Exigent &#8211; specialiai subalansuotas suaugusi\u0173 \u0161un\u0173 \u0161lapias maistas nuo 10 m\u0117nesi\u0173 am\u017eiaus. Pritaikytas ypatingai maistui i\u0161rankiems \u0161unims. Royal Canin Exigent speciali maisto konsistencija, bei atrinktos maistin\u0117s ir nat\u016bralios kvapiosios med\u017eiagos \u012ftiks net i\u0161rankiausiam gurmanui. Pa\u0161aro sud\u0117tyje esantis padidintas Omega-6 riebal\u0173 r\u016bg\u0161\u010di\u0173 kiekis padeda i\u0161laikyti sveik\u0105 bei \u017evilgant\u012f kail\u012f. Visavertis \u0161lapias maistas yra puikus&#8230;<\/p>","protected":false},"featured_media":20074,"comment_status":"closed","ping_status":"closed","template":"","meta":{"_acf_changed":false,"slim_seo":{"title":"Royal Canin Exigent konservai \u0161unims - Zooprekes24","description":"Royal Canin Exigent - specialiai subalansuotas suaugusi\u0173 \u0161un\u0173 \u0161lapias maistas nuo 10 m\u0117nesi\u0173 am\u017eiaus. Pritaikytas ypatingai maistui i\u0161rankiems \u0161unims. Royal Can"},"iawp_total_views":163},"product_brand":[],"product_cat":[9012,9004,8999,29,31],"product_tag":[177,200],"class_list":{"0":"post-23231","1":"product","2":"type-product","3":"status-publish","4":"has-post-thumbnail","6":"product_cat-royal-canin","7":"product_cat-slapias-maistas","8":"product_cat-sunims","9":"product_cat-sunu-maistas","10":"product_cat-sunu-prekiu-gamintojai","11":"product_tag-edalas-sunims","12":"product_tag-super-premium-maistas-sunims","13":"pa_pasaro-sudetis-darzoves","14":"pa_pasaro-sudetis-vistiena","15":"pa_prekiu-zenklai-royal-canin","16":"pa_suns-amzius-suaugusiems","17":"pa_veisles-dydis-didelems-veislems","18":"pa_veisles-dydis-mazoms-veislems","19":"pa_veisles-dydis-vidutinems-veislems","20":"pa_veisles-dydis-visu-dydziu-veislems","22":"first","23":"instock","24":"taxable","25":"shipping-taxable","26":"purchasable","27":"product-type-variable"},"acf":[],"_links":{"self":[{"href":"https:\/\/zooprekes24.lt\/lv\/wp-json\/wp\/v2\/product\/23231","targetHints":{"allow":["GET"]}}],"collection":[{"href":"https:\/\/zooprekes24.lt\/lv\/wp-json\/wp\/v2\/product"}],"about":[{"href":"https:\/\/zooprekes24.lt\/lv\/wp-json\/wp\/v2\/types\/product"}],"replies":[{"embeddable":true,"href":"https:\/\/zooprekes24.lt\/lv\/wp-json\/wp\/v2\/comments?post=23231"}],"wp:featuredmedia":[{"embeddable":true,"href":"https:\/\/zooprekes24.lt\/lv\/wp-json\/wp\/v2\/media\/20074"}],"wp:attachment":[{"href":"https:\/\/zooprekes24.lt\/lv\/wp-json\/wp\/v2\/media?parent=23231"}],"wp:term":[{"taxonomy":"product_brand","embeddable":true,"href":"https:\/\/zooprekes24.lt\/lv\/wp-json\/wp\/v2\/product_brand?post=23231"},{"taxonomy":"product_cat","embeddable":true,"href":"https:\/\/zooprekes24.lt\/lv\/wp-json\/wp\/v2\/product_cat?post=23231"},{"taxonomy":"product_tag","embeddable":true,"href":"https:\/\/zooprekes24.lt\/lv\/wp-json\/wp\/v2\/product_tag?post=23231"}],"curies":[{"name":"wp","href":"https:\/\/api.w.org\/{rel}","templated":true}]}}