{"id":23225,"date":"2024-04-19T13:17:06","date_gmt":"2024-04-19T10:17:06","guid":{"rendered":"https:\/\/zooprekes24.lt\/produktas\/royal-canin-digestive-konservai-sunims\/"},"modified":"2025-07-07T12:51:03","modified_gmt":"2025-07-07T10:51:03","slug":"royal-canin-gremosanas-konservu-bariba-suniem","status":"publish","type":"product","link":"https:\/\/zooprekes24.lt\/lv\/produktas\/royal-canin-digestive-konservai-sunims\/","title":{"rendered":"Royal Canin Digestive Care konservu bar\u012bba su\u0146iem"},"content":{"rendered":"<h3>Royal Canin Digestive Care &#8211; <a href=\"https:\/\/www.royalcanin.com\/lt\/tailored-nutrition\" target=\"_blank\" rel=\"noopener\">\u012bpa\u0161i sabalans\u0113ts<\/a> Mitr\u0101 bar\u012bba pieaugu\u0161iem su\u0146iem no 10 m\u0113ne\u0161u vecuma. Piem\u0113rota su\u0146iem ar jut\u012bgu gremo\u0161anas sist\u0113mu.<\/h3>\n<ul>\n<li>Royal Canin Digestive Care \u012bpa\u0161ais mitr\u0101 bar\u012bbas sast\u0101vs un r\u016bp\u012bgi atlas\u012bt\u0101s ekskluz\u012bv\u0101s sast\u0101vda\u013cas apmierina pat vispras\u012bg\u0101ko \u0161\u0137ir\u0146u su\u0146u apet\u012bti.<\/li>\n<li><a href=\"https:\/\/www.youtube.com\/watch?v=sQlv9iWVY1Y\" target=\"_blank\" rel=\"noopener\">Izcila uzturvielu kombin\u0101cija<\/a> nodro\u0161ina labu gremo\u0161anas funkciju (LIP olbaltumvielas) un uztur zarnu floras l\u012bdzsvaru.<\/li>\n<li>Pilnv\u0113rt\u012bga mitr\u0101 bar\u012bba ir lielisks saus\u0101s bar\u012bbas papildin\u0101jums. Mitr\u0101s un mitr\u0101s bar\u012bbas sajauk\u0161ana <a href=\"https:\/\/zooprekes24.lt\/lv\/products\/royal-canin-mini-digestive-care\/\" target=\"_blank\" rel=\"noopener\">Saus\u0101 bar\u012bba Digestive Care<\/a> varat sasniegt optim\u0101lus rezult\u0101tus.<\/li>\n<li>Piem\u0113rots visu izm\u0113ru su\u0146iem no 10 m\u0113ne\u0161u vecuma.<\/li>\n<\/ul>\n<p><img loading=\"lazy\" decoding=\"async\" class=\"alignnone wp-image-9642\" src=\"https:\/\/zooprekes24.lt\/wp-content\/uploads\/medium-digest.png\" alt=\"Vid\u0113ji gremo\u0161anas logotips\" width=\"260\" height=\"386\" \/><\/p>","protected":false},"excerpt":{"rendered":"<p>Royal Canin Digestive Care &#8211; specialiai subalansuotas suaugusi\u0173 \u0161un\u0173 \u0161lapias maistas nuo 10 m\u0117nesi\u0173 am\u017eiaus. Pritaikytas \u0161unims turintiems jautri\u0105 vir\u0161kinimo sistem\u0105. Royal Canin Digestive Care speciali \u0161lapio maisto sud\u0117tis ir kruop\u0161\u010diai atrinktos i\u0161skirtin\u0117s med\u017eiagos patenkina net i\u0161rankiausi\u0173 veisli\u0173 \u0161un\u0173 apetit\u0105. I\u0161skirtinis maistini\u0173 med\u017eiag\u0173 derinys u\u017etikrina ger\u0105 vir\u0161kinimo veikl\u0105 (LIP baltymai) ir palaiko \u017earnyno floros pusiausvyr\u0105&#8230;.<\/p>","protected":false},"featured_media":20068,"comment_status":"closed","ping_status":"closed","template":"","meta":{"_acf_changed":false,"slim_seo":{"title":"Royal Canin Digestive Care konservai \u0161unims - Zooprekes24","description":"Royal Canin Digestive Care - specialiai subalansuotas suaugusi\u0173 \u0161un\u0173 \u0161lapias maistas nuo 10 m\u0117nesi\u0173 am\u017eiaus. Pritaikytas \u0161unims turintiems jautri\u0105 vir\u0161kinimo si"},"iawp_total_views":169},"product_brand":[],"product_cat":[9012,9004,8999,29,31],"product_tag":[177,200],"class_list":{"0":"post-23225","1":"product","2":"type-product","3":"status-publish","4":"has-post-thumbnail","6":"product_cat-royal-canin","7":"product_cat-slapias-maistas","8":"product_cat-sunims","9":"product_cat-sunu-maistas","10":"product_cat-sunu-prekiu-gamintojai","11":"product_tag-edalas-sunims","12":"product_tag-super-premium-maistas-sunims","13":"pa_pasaro-sudetis-vistiena","14":"pa_prekiu-zenklai-royal-canin","15":"pa_suns-amzius-suaugusiems","16":"pa_veisles-dydis-didelems-veislems","17":"pa_veisles-dydis-mazoms-veislems","18":"pa_veisles-dydis-vidutinems-veislems","19":"pa_veisles-dydis-visu-dydziu-veislems","21":"first","22":"instock","23":"taxable","24":"shipping-taxable","25":"purchasable","26":"product-type-variable"},"acf":[],"_links":{"self":[{"href":"https:\/\/zooprekes24.lt\/lv\/wp-json\/wp\/v2\/product\/23225","targetHints":{"allow":["GET"]}}],"collection":[{"href":"https:\/\/zooprekes24.lt\/lv\/wp-json\/wp\/v2\/product"}],"about":[{"href":"https:\/\/zooprekes24.lt\/lv\/wp-json\/wp\/v2\/types\/product"}],"replies":[{"embeddable":true,"href":"https:\/\/zooprekes24.lt\/lv\/wp-json\/wp\/v2\/comments?post=23225"}],"wp:featuredmedia":[{"embeddable":true,"href":"https:\/\/zooprekes24.lt\/lv\/wp-json\/wp\/v2\/media\/20068"}],"wp:attachment":[{"href":"https:\/\/zooprekes24.lt\/lv\/wp-json\/wp\/v2\/media?parent=23225"}],"wp:term":[{"taxonomy":"product_brand","embeddable":true,"href":"https:\/\/zooprekes24.lt\/lv\/wp-json\/wp\/v2\/product_brand?post=23225"},{"taxonomy":"product_cat","embeddable":true,"href":"https:\/\/zooprekes24.lt\/lv\/wp-json\/wp\/v2\/product_cat?post=23225"},{"taxonomy":"product_tag","embeddable":true,"href":"https:\/\/zooprekes24.lt\/lv\/wp-json\/wp\/v2\/product_tag?post=23225"}],"curies":[{"name":"wp","href":"https:\/\/api.w.org\/{rel}","templated":true}]}}