{"id":23223,"date":"2024-04-19T13:17:06","date_gmt":"2024-04-19T10:17:06","guid":{"rendered":"https:\/\/zooprekes24.lt\/produktas\/royal-canin-light-weight-konservai-sunims\/"},"modified":"2025-07-07T13:02:48","modified_gmt":"2025-07-07T11:02:48","slug":"royal-canin-light-weight-konservai-sunims","status":"publish","type":"product","link":"https:\/\/zooprekes24.lt\/lv\/produktas\/royal-canin-light-weight-konservai-sunims\/","title":{"rendered":"Royal Canin Light Weight Care konservu bar\u012bba su\u0146iem"},"content":{"rendered":"<h3>Royal Canin Light Weight Care - <a href=\"https:\/\/www.royalcanin.com\/lt\/tailored-nutrition\" target=\"_blank\" rel=\"noopener\">\u012bpa\u0161i sabalans\u0113ts<\/a> Mitr\u0101 bar\u012bba pieaugu\u0161iem su\u0146iem no 10 m\u0113ne\u0161u vecuma. Piem\u0113rots su\u0146iem ar noslieci uz svara pieaugumu vai lieko svaru.<\/h3>\n<ul>\n<li><a href=\"https:\/\/www.youtube.com\/watch?v=FYwO1fiYoa8&amp;t=1s\" target=\"_blank\" rel=\"noopener\">Royal Canin Light Weight Care<\/a> Mitr\u0101 bar\u012bba satur samazin\u0101tu tauku saturu, lai pal\u012bdz\u0113tu sasniegt un uztur\u0113t optim\u0101lu su\u0146a svaru.<\/li>\n<li>Augstais L-karnit\u012bna saturs stimul\u0113 vielmai\u0146u.<\/li>\n<li><a href=\"https:\/\/www.royalcanin.com\/lt\/dogs\/products\/canine-care-nutrition\/lightweight-care\" target=\"_blank\" rel=\"noopener\">Pilnv\u0113rt\u012bga mitr\u0101 bar\u012bba<\/a> ir lielisks saus\u0101s bar\u012bbas papildin\u0101jums. Mitr\u0101s un mitr\u0101s bar\u012bbas sajauk\u0161ana <a href=\"https:\/\/zooprekes24.lt\/lv\/products\/royal-canin-medium-light-weight-care\/\" target=\"_blank\" rel=\"noopener\">Saus\u0101 bar\u012bba Light Weight Care<\/a> sasniegt optim\u0101lus svara zuduma rezult\u0101tus.<\/li>\n<li>Piem\u0113rots visu izm\u0113ru su\u0146iem no 10 m\u0113ne\u0161u vecuma.<\/li>\n<\/ul>\n<p><img loading=\"lazy\" decoding=\"async\" class=\"alignnone wp-image-9686\" src=\"https:\/\/zooprekes24.lt\/wp-content\/uploads\/mini-light-we.png\" alt=\"Mini viegls svars logo\" width=\"270\" height=\"377\" \/><\/p>","protected":false},"excerpt":{"rendered":"<p>Royal Canin Light Weight Care &#8211; specialiai subalansuotas suaugusi\u0173 \u0161un\u0173 \u0161lapias maistas nuo 10 m\u0117nesi\u0173 am\u017eiaus. Pritaikytas \u0161unims linkusiems priaugti svorio arba turintiems vir\u0161svorio. Royal Canin Light Weight Care \u0161lapio maisto sud\u0117tyje yra suma\u017eintas riebal\u0173 kiekis, padedantis pasiekti ir i\u0161laikyti optimal\u0173 \u0161uns svor\u012f. Sud\u0117tyje esantis didelis L-karnitino kiekis stimuliuoja med\u017eiag\u0173 apykait\u0105. Visavertis \u0161lapias maistas yra&#8230;<\/p>","protected":false},"featured_media":18166,"comment_status":"closed","ping_status":"closed","template":"","meta":{"_acf_changed":false,"slim_seo":{"title":"Royal Canin Light Weight Care konservai \u0161unims - Zooprekes24","description":"Royal Canin Light Weight Care - specialiai subalansuotas suaugusi\u0173 \u0161un\u0173 \u0161lapias maistas nuo 10 m\u0117nesi\u0173 am\u017eiaus. Pritaikytas \u0161unims linkusiems priaugti svorio ar"},"iawp_total_views":95},"product_brand":[],"product_cat":[9012,9004,8999,29,31],"product_tag":[1084,177,1091,200],"class_list":{"0":"post-23223","1":"product","2":"type-product","3":"status-publish","4":"has-post-thumbnail","6":"product_cat-royal-canin","7":"product_cat-slapias-maistas","8":"product_cat-sunims","9":"product_cat-sunu-maistas","10":"product_cat-sunu-prekiu-gamintojai","11":"product_tag-antsvorio-turinciam-suniui","12":"product_tag-edalas-sunims","13":"product_tag-maistas-sunims-turintiems-antsvorio","14":"product_tag-super-premium-maistas-sunims","15":"pa_pasaro-sudetis-ryziai","16":"pa_pasaro-sudetis-vistiena","17":"pa_prekiu-zenklai-royal-canin","18":"pa_suns-amzius-suaugusiems","19":"pa_veisles-dydis-didelems-veislems","20":"pa_veisles-dydis-mazoms-veislems","21":"pa_veisles-dydis-vidutinems-veislems","22":"pa_veisles-dydis-visu-dydziu-veislems","24":"first","25":"instock","26":"taxable","27":"shipping-taxable","28":"purchasable","29":"product-type-variable"},"acf":[],"_links":{"self":[{"href":"https:\/\/zooprekes24.lt\/lv\/wp-json\/wp\/v2\/product\/23223","targetHints":{"allow":["GET"]}}],"collection":[{"href":"https:\/\/zooprekes24.lt\/lv\/wp-json\/wp\/v2\/product"}],"about":[{"href":"https:\/\/zooprekes24.lt\/lv\/wp-json\/wp\/v2\/types\/product"}],"replies":[{"embeddable":true,"href":"https:\/\/zooprekes24.lt\/lv\/wp-json\/wp\/v2\/comments?post=23223"}],"wp:featuredmedia":[{"embeddable":true,"href":"https:\/\/zooprekes24.lt\/lv\/wp-json\/wp\/v2\/media\/18166"}],"wp:attachment":[{"href":"https:\/\/zooprekes24.lt\/lv\/wp-json\/wp\/v2\/media?parent=23223"}],"wp:term":[{"taxonomy":"product_brand","embeddable":true,"href":"https:\/\/zooprekes24.lt\/lv\/wp-json\/wp\/v2\/product_brand?post=23223"},{"taxonomy":"product_cat","embeddable":true,"href":"https:\/\/zooprekes24.lt\/lv\/wp-json\/wp\/v2\/product_cat?post=23223"},{"taxonomy":"product_tag","embeddable":true,"href":"https:\/\/zooprekes24.lt\/lv\/wp-json\/wp\/v2\/product_tag?post=23223"}],"curies":[{"name":"wp","href":"https:\/\/api.w.org\/{rel}","templated":true}]}}