{"id":23195,"date":"2024-04-19T13:16:54","date_gmt":"2024-04-19T10:16:54","guid":{"rendered":"https:\/\/zooprekes24.lt\/produktas\/royal-canin-mini-exigent\/"},"modified":"2025-07-10T10:03:21","modified_gmt":"2025-07-10T08:03:21","slug":"royal-canin-mini-exigent","status":"publish","type":"product","link":"https:\/\/zooprekes24.lt\/lv\/produktas\/royal-canin-mini-exigent\/","title":{"rendered":"Royal Canin Mini Exigent saus\u0101 bar\u012bba su\u0146iem"},"content":{"rendered":"<h3>Royal Canin Mini Exigent - <a href=\"https:\/\/www.royalcanin.com\/lt\/tailored-nutrition\" target=\"_blank\" rel=\"noopener\">\u012bpa\u0161i sabalans\u0113ts<\/a> Saus\u0101 bar\u012bba pieaugu\u0161iem mazo \u0161\u0137ir\u0146u su\u0146iem (l\u012bdz 10 kg) no 1 gada vecuma. Piel\u0101gota su\u0146iem ar \u012bpa\u0161\u0101m di\u0113tas pras\u012bb\u0101m.<\/h3>\n<ul>\n<li>Royal Canin Mini Exigent \u012bpa\u0161\u0101 konsistence, forma, izm\u0113rs un izv\u0113l\u0113t\u0101s uzturvielas un dab\u012bgie aromatiz\u0113t\u0101ji iepriecin\u0101s pat vispras\u012bg\u0101ko mazo gard\u0113di.<\/li>\n<li>Paaugstin\u0101ts omega-6 tauksk\u0101bju saturs bar\u012bb\u0101 <a href=\"https:\/\/zooprekes24.lt\/lv\/products\/canina-biotina-forte-tabletes\/\" target=\"_blank\" rel=\"noopener\">pal\u012bdz uztur\u0113t vesel\u012bgu un sp\u012bd\u012bgu ka\u017eoku<\/a>.<\/li>\n<li><a href=\"https:\/\/www.youtube.com\/watch?v=FYwO1fiYoa8&amp;t=1s\" target=\"_blank\" rel=\"noopener\">\u012apa\u0161as p\u0101rtikas formulas<\/a> Formulas sast\u0101v\u0101 eso\u0161\u0101s hel\u0101tus saturo\u0161\u0101s vielas sadala kalciju siekal\u0101s un nov\u0113r\u0161 zobakmens veido\u0161anos.<\/li>\n<\/ul>\n<p><img loading=\"lazy\" decoding=\"async\" class=\"alignnone wp-image-9684\" src=\"https:\/\/zooprekes24.lt\/wp-content\/uploads\/bd84h-hub-lhasa-apso-adult-black-and-white.png\" alt=\"Royal Canin Mini Exigent saus\u0101 bar\u012bba su\u0146iem\" width=\"371\" height=\"247\" \/><\/p>","protected":false},"excerpt":{"rendered":"<p>Royal Canin Mini Exigent &#8211; specialiai subalansuotas suaugusi\u0173, ma\u017e\u0173 veisli\u0173\u00a0 (iki 10 kg) \u0161un\u0173 sausas maistas nuo 1 met\u0173 am\u017eiaus. Pritaikytas ypatingai maistui i\u0161rankiems \u0161unims. Royal Canin Mini Exigent speciali smulkinto maisto konsistencija, forma, dydis bei atrinktos maistin\u0117s ir nat\u016bralios kvapiosios med\u017eiagos \u012ftiks net i\u0161rankiausiam ma\u017eajam gurmanui. Pa\u0161aro sud\u0117tyje esantis padidintas Omega-6 riebal\u0173 r\u016bg\u0161\u010di\u0173 kiekis&#8230;<\/p>","protected":false},"featured_media":18124,"comment_status":"closed","ping_status":"closed","template":"","meta":{"_acf_changed":false,"slim_seo":{"title":"Royal Canin Mini Exigent sausas maistas \u0161unims - Zooprekes24","description":"Royal Canin Mini Exigent - specialiai subalansuotas suaugusi\u0173, ma\u017e\u0173 veisli\u0173\u00a0 (iki 10 kg) \u0161un\u0173 sausas maistas nuo 1 met\u0173 am\u017eiaus. Pritaikytas ypatingai maistui i"},"iawp_total_views":209},"product_brand":[],"product_cat":[9012,9002,8999,29,31],"product_tag":[177,200],"class_list":{"0":"post-23195","1":"product","2":"type-product","3":"status-publish","4":"has-post-thumbnail","6":"product_cat-royal-canin","7":"product_cat-sausas-maistas","8":"product_cat-sunims","9":"product_cat-sunu-maistas","10":"product_cat-sunu-prekiu-gamintojai","11":"product_tag-edalas-sunims","12":"product_tag-super-premium-maistas-sunims","13":"pa_pasaro-sudetis-ryziai","14":"pa_pasaro-sudetis-vistiena","15":"pa_prekiu-zenklai-royal-canin","16":"pa_suns-amzius-suaugusiems","17":"pa_veisles-dydis-mazoms-veislems","19":"first","20":"instock","21":"taxable","22":"shipping-taxable","23":"purchasable","24":"product-type-variable"},"acf":[],"_links":{"self":[{"href":"https:\/\/zooprekes24.lt\/lv\/wp-json\/wp\/v2\/product\/23195","targetHints":{"allow":["GET"]}}],"collection":[{"href":"https:\/\/zooprekes24.lt\/lv\/wp-json\/wp\/v2\/product"}],"about":[{"href":"https:\/\/zooprekes24.lt\/lv\/wp-json\/wp\/v2\/types\/product"}],"replies":[{"embeddable":true,"href":"https:\/\/zooprekes24.lt\/lv\/wp-json\/wp\/v2\/comments?post=23195"}],"wp:featuredmedia":[{"embeddable":true,"href":"https:\/\/zooprekes24.lt\/lv\/wp-json\/wp\/v2\/media\/18124"}],"wp:attachment":[{"href":"https:\/\/zooprekes24.lt\/lv\/wp-json\/wp\/v2\/media?parent=23195"}],"wp:term":[{"taxonomy":"product_brand","embeddable":true,"href":"https:\/\/zooprekes24.lt\/lv\/wp-json\/wp\/v2\/product_brand?post=23195"},{"taxonomy":"product_cat","embeddable":true,"href":"https:\/\/zooprekes24.lt\/lv\/wp-json\/wp\/v2\/product_cat?post=23195"},{"taxonomy":"product_tag","embeddable":true,"href":"https:\/\/zooprekes24.lt\/lv\/wp-json\/wp\/v2\/product_tag?post=23195"}],"curies":[{"name":"wp","href":"https:\/\/api.w.org\/{rel}","templated":true}]}}