{"id":23180,"date":"2024-04-19T13:16:45","date_gmt":"2024-04-19T10:16:45","guid":{"rendered":"https:\/\/zooprekes24.lt\/produktas\/royal-canin-medium-adult-7\/"},"modified":"2025-07-14T15:48:55","modified_gmt":"2025-07-14T13:48:55","slug":"royal-canin-medium-adult-7","status":"publish","type":"product","link":"https:\/\/zooprekes24.lt\/lv\/produktas\/royal-canin-medium-adult-7\/","title":{"rendered":"Royal Canin Medium Adult 7+ saus\u0101 bar\u012bba su\u0146iem"},"content":{"rendered":"<h3>Royal Canin Medium Adult 7+ <a href=\"https:\/\/www.royalcanin.com\/lt\/tailored-nutrition\" target=\"_blank\" rel=\"noopener\">\u012bpa\u0161i sabalans\u0113ts<\/a> Saus\u0101 bar\u012bba vec\u0101k\u0101m, vid\u0113ja lieluma \u0161\u0137irn\u0113m (11-25 kg) no 7 gadu vecuma. Unik\u0101l\u0101 formula pal\u012bdz c\u012bn\u012bties ar pirmaj\u0101m dz\u012bvnieka noveco\u0161an\u0101s paz\u012bm\u0113m.<\/h3>\n<ul>\n<li>Royal Canin Medium Adult 7+ satur patent\u0113tu antioksidantu kompleksu kop\u0101 ar prebiotik\u0101m, <a href=\"https:\/\/zooprekes24.lt\/lv\/products\/fitmin-tiriba-ilgmuziba-imunitate-sunims\/\" target=\"_blank\" rel=\"noopener\">stiprina su\u0146a dabisk\u0101s aizsargsp\u0113jas <\/a>un c\u012bn\u0101s ar pirmaj\u0101m noveco\u0161an\u0101s paz\u012bm\u0113m, lai saglab\u0101tu su\u0146a vitalit\u0101ti un lielisku vesel\u012bbu.<\/li>\n<li>Granulu \u012bpatn\u0113j\u0101 forma un tekst\u016bra ir ne tikai gar\u0161\u012bgas, bet ar\u012b viegli ko\u0161\u013c\u0101jamas un piem\u0113rotas vec\u0101kiem su\u0146iem.<\/li>\n<li><a href=\"https:\/\/www.youtube.com\/watch?v=FYwO1fiYoa8&amp;t=1s\" target=\"_blank\" rel=\"noopener\">\u012apa\u0161s p\u0101rtikas produktu sast\u0101vs<\/a> saglab\u0101 su\u0146a ka\u017eoka skaistumu un stiprina \u0101das dabiskos aizsarg\u0101jo\u0161os procesus.<\/li>\n<li>Bar\u012bba satur \u0161\u0137iedrvielas, kas uzlabo zarnu ferment\u0101ciju un uztur labu zarnu mikrofloru.<\/li>\n<\/ul>\n<p><img loading=\"lazy\" decoding=\"async\" class=\"alignnone wp-image-9493\" src=\"https:\/\/zooprekes24.lt\/wp-content\/uploads\/medium-7.png\" alt=\"Royal Canin Adult Medium 7+ logo\" width=\"288\" height=\"305\" \/><\/p>","protected":false},"excerpt":{"rendered":"<p>Royal Canin Medium Adult 7+ specialiai subalansuotas vyresnio am\u017eiaus, vidutinio dyd\u017eio veisli\u0173\u00a0 (nuo 11-25 kg) \u0161un\u0173 sausas maistas nuo 7 met\u0173 am\u017eiaus. Unikali maisto formul\u0117 padeda kovoti su pirmaisiais augintinio sen\u0117jimo po\u017eymiais. Royal Canin Medium Adult 7+ maisto sud\u0117tyje esantis patentuotas antioksidant\u0173 kompleksas, kartu su prebiotikais, stiprina nat\u016brali\u0105 \u0161uns organizmo apsaug\u0105 bei kovoja su pirmaisiais&#8230;<\/p>","protected":false},"featured_media":28302,"comment_status":"closed","ping_status":"closed","template":"","meta":{"_acf_changed":false,"slim_seo":{"title":"Royal Canin Medium Adult 7+ sausas maistas \u0161unims - Zooprekes24","description":"Royal Canin Medium Adult 7+ ir \u012bpa\u0161i sabalans\u0113ta saus\u0101 bar\u012bba vec\u0101kiem, vid\u0113ja lieluma (11-25 kg) su\u0146iem no 7 gadu vecuma. Unik\u0101ls"},"iawp_total_views":125},"product_brand":[],"product_cat":[9012,9002,8999,29,31],"product_tag":[177,200],"class_list":{"0":"post-23180","1":"product","2":"type-product","3":"status-publish","4":"has-post-thumbnail","6":"product_cat-royal-canin","7":"product_cat-sausas-maistas","8":"product_cat-sunims","9":"product_cat-sunu-maistas","10":"product_cat-sunu-prekiu-gamintojai","11":"product_tag-edalas-sunims","12":"product_tag-super-premium-maistas-sunims","13":"pa_pasaro-sudetis-ryziai","14":"pa_pasaro-sudetis-vistiena","15":"pa_prekiu-zenklai-royal-canin","16":"pa_suns-amzius-senjorams","17":"pa_suns-amzius-suaugusiems","18":"pa_veisles-dydis-vidutinems-veislems","20":"first","21":"instock","22":"taxable","23":"shipping-taxable","24":"purchasable","25":"product-type-variable"},"acf":[],"_links":{"self":[{"href":"https:\/\/zooprekes24.lt\/lv\/wp-json\/wp\/v2\/product\/23180","targetHints":{"allow":["GET"]}}],"collection":[{"href":"https:\/\/zooprekes24.lt\/lv\/wp-json\/wp\/v2\/product"}],"about":[{"href":"https:\/\/zooprekes24.lt\/lv\/wp-json\/wp\/v2\/types\/product"}],"replies":[{"embeddable":true,"href":"https:\/\/zooprekes24.lt\/lv\/wp-json\/wp\/v2\/comments?post=23180"}],"wp:featuredmedia":[{"embeddable":true,"href":"https:\/\/zooprekes24.lt\/lv\/wp-json\/wp\/v2\/media\/28302"}],"wp:attachment":[{"href":"https:\/\/zooprekes24.lt\/lv\/wp-json\/wp\/v2\/media?parent=23180"}],"wp:term":[{"taxonomy":"product_brand","embeddable":true,"href":"https:\/\/zooprekes24.lt\/lv\/wp-json\/wp\/v2\/product_brand?post=23180"},{"taxonomy":"product_cat","embeddable":true,"href":"https:\/\/zooprekes24.lt\/lv\/wp-json\/wp\/v2\/product_cat?post=23180"},{"taxonomy":"product_tag","embeddable":true,"href":"https:\/\/zooprekes24.lt\/lv\/wp-json\/wp\/v2\/product_tag?post=23180"}],"curies":[{"name":"wp","href":"https:\/\/api.w.org\/{rel}","templated":true}]}}