{"id":23177,"date":"2024-04-19T13:16:45","date_gmt":"2024-04-19T10:16:45","guid":{"rendered":"https:\/\/zooprekes24.lt\/produktas\/royal-canin-medium-adult\/"},"modified":"2025-07-14T15:56:03","modified_gmt":"2025-07-14T13:56:03","slug":"royal-canin-medium-adult","status":"publish","type":"product","link":"https:\/\/zooprekes24.lt\/lv\/produktas\/royal-canin-medium-adult\/","title":{"rendered":"Royal Canin Medium Adult saus\u0101 bar\u012bba su\u0146iem"},"content":{"rendered":"<h3>Royal Canin Medium Adult -\u00a0<a href=\"https:\/\/www.royalcanin.com\/lt\/tailored-nutrition\" target=\"_blank\" rel=\"noopener\">\u012bpa\u0161i sabalans\u0113ts<\/a> Saus\u0101 bar\u012bba pieaugu\u0161iem vid\u0113ja lieluma (11-25 kg) su\u0146iem vecum\u0101 no 1 l\u012bdz 7 gadiem. Unik\u0101l\u0101 formula nodro\u0161ina labu gremo\u0161anas funkciju, stiprina imunit\u0101ti un uztur optim\u0101lu \u0137erme\u0146a svaru.<\/h3>\n<ul>\n<li>Labv\u0113l\u012bg\u0101s uzturvielas - eikozapenta\u0113nsk\u0101be (EPA) un dokozaheksa\u0113nsk\u0101be (DHA) - stiprina su\u0146a sirds darb\u012bbu, taur\u012bns uzlabo sirdsdarb\u012bbu, bet L-karnit\u012bns nodro\u0161ina \u0161\u016bnu ener\u0123iju.<\/li>\n<li><a href=\"https:\/\/www.youtube.com\/watch?v=FYwO1fiYoa8&amp;t=1s\" target=\"_blank\" rel=\"noopener\">\u012apa\u0161as formas granulas<\/a> piel\u0101gots vid\u0113ja lieluma \u0161\u0137ir\u0146u su\u0146u \u017eok\u013ciem, mudina suni ko\u0161\u013c\u0101t.<\/li>\n<li>Royal Canin Medium Adult bar\u012bbas sast\u0101v\u0101 ir palielin\u0101ts olbaltumvielu daudzums optim\u0101lai musku\u013cu masas veido\u0161anai.<\/li>\n<li>Palielin\u0101ts hondroit\u012bna un glikozam\u012bna l\u012bmenis <a href=\"https:\/\/zooprekes24.lt\/lv\/products\/canvit-chondro-maxi-500g\/\" target=\"_blank\" rel=\"noopener\">pal\u012bdz saglab\u0101t j\u016bsu m\u012blu\u013ca kust\u012bgumu un aizsarg\u0101t loc\u012btavas.<\/a><\/li>\n<\/ul>\n<p><img loading=\"lazy\" decoding=\"async\" class=\"alignnone wp-image-9486\" src=\"https:\/\/zooprekes24.lt\/wp-content\/uploads\/medium-adult-1.png\" alt=\"Vid\u0113ja izm\u0113ra pieaugu\u0161o logotips\" width=\"319\" height=\"269\" \/><\/p>","protected":false},"excerpt":{"rendered":"<p>Royal Canin Medium Adult &#8211;\u00a0specialiai subalansuotas suaugusi\u0173, vidutinio dyd\u017eio veisli\u0173\u00a0 (nuo 11-25 kg) \u0161un\u0173 sausas maistas nuo 1-7 met\u0173 am\u017eiaus. Unikali maisto formul\u0117 u\u017etikrina ger\u0105 augintinio vir\u0161kinamojo trakto veikl\u0105, stiprina imunitet\u0105 bei palaiko optimal\u0173 k\u016bno svor\u012f. Naudingos maistin\u0117s med\u017eiagos, eikozapentaeno (EPA) ir dokozaheksaeno (DHA) r\u016bg\u0161tys stiprina \u0161uns \u0161irdies funkcijas, taurinas gerina \u0161irdies susitraukim\u0173 da\u017en\u012f, L-karnitinas&#8230;<\/p>","protected":false},"featured_media":28298,"comment_status":"closed","ping_status":"closed","template":"","meta":{"_acf_changed":false,"slim_seo":{"title":"Royal Canin Medium Adult sausas maistas \u0161unims - Zooprekes24","description":"Royal Canin Medium Adult -\u00a0 specialiai subalansuotas suaugusi\u0173, vidutinio dyd\u017eio veisli\u0173\u00a0 (nuo 11-25 kg) \u0161un\u0173 sausas maistas nuo 1-7 met\u0173 am\u017eiaus. Unikali maist"},"iawp_total_views":215},"product_brand":[],"product_cat":[9012,9002,8999,29,31],"product_tag":[177,200],"class_list":{"0":"post-23177","1":"product","2":"type-product","3":"status-publish","4":"has-post-thumbnail","6":"product_cat-royal-canin","7":"product_cat-sausas-maistas","8":"product_cat-sunims","9":"product_cat-sunu-maistas","10":"product_cat-sunu-prekiu-gamintojai","11":"product_tag-edalas-sunims","12":"product_tag-super-premium-maistas-sunims","13":"pa_pasaro-sudetis-ryziai","14":"pa_pasaro-sudetis-vistiena","15":"pa_prekiu-zenklai-royal-canin","16":"pa_suns-amzius-suaugusiems","17":"pa_veisles-dydis-vidutinems-veislems","19":"first","20":"instock","21":"taxable","22":"shipping-taxable","23":"purchasable","24":"product-type-variable"},"acf":[],"_links":{"self":[{"href":"https:\/\/zooprekes24.lt\/lv\/wp-json\/wp\/v2\/product\/23177","targetHints":{"allow":["GET"]}}],"collection":[{"href":"https:\/\/zooprekes24.lt\/lv\/wp-json\/wp\/v2\/product"}],"about":[{"href":"https:\/\/zooprekes24.lt\/lv\/wp-json\/wp\/v2\/types\/product"}],"replies":[{"embeddable":true,"href":"https:\/\/zooprekes24.lt\/lv\/wp-json\/wp\/v2\/comments?post=23177"}],"wp:featuredmedia":[{"embeddable":true,"href":"https:\/\/zooprekes24.lt\/lv\/wp-json\/wp\/v2\/media\/28298"}],"wp:attachment":[{"href":"https:\/\/zooprekes24.lt\/lv\/wp-json\/wp\/v2\/media?parent=23177"}],"wp:term":[{"taxonomy":"product_brand","embeddable":true,"href":"https:\/\/zooprekes24.lt\/lv\/wp-json\/wp\/v2\/product_brand?post=23177"},{"taxonomy":"product_cat","embeddable":true,"href":"https:\/\/zooprekes24.lt\/lv\/wp-json\/wp\/v2\/product_cat?post=23177"},{"taxonomy":"product_tag","embeddable":true,"href":"https:\/\/zooprekes24.lt\/lv\/wp-json\/wp\/v2\/product_tag?post=23177"}],"curies":[{"name":"wp","href":"https:\/\/api.w.org\/{rel}","templated":true}]}}