{"id":23169,"date":"2024-04-19T13:16:45","date_gmt":"2024-04-19T10:16:45","guid":{"rendered":"https:\/\/zooprekes24.lt\/produktas\/royal-canin-mini-adult-8\/"},"modified":"2025-07-14T16:09:25","modified_gmt":"2025-07-14T14:09:25","slug":"royal-canin-mini-adult-8","status":"publish","type":"product","link":"https:\/\/zooprekes24.lt\/lv\/produktas\/royal-canin-mini-adult-8\/","title":{"rendered":"Royal Canin Mini Adult 8+ saus\u0101 bar\u012bba su\u0146iem"},"content":{"rendered":"<h3>Royal Canin Mini Adult 8+ <a href=\"https:\/\/www.royalcanin.com\/lt\/tailored-nutrition\" target=\"_blank\" rel=\"noopener\">\u012bpa\u0161i sabalans\u0113ts<\/a> Saus\u0101 bar\u012bba pieaugu\u0161iem mazo \u0161\u0137ir\u0146u su\u0146iem (l\u012bdz 10 kg) no 8 gadu vecuma. Unik\u0101l\u0101 formula pal\u012bdz c\u012bn\u012bties ar pirmaj\u0101m noveco\u0161an\u0101s paz\u012bm\u0113m j\u016bsu m\u012blulim.<\/h3>\n<ul>\n<li>Royal Canin Mini Adult 8+ satur patent\u0113tu antioksidantu kompleksu kop\u0101 ar prebiotik\u0101m, <a href=\"https:\/\/zooprekes24.lt\/lv\/?s=adult+small+breed&amp;post_type=product\" target=\"_blank\" rel=\"noopener\">stiprina su\u0146a dabisk\u0101s aizsargsp\u0113jas <\/a>un c\u012bn\u0101s ar pirmaj\u0101m noveco\u0161an\u0101s paz\u012bm\u0113m, lai saglab\u0101tu su\u0146a vitalit\u0101ti un lielisku vesel\u012bbu.<\/li>\n<li>Granulas ar rakstur\u012bgo formu un tekst\u016bru ir ne tikai gar\u0161\u012bgas, bet ar\u012b viegli kodamas un piem\u0113rotas maziem \u017eok\u013ciem.<\/li>\n<li><a href=\"https:\/\/www.youtube.com\/watch?v=FYwO1fiYoa8&amp;t=1s\" target=\"_blank\" rel=\"noopener\">\u012apa\u0161s p\u0101rtikas produktu sast\u0101vs<\/a> saglab\u0101 su\u0146a ka\u017eoka skaistumu un stiprina \u0101das dabiskos aizsarg\u0101jo\u0161os procesus.<\/li>\n<li>Uztur\u0101 eso\u0161ais n\u0101trija polifosf\u0101ts pal\u012bdz nov\u0113rst kalcija aplikuma veido\u0161anos uz zobiem. Turkl\u0101t, pateicoties unik\u0101lajai bar\u012bbas produkta formai, granulas meh\u0101niski att\u012bra zobus un samazina zobu aplikuma veido\u0161anos, kad t\u0101s tiek ko\u0161\u013c\u0101tas.<\/li>\n<\/ul>\n<p><img loading=\"lazy\" decoding=\"async\" class=\"wp-image-9456\" src=\"https:\/\/zooprekes24.lt\/wp-content\/uploads\/mini-adult-seniems.png\" alt=\"Mini pieaugu\u0161o logo\" width=\"280\" height=\"281\" \/><\/p>","protected":false},"excerpt":{"rendered":"<p>Royal Canin Mini Adult 8+ specialiai subalansuotas suaugusi\u0173, ma\u017e\u0173 veisli\u0173 veisli\u0173 (iki 10kg) \u0161un\u0173 sausas maistas nuo 8 met\u0173 am\u017eiaus. Unikali maisto formul\u0117 padeda kovoti su pirmaisiais augintinio sen\u0117jimo po\u017eymiais. Royal Canin Mini Adult 8+ maisto sud\u0117tyje esantis patentuotas antioksidant\u0173 kompleksas, kartu su prebiotikais, stiprina nat\u016brali\u0105 \u0161uns organizmo apsaug\u0105 bei kovoja su pirmaisiais sen\u0117jimo po\u017eymiais&#8230;<\/p>","protected":false},"featured_media":28313,"comment_status":"closed","ping_status":"closed","template":"","meta":{"_acf_changed":false,"slim_seo":{"title":"Royal Canin Mini Adult 8+ sausas maistas \u0161unims - Zooprekes24","description":"Royal Canin Mini Adult 8+ ir \u012bpa\u0161i sabalans\u0113ta saus\u0101 bar\u012bba pieaugu\u0161iem mazo \u0161\u0137ir\u0146u (l\u012bdz 10 kg) su\u0146iem no 8 gadu vecuma. Unik\u0101l\u0101 formula pal\u012bdz"},"iawp_total_views":599},"product_brand":[],"product_cat":[9012,9002,8999,29,31],"product_tag":[176,177,200],"class_list":{"0":"post-23169","1":"product","2":"type-product","3":"status-publish","4":"has-post-thumbnail","6":"product_cat-royal-canin","7":"product_cat-sausas-maistas","8":"product_cat-sunims","9":"product_cat-sunu-maistas","10":"product_cat-sunu-prekiu-gamintojai","11":"product_tag-begrudis-sunu-maistas","12":"product_tag-edalas-sunims","13":"product_tag-super-premium-maistas-sunims","14":"pa_pasaro-sudetis-ryziai","15":"pa_pasaro-sudetis-vistiena","16":"pa_prekiu-zenklai-royal-canin","17":"pa_suns-amzius-senjorams","18":"pa_suns-amzius-suaugusiems","19":"pa_veisles-dydis-mazoms-veislems","21":"first","22":"instock","23":"taxable","24":"shipping-taxable","25":"purchasable","26":"product-type-variable"},"acf":[],"_links":{"self":[{"href":"https:\/\/zooprekes24.lt\/lv\/wp-json\/wp\/v2\/product\/23169","targetHints":{"allow":["GET"]}}],"collection":[{"href":"https:\/\/zooprekes24.lt\/lv\/wp-json\/wp\/v2\/product"}],"about":[{"href":"https:\/\/zooprekes24.lt\/lv\/wp-json\/wp\/v2\/types\/product"}],"replies":[{"embeddable":true,"href":"https:\/\/zooprekes24.lt\/lv\/wp-json\/wp\/v2\/comments?post=23169"}],"wp:featuredmedia":[{"embeddable":true,"href":"https:\/\/zooprekes24.lt\/lv\/wp-json\/wp\/v2\/media\/28313"}],"wp:attachment":[{"href":"https:\/\/zooprekes24.lt\/lv\/wp-json\/wp\/v2\/media?parent=23169"}],"wp:term":[{"taxonomy":"product_brand","embeddable":true,"href":"https:\/\/zooprekes24.lt\/lv\/wp-json\/wp\/v2\/product_brand?post=23169"},{"taxonomy":"product_cat","embeddable":true,"href":"https:\/\/zooprekes24.lt\/lv\/wp-json\/wp\/v2\/product_cat?post=23169"},{"taxonomy":"product_tag","embeddable":true,"href":"https:\/\/zooprekes24.lt\/lv\/wp-json\/wp\/v2\/product_tag?post=23169"}],"curies":[{"name":"wp","href":"https:\/\/api.w.org\/{rel}","templated":true}]}}