{"id":23166,"date":"2024-04-19T13:16:45","date_gmt":"2024-04-19T10:16:45","guid":{"rendered":"https:\/\/zooprekes24.lt\/produktas\/royal-canin-mini-starter\/"},"modified":"2025-07-14T17:05:04","modified_gmt":"2025-07-14T15:05:04","slug":"royal-canin-mini-starteris-2","status":"publish","type":"product","link":"https:\/\/zooprekes24.lt\/lv\/produktas\/royal-canin-mini-starter\/","title":{"rendered":"Royal Canin Mini Starter saus\u0101 bar\u012bba su\u0146iem"},"content":{"rendered":"<h3>Royal Canin Mini Starter - <a href=\"https:\/\/www.royalcanin.com\/lt\/tailored-nutrition\" target=\"_blank\" rel=\"noopener\">\u012bpa\u0161i sabalans\u0113ts<\/a> Saus\u0101 bar\u012bba mazo \u0161\u0137ir\u0146u gr\u016bsn\u0101m un lakt\u0113jo\u0161\u0101m kuc\u0113m (l\u012bdz 10 kg) un kuc\u0113niem no 4 l\u012bdz 8 ned\u0113\u013cu vecumam. \u012apa\u0161i ra\u017eotas granulas, kas piel\u0101gotas mazajiem \u017eok\u013ciem, un gar\u0161\u012bga gar\u0161a, kas patiks pat vispras\u012bg\u0101kajiem kuc\u0113niem.<\/h3>\n<ul>\n<li>Royal Canin Mini Starter satur \u012bpa\u0161u m\u0101tes pien\u0101 atrodamo uzturvielu kombin\u0101ciju, kas papildin\u0101ta ar \u012bpa\u0161\u0101m uzturviel\u0101m.<a href=\"https:\/\/zooprekes24.lt\/lv\/?s=puppy&amp;post_type=product\" target=\"_blank\" rel=\"noopener\"> nodro\u0161ina optim\u0101lu kuc\u0113nu gremo\u0161anas funkciju<\/a> un stiprina organisma dabisk\u0101s aizsargsp\u0113jas.<\/li>\n<li><a href=\"https:\/\/www.youtube.com\/watch?v=FYwO1fiYoa8&amp;t=1s\" target=\"_blank\" rel=\"noopener\">Unik\u0101la p\u0101rtikas formula<\/a> piel\u0101gotas kuces lielaj\u0101m ener\u0123\u0113tiskaj\u0101m vajadz\u012bb\u0101m gr\u016btniec\u012bbas un lakt\u0101cijas laik\u0101.<\/li>\n<li>Augsta ener\u0123\u0113tisk\u0101 v\u0113rt\u012bba, augstas kvalit\u0101tes olbaltumvielas un tauki bar\u012bb\u0101 pal\u012bdz kuc\u0113niem p\u0101riet no m\u0101tes piena uz cieto bar\u012bbu.<\/li>\n<li>Granulu \u012bpa\u0161o tekst\u016bru var samitrin\u0101t un m\u012bkstin\u0101t l\u012bdz putras konsistencei.<\/li>\n<\/ul>\n<p><img loading=\"lazy\" decoding=\"async\" class=\"wp-image-9452\" src=\"https:\/\/zooprekes24.lt\/wp-content\/uploads\/mini-starter.png\" alt=\"Mini startera logotips\" width=\"280\" height=\"251\" \/><\/p>","protected":false},"excerpt":{"rendered":"<p>Royal Canin Mini Starter &#8211; specialiai subalansuotas sausas maistas ma\u017e\u0173 veisli\u0173 n\u0117\u0161\u010dioms ir \u017eindan\u010dioms kal\u0117ms (iki 10 kg) bei \u0161uniukams nuo 4 iki 8 savai\u010di\u0173 am\u017eiaus. Ypatingos gamybos granul\u0117s pritaikytos ma\u017eiems \u017eandikauliams bei gardus skonis, kuris patiks net i\u0161rankiausiems ma\u017eyliams. Royal Canin Mini Starter maisto sud\u0117tyje esantis ypatingas maistini\u0173 element\u0173, esan\u010di\u0173 motinos piene, derinys, pagerintas&#8230;<\/p>","protected":false},"featured_media":20039,"comment_status":"closed","ping_status":"closed","template":"","meta":{"_acf_changed":false,"slim_seo":{"title":"Royal Canin Mini Starter sausas maistas \u0161unims - Zooprekes24","description":"Royal Canin Mini Starter ir \u012bpa\u0161i sabalans\u0113ta saus\u0101 bar\u012bba maz\u0101m gr\u016bsn\u0101m un lakt\u0113jo\u0161\u0101m kuc\u0113m (l\u012bdz 10 kg) un kuc\u0113niem vecum\u0101 no 4 l\u012bdz 8 ned\u0113\u013c\u0101m."},"iawp_total_views":795},"product_brand":[],"product_cat":[9012,9002,8999,29,31],"product_tag":[176,177,200],"class_list":{"0":"post-23166","1":"product","2":"type-product","3":"status-publish","4":"has-post-thumbnail","6":"product_cat-royal-canin","7":"product_cat-sausas-maistas","8":"product_cat-sunims","9":"product_cat-sunu-maistas","10":"product_cat-sunu-prekiu-gamintojai","11":"product_tag-begrudis-sunu-maistas","12":"product_tag-edalas-sunims","13":"product_tag-super-premium-maistas-sunims","14":"pa_pasaro-sudetis-ryziai","15":"pa_pasaro-sudetis-vistiena","16":"pa_prekiu-zenklai-royal-canin","17":"pa_suns-amzius-jauniems","18":"pa_suns-amzius-suaugusiems","19":"pa_veisles-dydis-mazoms-veislems","20":"pa_veisles-dydis-vidutinems-veislems","22":"first","23":"instock","24":"taxable","25":"shipping-taxable","26":"purchasable","27":"product-type-variable"},"acf":[],"_links":{"self":[{"href":"https:\/\/zooprekes24.lt\/lv\/wp-json\/wp\/v2\/product\/23166","targetHints":{"allow":["GET"]}}],"collection":[{"href":"https:\/\/zooprekes24.lt\/lv\/wp-json\/wp\/v2\/product"}],"about":[{"href":"https:\/\/zooprekes24.lt\/lv\/wp-json\/wp\/v2\/types\/product"}],"replies":[{"embeddable":true,"href":"https:\/\/zooprekes24.lt\/lv\/wp-json\/wp\/v2\/comments?post=23166"}],"wp:featuredmedia":[{"embeddable":true,"href":"https:\/\/zooprekes24.lt\/lv\/wp-json\/wp\/v2\/media\/20039"}],"wp:attachment":[{"href":"https:\/\/zooprekes24.lt\/lv\/wp-json\/wp\/v2\/media?parent=23166"}],"wp:term":[{"taxonomy":"product_brand","embeddable":true,"href":"https:\/\/zooprekes24.lt\/lv\/wp-json\/wp\/v2\/product_brand?post=23166"},{"taxonomy":"product_cat","embeddable":true,"href":"https:\/\/zooprekes24.lt\/lv\/wp-json\/wp\/v2\/product_cat?post=23166"},{"taxonomy":"product_tag","embeddable":true,"href":"https:\/\/zooprekes24.lt\/lv\/wp-json\/wp\/v2\/product_tag?post=23166"}],"curies":[{"name":"wp","href":"https:\/\/api.w.org\/{rel}","templated":true}]}}