{"id":23163,"date":"2024-04-19T13:16:32","date_gmt":"2024-04-19T10:16:32","guid":{"rendered":"https:\/\/zooprekes24.lt\/produktas\/royal-canin-x-small-adult\/"},"modified":"2026-02-27T11:57:04","modified_gmt":"2026-02-27T09:57:04","slug":"royal-canin-x-small-adult","status":"publish","type":"product","link":"https:\/\/zooprekes24.lt\/lv\/produktas\/royal-canin-x-small-adult\/","title":{"rendered":"Royal Canin X Small Adult saus\u0101 bar\u012bba su\u0146iem"},"content":{"rendered":"<h3>Royal Canin X Small Adult - <a href=\"https:\/\/www.royalcanin.com\/lt\/tailored-nutrition\" target=\"_blank\" rel=\"noopener\">\u012bpa\u0161i sabalans\u0113ts<\/a> Saus\u0101 bar\u012bba pieaugu\u0161iem \u013coti mazu \u0161\u0137ir\u0146u su\u0146iem (l\u012bdz 4 kg) no 10 m\u0113ne\u0161u vecuma. Pal\u012bdz uztur\u0113t vesel\u012bgu m\u0101jdz\u012bvnieka ur\u012bnce\u013cu sist\u0113mu, mitrina ka\u017eoku un \u0101du un samazina zobu aplikumu.<\/h3>\n<ul>\n<li>Royal Canin X Small Adult satur patent\u0113tu antioksidantu kompleksu kop\u0101 ar prebiotik\u0101m, <a href=\"https:\/\/zooprekes24.lt\/lv\/?s=adult+small+breed&amp;post_type=product\" target=\"_blank\" rel=\"noopener\">stiprina su\u0146a dabisk\u0101s aizsargsp\u0113jas.<\/a><\/li>\n<li>Granulas ar rakstur\u012bgo formu un tekst\u016bru ir ne tikai gar\u0161\u012bgas, bet ar\u012b viegli kodamas un piem\u0113rotas maziem \u017eok\u013ciem.<\/li>\n<li><a href=\"https:\/\/www.youtube.com\/watch?v=FYwO1fiYoa8&amp;t=1s\" target=\"_blank\" rel=\"noopener\">\u012apa\u0161s p\u0101rtikas produktu sast\u0101vs<\/a> saglab\u0101 su\u0146a ka\u017eoka skaistumu un stiprina \u0101das dabiskos aizsarg\u0101jo\u0161os procesus.<\/li>\n<li>Uztur\u0101 eso\u0161ais n\u0101trija polifosf\u0101ts pal\u012bdz nov\u0113rst kalcija aplikuma veido\u0161anos uz zobiem. Turkl\u0101t, pateicoties unik\u0101lajai bar\u012bbas produkta formai, granulas meh\u0101niski att\u012bra zobus un samazina zobu aplikuma veido\u0161anos, kad t\u0101s tiek ko\u0161\u013c\u0101tas.<\/li>\n<\/ul>\n<p><img loading=\"lazy\" decoding=\"async\" class=\"wp-image-9445\" src=\"https:\/\/zooprekes24.lt\/wp-content\/uploads\/papiljonas-1.png\" alt=\"Papillon logotips\" width=\"291\" height=\"284\" \/><\/p>","protected":false},"excerpt":{"rendered":"<p>Royal Canin X Small Adult &#8211; specialiai subalansuotas suaugusi\u0173, labai ma\u017e\u0173 veisli\u0173\u00a0 (iki 4 kg) \u0161un\u0173 sausas maistas nuo 10 m\u0117nesi\u0173 am\u017eiaus. Padeda i\u0161laikyti sveik\u0105 augintinio \u0161lapimo sistemos veikl\u0105, dr\u0117kina kail\u012f ir od\u0105 bei ma\u017eina dant\u0173 apna\u0161\u0173 kiek\u012f. Royal Canin X Small Adult maisto sud\u0117tyje esantis patentuotas antioksidant\u0173 kompleksas, kartu su prebiotikais, stiprina nat\u016brali\u0105 \u0161uns&#8230;<\/p>","protected":false},"featured_media":28304,"comment_status":"closed","ping_status":"closed","template":"","meta":{"_acf_changed":false,"slim_seo":{"title":"Royal Canin X Small Adult sausas maistas \u0161unims - Zooprekes24","description":"Royal Canin X Small Adult ir \u012bpa\u0161i sabalans\u0113ta saus\u0101 bar\u012bba \u013coti mazu \u0161\u0137ir\u0146u (l\u012bdz 4 kg) pieaugu\u0161iem su\u0146iem no 10 m\u0113ne\u0161u vecuma. Pal\u012bdz uztur\u0113t vesel\u012bgu"},"iawp_total_views":150},"product_brand":[],"product_cat":[9012,9002,8999,29,31],"product_tag":[176,177,200],"class_list":{"0":"post-23163","1":"product","2":"type-product","3":"status-publish","4":"has-post-thumbnail","6":"product_cat-royal-canin","7":"product_cat-sausas-maistas","8":"product_cat-sunims","9":"product_cat-sunu-maistas","10":"product_cat-sunu-prekiu-gamintojai","11":"product_tag-begrudis-sunu-maistas","12":"product_tag-edalas-sunims","13":"product_tag-super-premium-maistas-sunims","14":"pa_pasaro-sudetis-ryziai","15":"pa_pasaro-sudetis-vistiena","16":"pa_prekiu-zenklai-royal-canin","17":"pa_suns-amzius-suaugusiems","18":"pa_veisles-dydis-mazoms-veislems","20":"first","21":"instock","22":"sale","23":"taxable","24":"shipping-taxable","25":"purchasable","26":"product-type-variable"},"acf":[],"_links":{"self":[{"href":"https:\/\/zooprekes24.lt\/lv\/wp-json\/wp\/v2\/product\/23163","targetHints":{"allow":["GET"]}}],"collection":[{"href":"https:\/\/zooprekes24.lt\/lv\/wp-json\/wp\/v2\/product"}],"about":[{"href":"https:\/\/zooprekes24.lt\/lv\/wp-json\/wp\/v2\/types\/product"}],"replies":[{"embeddable":true,"href":"https:\/\/zooprekes24.lt\/lv\/wp-json\/wp\/v2\/comments?post=23163"}],"wp:featuredmedia":[{"embeddable":true,"href":"https:\/\/zooprekes24.lt\/lv\/wp-json\/wp\/v2\/media\/28304"}],"wp:attachment":[{"href":"https:\/\/zooprekes24.lt\/lv\/wp-json\/wp\/v2\/media?parent=23163"}],"wp:term":[{"taxonomy":"product_brand","embeddable":true,"href":"https:\/\/zooprekes24.lt\/lv\/wp-json\/wp\/v2\/product_brand?post=23163"},{"taxonomy":"product_cat","embeddable":true,"href":"https:\/\/zooprekes24.lt\/lv\/wp-json\/wp\/v2\/product_cat?post=23163"},{"taxonomy":"product_tag","embeddable":true,"href":"https:\/\/zooprekes24.lt\/lv\/wp-json\/wp\/v2\/product_tag?post=23163"}],"curies":[{"name":"wp","href":"https:\/\/api.w.org\/{rel}","templated":true}]}}