{"id":23160,"date":"2024-04-19T13:16:32","date_gmt":"2024-04-19T10:16:32","guid":{"rendered":"https:\/\/zooprekes24.lt\/produktas\/royal-canin-x-small-puppy\/"},"modified":"2026-02-27T11:55:44","modified_gmt":"2026-02-27T09:55:44","slug":"royal-canin-x-mazais-kucens","status":"publish","type":"product","link":"https:\/\/zooprekes24.lt\/lv\/produktas\/royal-canin-x-small-puppy\/","title":{"rendered":"Royal Canin X Small Puppy saus\u0101 bar\u012bba kuc\u0113niem"},"content":{"rendered":"<h3>Royal Canin X Small Puppy - <a href=\"https:\/\/www.royalcanin.com\/lt\/tailored-nutrition\" target=\"_blank\" rel=\"noopener\">\u012bpa\u0161i sabalans\u0113ts<\/a> saus\u0101 bar\u012bba \u013coti maziem kuc\u0113niem (l\u012bdz 4 kg) l\u012bdz 10 m\u0113ne\u0161u vecumam. Pastiprina kuc\u0113na dabisko aizsargsp\u0113ju, l\u012bdzsvaro gremo\u0161anas trakta mikrofloru un samazina zobu aplikumu.<\/h3>\n<ul>\n<li>Royal Canin X Small Puppy satur patent\u0113tu antioksidantu kompleksu kop\u0101 ar prebiotik\u0101m, <a href=\"https:\/\/zooprekes24.lt\/lv\/?s=puppy+&amp;post_type=product\" target=\"_blank\" rel=\"noopener\">stiprina kuc\u0113na organisma dabisk\u0101s aizsargsp\u0113jas.<\/a><\/li>\n<li>Granulas ar rakstur\u012bgo formu un tekst\u016bru ir ne tikai gar\u0161\u012bgas, bet ar\u012b viegli kodamas un piem\u0113rotas maziem \u017eok\u013ciem.<\/li>\n<li><a href=\"https:\/\/www.youtube.com\/watch?v=FYwO1fiYoa8&amp;t=1s\" target=\"_blank\" rel=\"noopener\">\u012apa\u0161s p\u0101rtikas produktu sast\u0101vs<\/a> baro mazu kuc\u0113nu skaistumu un stiprina \u0101das dabiskos aizsarg\u0101jo\u0161os procesus.<\/li>\n<li>Augsti sagremojamu olbaltumvielu (LIP), koncentr\u0113tas ener\u0123ijas un Acti-Flora kompleksa (probioti\u0137i un platlapu plostkoksnes) kombin\u0101cija, kas nep\u0101rslogo ku\u0146\u0123i, nodro\u0161ina maksim\u0101lu gremo\u0161anas vesel\u012bbu jut\u012bgiem kuc\u0113niem.<\/li>\n<\/ul>\n<p><img loading=\"lazy\" decoding=\"async\" class=\"wp-image-9433\" src=\"https:\/\/zooprekes24.lt\/wp-content\/uploads\/df436b30c857a933803f02ff56273e02.png\" alt=\"Royal Canin X Small Puppy logo\" width=\"250\" height=\"283\" \/><\/p>","protected":false},"excerpt":{"rendered":"<p>Royal Canin X Small Puppy &#8211; specialiai subalansuotas labai ma\u017e\u0173 veisli\u0173 \u0161uniuk\u0173 (iki 4 kg) sausas maistas iki 10 m\u0117nesi\u0173 am\u017eiaus. Stiprina nat\u016brali\u0105 \u0161uniuko organizmo apsaug\u0105, subalansuoja vir\u0161kinamojo trakto mikroflor\u0105 bei ma\u017eina dant\u0173 apna\u0161\u0173 kiek\u012f. Royal Canin X Small Puppy maisto sud\u0117tyje esantis patentuotas antioksidant\u0173 kompleksas, kartu su prebiotikais, stiprina nat\u016brali\u0105 \u0161uniuko organizmo apsaug\u0105. I\u0161kirtin\u0117s&#8230;<\/p>","protected":false},"featured_media":20034,"comment_status":"closed","ping_status":"closed","template":"","meta":{"_acf_changed":false,"slim_seo":{"title":"Royal Canin X Small Puppy sausas maistas \u0161uniukams - Zooprekes24","description":"Royal Canin X Small Puppy ir \u012bpa\u0161i sabalans\u0113ta saus\u0101 bar\u012bba \u013coti maziem kuc\u0113niem (l\u012bdz 4 kg) vecum\u0101 l\u012bdz 10 m\u0113ne\u0161iem. Stiprina kuc\u0113na dabisko org"},"iawp_total_views":437},"product_brand":[],"product_cat":[9012,9002,8999,29,31],"product_tag":[176,177,200],"class_list":{"0":"post-23160","1":"product","2":"type-product","3":"status-publish","4":"has-post-thumbnail","6":"product_cat-royal-canin","7":"product_cat-sausas-maistas","8":"product_cat-sunims","9":"product_cat-sunu-maistas","10":"product_cat-sunu-prekiu-gamintojai","11":"product_tag-begrudis-sunu-maistas","12":"product_tag-edalas-sunims","13":"product_tag-super-premium-maistas-sunims","14":"pa_pasaro-sudetis-ryziai","15":"pa_pasaro-sudetis-vistiena","16":"pa_prekiu-zenklai-royal-canin","17":"pa_suns-amzius-jauniems","18":"pa_veisles-dydis-mazoms-veislems","20":"first","21":"instock","22":"sale","23":"taxable","24":"shipping-taxable","25":"purchasable","26":"product-type-variable"},"acf":[],"_links":{"self":[{"href":"https:\/\/zooprekes24.lt\/lv\/wp-json\/wp\/v2\/product\/23160","targetHints":{"allow":["GET"]}}],"collection":[{"href":"https:\/\/zooprekes24.lt\/lv\/wp-json\/wp\/v2\/product"}],"about":[{"href":"https:\/\/zooprekes24.lt\/lv\/wp-json\/wp\/v2\/types\/product"}],"replies":[{"embeddable":true,"href":"https:\/\/zooprekes24.lt\/lv\/wp-json\/wp\/v2\/comments?post=23160"}],"wp:featuredmedia":[{"embeddable":true,"href":"https:\/\/zooprekes24.lt\/lv\/wp-json\/wp\/v2\/media\/20034"}],"wp:attachment":[{"href":"https:\/\/zooprekes24.lt\/lv\/wp-json\/wp\/v2\/media?parent=23160"}],"wp:term":[{"taxonomy":"product_brand","embeddable":true,"href":"https:\/\/zooprekes24.lt\/lv\/wp-json\/wp\/v2\/product_brand?post=23160"},{"taxonomy":"product_cat","embeddable":true,"href":"https:\/\/zooprekes24.lt\/lv\/wp-json\/wp\/v2\/product_cat?post=23160"},{"taxonomy":"product_tag","embeddable":true,"href":"https:\/\/zooprekes24.lt\/lv\/wp-json\/wp\/v2\/product_tag?post=23160"}],"curies":[{"name":"wp","href":"https:\/\/api.w.org\/{rel}","templated":true}]}}