{"id":23158,"date":"2024-04-19T13:16:32","date_gmt":"2024-04-19T10:16:32","guid":{"rendered":"https:\/\/zooprekes24.lt\/produktas\/royal-canin-dachshund-adult-konservai\/"},"modified":"2025-12-30T16:16:27","modified_gmt":"2025-12-30T14:16:27","slug":"royal-canin-taksis-pieaugusajiem","status":"publish","type":"product","link":"https:\/\/zooprekes24.lt\/lv\/produktas\/royal-canin-dachshund-adult-konservai\/","title":{"rendered":"Royal Canin Dachshund Adult konservi su\u0146iem"},"content":{"rendered":"<h3>Royal Canin Dachshund Adult ir \u012bpa\u0161i izstr\u0101d\u0101ta un sabalans\u0113ta mitr\u0101 bar\u012bba pieaugu\u0161iem tak\u0161iem no 10 m\u0113ne\u0161u vecuma. T\u0101 satur sast\u0101vda\u013cas, kas stiprina su\u0146a loc\u012btavas, uztur pareizu musku\u013cu tonusu un nodro\u0161ina j\u016bsu m\u012blulim pilnv\u0113rt\u012bgu un vesel\u012bgu dz\u012bvi.<\/h3>\n<ul>\n<li>Glikozam\u012bna, hondroit\u012bna un augsta eikozapenta\u0113nisk\u0101s (EPA) un dokozaheksa\u0113nisk\u0101s (DHA) tauksk\u0101bju satura kombin\u0101cija stiprina tak\u0161u \u012bso ekstremit\u0101\u0161u loc\u012btavas (kur skrieme\u013ci ir pak\u013cauti lielam meh\u0101niskajam spiedienam) un uztur optim\u0101lu skrim\u0161\u013ca mitrin\u0101\u0161anu.<\/li>\n<li>Kvalitat\u012bvi prote\u012bni un <a href=\"https:\/\/www.youtube.com\/watch?v=FYwO1fiYoa8&amp;t=1s\" target=\"_blank\" rel=\"noopener\">\u012bpa\u0161i izv\u0113l\u0113ts sast\u0101vs<\/a> uztur j\u016bsu m\u012blu\u013ca musku\u013cu tonusu un nov\u0113r\u0161 liek\u0101 svara uzkr\u0101\u0161anos.<\/li>\n<li><a href=\"https:\/\/zooprekes24.lt\/lv\/kategorija\/prekes-sunims\/sunu-produktu-razotaji\/royal-canin-sunims\/\" target=\"_blank\" rel=\"noopener\">Royal Canin<\/a> Dachshund Adult unik\u0101l\u0101 konservu formula pal\u012bdz samazin\u0101t fek\u0101liju daudzumu un to nepat\u012bkamo smaku.<\/li>\n<\/ul>\n<p><img loading=\"lazy\" decoding=\"async\" class=\"alignnone wp-image-8707\" src=\"https:\/\/zooprekes24.lt\/wp-content\/uploads\/dachshund-adult-black-and-white.png\" alt=\"taksis-pieaugu\u0161ais-melnbalts-melnbalts\" width=\"349\" height=\"262\" \/><\/p>","protected":false},"excerpt":{"rendered":"<p>Royal Canin Dachshund Adult &#8211; specialiai sukurtas ir subalansuotas \u0161lapias \u0117dalas suaugusiems taksams nuo 10 m\u0117nesi\u0173 am\u017eiaus. Sud\u0117tyje esan\u010dios med\u017eiagos stiprina \u0161uns s\u0105narius, palaiko tinkam\u0105 raumen\u0173 tonus\u0105 ir u\u017etikrina pilnavert\u012f ir sveik\u0105 augintinio gyvenim\u0105. Gliukozamino, chondroitino junginys bei dideli eikozapentaeno (EPA) ir dokozaheksaeno (DHA) riebal\u0173 r\u016bg\u0161\u010di\u0173 kiekiai stiprina trump\u0173 taks\u0173 gal\u016bni\u0173 s\u0105narius (kuri\u0173 slanksteliai patiria&#8230;<\/p>","protected":false},"featured_media":20031,"comment_status":"closed","ping_status":"closed","template":"","meta":{"_acf_changed":false,"slim_seo":{"title":"Royal Canin Dachshund Adult konservai \u0161unims - Zooprekes24","description":"Royal Canin Dachshund Adult ir \u012bpa\u0161i izstr\u0101d\u0101ta un sabalans\u0113ta mitr\u0101 bar\u012bba pieaugu\u0161iem tak\u0161iem no 10 m\u0113ne\u0161u vecuma. Sast\u0101vda\u013cas satur sp\u0113c\u012bgas"},"iawp_total_views":150},"product_brand":[],"product_cat":[9012,9004,8999,29,31],"product_tag":[176,177,4086,200],"class_list":{"0":"post-23158","1":"product","2":"type-product","3":"status-publish","4":"has-post-thumbnail","6":"product_cat-royal-canin","7":"product_cat-slapias-maistas","8":"product_cat-sunims","9":"product_cat-sunu-maistas","10":"product_cat-sunu-prekiu-gamintojai","11":"product_tag-begrudis-sunu-maistas","12":"product_tag-edalas-sunims","13":"product_tag-royal-canin-maistas-taksui","14":"product_tag-super-premium-maistas-sunims","15":"pa_pasaro-sudetis-vistiena","16":"pa_prekiu-zenklai-royal-canin","17":"pa_suns-amzius-suaugusiems","18":"pa_veisles-dydis-mazoms-veislems","20":"first","21":"instock","22":"sale","23":"taxable","24":"shipping-taxable","25":"purchasable","26":"product-type-variable"},"acf":[],"_links":{"self":[{"href":"https:\/\/zooprekes24.lt\/lv\/wp-json\/wp\/v2\/product\/23158","targetHints":{"allow":["GET"]}}],"collection":[{"href":"https:\/\/zooprekes24.lt\/lv\/wp-json\/wp\/v2\/product"}],"about":[{"href":"https:\/\/zooprekes24.lt\/lv\/wp-json\/wp\/v2\/types\/product"}],"replies":[{"embeddable":true,"href":"https:\/\/zooprekes24.lt\/lv\/wp-json\/wp\/v2\/comments?post=23158"}],"wp:featuredmedia":[{"embeddable":true,"href":"https:\/\/zooprekes24.lt\/lv\/wp-json\/wp\/v2\/media\/20031"}],"wp:attachment":[{"href":"https:\/\/zooprekes24.lt\/lv\/wp-json\/wp\/v2\/media?parent=23158"}],"wp:term":[{"taxonomy":"product_brand","embeddable":true,"href":"https:\/\/zooprekes24.lt\/lv\/wp-json\/wp\/v2\/product_brand?post=23158"},{"taxonomy":"product_cat","embeddable":true,"href":"https:\/\/zooprekes24.lt\/lv\/wp-json\/wp\/v2\/product_cat?post=23158"},{"taxonomy":"product_tag","embeddable":true,"href":"https:\/\/zooprekes24.lt\/lv\/wp-json\/wp\/v2\/product_tag?post=23158"}],"curies":[{"name":"wp","href":"https:\/\/api.w.org\/{rel}","templated":true}]}}