{"id":23150,"date":"2024-04-19T13:16:32","date_gmt":"2024-04-19T10:16:32","guid":{"rendered":"https:\/\/zooprekes24.lt\/produktas\/royal-canin-yorkshire-terrier-konservai\/"},"modified":"2025-12-30T16:13:31","modified_gmt":"2025-12-30T14:13:31","slug":"royal-canin-jorksiras-terjers-konservi","status":"publish","type":"product","link":"https:\/\/zooprekes24.lt\/lv\/produktas\/royal-canin-yorkshire-terrier-konservai\/","title":{"rendered":"Royal Canin Jork\u0161\u012bras terjera pieaugu\u0161o konservu bar\u012bba su\u0146iem"},"content":{"rendered":"<h3>Royal Canin Yorkshire Terrier Adult ir \u012bpa\u0161i izstr\u0101d\u0101ta un sabalans\u0113ta mitr\u0101 bar\u012bba pieaugu\u0161iem Jork\u0161\u012bras terjeriem no 10 m\u0113ne\u0161u vecuma. Pal\u012bdz uztur\u0113t vesel\u012bgu \u0101du un sp\u012bd\u012bgu ka\u017eoku.<\/h3>\n<ul>\n<li><a href=\"https:\/\/zooprekes24.lt\/lv\/kategorija\/prekes-sunims\/sunu-produktu-razotaji\/royal-canin-sunims\/\" target=\"_blank\" rel=\"noopener\">Royal Canin <\/a>Konserv\u0113ta bar\u012bba satur \u012bpa\u0161u bar\u012bbas vielu kompleksu, kas pal\u012bdz uztur\u0113t j\u016bsu Jork\u0161\u012bras terjera \u0101du vesel\u012bgu un ka\u017eoku sp\u012bd\u012bgu.<\/li>\n<li>Apet\u012bta regul\u0113\u0161ana - pal\u012bdz nom\u0101kt Jork\u0161\u012bras terjeru \u0161\u0137irnes dz\u012bvnieku apet\u012bti.<\/li>\n<li>Royal Canin Jork\u0161\u012bras terjera pieaugu\u0161o bar\u012bba pal\u012bdz uztur\u0113t j\u016bsu m\u012blu\u013ca vesel\u012bgu svara pieaugumu.<\/li>\n<li><a href=\"https:\/\/www.youtube.com\/watch?v=FYwO1fiYoa8&amp;t=1s\" target=\"_blank\" rel=\"noopener\">Izcilu gar\u0161u kombin\u0101cija<\/a> apmierin\u0101s pat vispras\u012bg\u0101ko gard\u0113\u017eu apet\u012bti.<\/li>\n<\/ul>\n<p><img loading=\"lazy\" decoding=\"async\" class=\"alignnone wp-image-26178\" src=\"https:\/\/zooprekes24.lt\/wp-content\/uploads\/yorkshire-terrier.jpg\" alt=\"Royal Canin Jork\u0161\u012bras terjera logotips\" width=\"341\" height=\"256\" srcset=\"https:\/\/zooprekes24.lt\/wp-content\/uploads\/yorkshire-terrier.jpg 640w, https:\/\/zooprekes24.lt\/wp-content\/uploads\/yorkshire-terrier-300x225.jpg 300w, https:\/\/zooprekes24.lt\/wp-content\/uploads\/yorkshire-terrier-600x450.jpg 600w, https:\/\/zooprekes24.lt\/wp-content\/uploads\/yorkshire-terrier-64x48.jpg 64w\" sizes=\"auto, (max-width: 341px) 100vw, 341px\" \/><\/p>","protected":false},"excerpt":{"rendered":"<p>Royal Canin Yorkshire Terrier Adult &#8211; specialiai sukurtas ir subalansuotas \u0161lapias \u0117dalas suaugusiems Jork\u0161yr\u0173 terjer\u0173 veisl\u0117s \u0161unims nuo 10 m\u0117nesi\u0173 am\u017eiaus. Padeda i\u0161laikyti sveik\u0105 od\u0105 ir blizgant\u012f kail\u012f. Royal Canin konservuose yra ypatingas maistini\u0173 med\u017eiag\u0173 kompleksas, kuris padeda i\u0161laikyti sveik\u0105 Jork\u0161yro terjer\u0173 od\u0105 ir \u017evilgant\u012f kail\u012f. Apetito reguliavimas &#8211; padeda numal\u0161inti Jok\u0161yr\u0173 terjer\u0173 veisl\u0117s \u0161un\u0173&#8230;<\/p>","protected":false},"featured_media":20024,"comment_status":"closed","ping_status":"closed","template":"","meta":{"_acf_changed":false,"slim_seo":{"title":"Royal Canin Yorkshire Terrier Adult konservai \u0161unims - Zooprekes24","description":"Royal Canin Yorkshire Terrier Adult ir \u012bpa\u0161i izstr\u0101d\u0101ta un sabalans\u0113ta mitr\u0101 bar\u012bba pieaugu\u0161iem Jork\u0161\u012bras terjeriem no 10 m\u0113ne\u0161u vecuma. Pa"},"iawp_total_views":543},"product_brand":[],"product_cat":[9012,9004,8999,29,31],"product_tag":[177,2345,1407,200],"class_list":{"0":"post-23150","1":"product","2":"type-product","3":"status-publish","4":"has-post-thumbnail","6":"product_cat-royal-canin","7":"product_cat-slapias-maistas","8":"product_cat-sunims","9":"product_cat-sunu-maistas","10":"product_cat-sunu-prekiu-gamintojai","11":"product_tag-edalas-sunims","12":"product_tag-konservai-jorksyrui","13":"product_tag-royal-canin-jorksyrams","14":"product_tag-super-premium-maistas-sunims","15":"pa_pasaro-sudetis-kiauliena","16":"pa_pasaro-sudetis-vistiena","17":"pa_prekiu-zenklai-royal-canin","18":"pa_suns-amzius-suaugusiems","19":"pa_veisles-dydis-mazoms-veislems","21":"first","22":"instock","23":"sale","24":"taxable","25":"shipping-taxable","26":"purchasable","27":"product-type-variable"},"acf":[],"_links":{"self":[{"href":"https:\/\/zooprekes24.lt\/lv\/wp-json\/wp\/v2\/product\/23150","targetHints":{"allow":["GET"]}}],"collection":[{"href":"https:\/\/zooprekes24.lt\/lv\/wp-json\/wp\/v2\/product"}],"about":[{"href":"https:\/\/zooprekes24.lt\/lv\/wp-json\/wp\/v2\/types\/product"}],"replies":[{"embeddable":true,"href":"https:\/\/zooprekes24.lt\/lv\/wp-json\/wp\/v2\/comments?post=23150"}],"wp:featuredmedia":[{"embeddable":true,"href":"https:\/\/zooprekes24.lt\/lv\/wp-json\/wp\/v2\/media\/20024"}],"wp:attachment":[{"href":"https:\/\/zooprekes24.lt\/lv\/wp-json\/wp\/v2\/media?parent=23150"}],"wp:term":[{"taxonomy":"product_brand","embeddable":true,"href":"https:\/\/zooprekes24.lt\/lv\/wp-json\/wp\/v2\/product_brand?post=23150"},{"taxonomy":"product_cat","embeddable":true,"href":"https:\/\/zooprekes24.lt\/lv\/wp-json\/wp\/v2\/product_cat?post=23150"},{"taxonomy":"product_tag","embeddable":true,"href":"https:\/\/zooprekes24.lt\/lv\/wp-json\/wp\/v2\/product_tag?post=23150"}],"curies":[{"name":"wp","href":"https:\/\/api.w.org\/{rel}","templated":true}]}}