{"id":23147,"date":"2024-04-19T13:16:32","date_gmt":"2024-04-19T10:16:32","guid":{"rendered":"https:\/\/zooprekes24.lt\/produktas\/royal-canin-west-highland-white-terrier\/"},"modified":"2026-02-25T14:47:05","modified_gmt":"2026-02-25T12:47:05","slug":"royal-canin-rietumu-augstkalnu-baltais-terjers","status":"publish","type":"product","link":"https:\/\/zooprekes24.lt\/lv\/produktas\/royal-canin-west-highland-white-terrier\/","title":{"rendered":"Royal Canin Vesthailendas baltais terjers pieaugu\u0161ajiem saus\u0101 bar\u012bba su\u0146iem"},"content":{"rendered":"<h3>Royal Canin Vesthailendas baltais terjers pieaugu\u0161ajiem - <a href=\"https:\/\/www.royalcanin.com\/lt\/tailored-nutrition\" target=\"_blank\" rel=\"noopener\">pilnties\u012bgs<\/a> Saus\u0101 bar\u012bba Vesthailendas baltajiem terjeriem no 10 m\u0113ne\u0161u vecuma. \u012apa\u0161\u0101 formula pal\u012bdz kopt balto ka\u017eoku, pie\u0161\u0137irot tam \u012bpa\u0161u sp\u012bdumu un nepiecie\u0161amo mitrumu.<\/h3>\n<ul>\n<li><a href=\"https:\/\/zooprekes24.lt\/lv\/kategorija\/prekes-sunims\/sunu-produktu-razotaji\/royal-canin-sunims\/\" target=\"_blank\" rel=\"noopener\">Royal Canin<\/a> T\u0101 satur v\u0113rt\u012bgas aminosk\u0101bes vesel\u012bgam un bl\u012bvam ka\u017eokam. Gur\u0137u e\u013c\u013ca un lins\u0113klu tauksk\u0101bes pie\u0161\u0137ir ka\u017eokam \u012bpa\u0161u sp\u012bdumu un pal\u012bdz uztur\u0113t vesel\u012bgu un mitrin\u0101tu \u0101du.<\/li>\n<li>Ekskluz\u012bv\u0101 dab\u012bgo gar\u0161u kombin\u0101cija apmierina pat vispras\u012bg\u0101ko gard\u0113\u017eu vajadz\u012bbas.<\/li>\n<li>Kalcija kompleksoni un \u012bpa\u0161a grauzd\u0113t\u0101s bar\u012bbas konsistence nov\u0113r\u0161 zobakmens veido\u0161anos.<\/li>\n<li>Speci\u0101li Royal Canin Vesthailendas baltais terjers pieaugu\u0161ajiem <a href=\"https:\/\/www.youtube.com\/watch?v=FYwO1fiYoa8&amp;t=1s\" target=\"_blank\" rel=\"noopener\">p\u0101rtikas formula<\/a> stiprina su\u0146a \u0101das aizsargfunkcijas.<\/li>\n<\/ul>\n<p><img loading=\"lazy\" decoding=\"async\" class=\"alignnone wp-image-8839\" src=\"https:\/\/zooprekes24.lt\/wp-content\/uploads\/west-highland-white-terrier.png\" alt=\"rietumu augstienes un balt\u0101 terjera\" width=\"350\" height=\"262\" \/><\/p>","protected":false},"excerpt":{"rendered":"<p>Royal Canin West Highland White Terrier Adult &#8211; visavertis sausas maistas skirtas suagusiems vakar\u0173 \u0161kotijos baltiesiems terjerams nuo 10 m\u0117nesi\u0173 am\u017eiaus. Speciali maisto sud\u0117tis padeda puosel\u0117ti balt\u0105 kailiuk\u0105, suteikiant jam ypatingo \u017evilgesio ir reikiamos dr\u0117gm\u0117s. Royal Canin pa\u0161aro sud\u0117tyje yra verting\u0173 aminor\u016bg\u0161\u010di\u0173, reikaling\u0173 sveikam ir tankiam kailiui. Agurkl\u0117s aliejaus ir lin\u0173 s\u0117men\u0173 riebal\u0173 r\u016bg\u0161tys suteikia&#8230;<\/p>","protected":false},"featured_media":20022,"comment_status":"closed","ping_status":"closed","template":"","meta":{"_acf_changed":false,"slim_seo":{"title":"Royal Canin West Highland White Terrier Adult sausas maistas \u0161unims - Zooprekes24","description":"Royal Canin West Highland White Terrier Adult ir pilnv\u0113rt\u012bga saus\u0101 bar\u012bba pieaugu\u0161iem Vesthailendas baltajiem terjeriem no 10 m\u0113ne\u0161u vecuma. \u012apa\u0161i"},"iawp_total_views":213},"product_brand":[],"product_cat":[9012,9002,8999,29,31],"product_tag":[177,260,200],"class_list":{"0":"post-23147","1":"product","2":"type-product","3":"status-publish","4":"has-post-thumbnail","6":"product_cat-royal-canin","7":"product_cat-sausas-maistas","8":"product_cat-sunims","9":"product_cat-sunu-maistas","10":"product_cat-sunu-prekiu-gamintojai","11":"product_tag-edalas-sunims","12":"product_tag-maistas-alergiskiems-sunims","13":"product_tag-super-premium-maistas-sunims","14":"pa_pasaro-sudetis-ryziai","15":"pa_pasaro-sudetis-vistiena","16":"pa_prekiu-zenklai-royal-canin","17":"pa_suns-amzius-suaugusiems","18":"pa_veisles-dydis-mazoms-veislems","20":"first","21":"instock","22":"sale","23":"taxable","24":"shipping-taxable","25":"purchasable","26":"product-type-variable"},"acf":[],"_links":{"self":[{"href":"https:\/\/zooprekes24.lt\/lv\/wp-json\/wp\/v2\/product\/23147","targetHints":{"allow":["GET"]}}],"collection":[{"href":"https:\/\/zooprekes24.lt\/lv\/wp-json\/wp\/v2\/product"}],"about":[{"href":"https:\/\/zooprekes24.lt\/lv\/wp-json\/wp\/v2\/types\/product"}],"replies":[{"embeddable":true,"href":"https:\/\/zooprekes24.lt\/lv\/wp-json\/wp\/v2\/comments?post=23147"}],"wp:featuredmedia":[{"embeddable":true,"href":"https:\/\/zooprekes24.lt\/lv\/wp-json\/wp\/v2\/media\/20022"}],"wp:attachment":[{"href":"https:\/\/zooprekes24.lt\/lv\/wp-json\/wp\/v2\/media?parent=23147"}],"wp:term":[{"taxonomy":"product_brand","embeddable":true,"href":"https:\/\/zooprekes24.lt\/lv\/wp-json\/wp\/v2\/product_brand?post=23147"},{"taxonomy":"product_cat","embeddable":true,"href":"https:\/\/zooprekes24.lt\/lv\/wp-json\/wp\/v2\/product_cat?post=23147"},{"taxonomy":"product_tag","embeddable":true,"href":"https:\/\/zooprekes24.lt\/lv\/wp-json\/wp\/v2\/product_tag?post=23147"}],"curies":[{"name":"wp","href":"https:\/\/api.w.org\/{rel}","templated":true}]}}