{"id":23145,"date":"2024-04-19T13:16:22","date_gmt":"2024-04-19T10:16:22","guid":{"rendered":"https:\/\/zooprekes24.lt\/produktas\/royal-canin-pomeranian-adult\/"},"modified":"2026-02-27T11:47:07","modified_gmt":"2026-02-27T09:47:07","slug":"royal-canin-pomeranian-pieaugusajiem","status":"publish","type":"product","link":"https:\/\/zooprekes24.lt\/lv\/produktas\/royal-canin-pomeranian-adult\/","title":{"rendered":"Royal Canin Pomeranian Adult saus\u0101 bar\u012bba su\u0146iem"},"content":{"rendered":"<h3>Royal Canin Pomeranian Adult - <a href=\"https:\/\/www.royalcanin.com\/lt\/tailored-nutrition\" target=\"_blank\" rel=\"noopener\">pilnties\u012bgs<\/a> Saus\u0101 bar\u012bba pieaugu\u0161iem Pomer\u0101nijas \u0161piciem no 8 m\u0113ne\u0161u vecuma.<\/h3>\n<ul>\n<li>Bl\u012bvais apmatojums ar bag\u0101t\u012bgu apmatojumu ir br\u012bni\u0161\u0137\u012bga \u0161\u012bs \u0161\u0137irnes \u012bpa\u0161\u012bba, kas prasa \u012bpa\u0161u kop\u0161anu. T\u0101p\u0113c bar\u012bba ir bag\u0101tin\u0101ta ar augstu EPR, DHA un borage e\u013c\u013cas saturu, kas pal\u012bdz uztur\u0113t lielisku \u0161picu \u0101das vesel\u012bbu un uztur\u0113t t\u0101s lielisko izskatu. <a href=\"https:\/\/zooprekes24.lt\/lv\/products\/canina-biotina-forte-tabletes\/\" target=\"_blank\" rel=\"noopener\">pies\u0101tina ka\u017eoku ar nepiecie\u0161amo mitruma daudzumu.<\/a>.<\/li>\n<li>Royal Canin Pomeranian Adult sabalans\u0113tais \u0161\u0137iedrvielu mais\u012bjums pal\u012bdz uztur\u0113t j\u016bsu m\u012blu\u013ca optim\u0101lu zarnu darb\u012bbu.<\/li>\n<li>Granulu forma, lielums un strukt\u016bra <a href=\"https:\/\/www.youtube.com\/watch?v=FYwO1fiYoa8&amp;t=1s\" target=\"_blank\" rel=\"noopener\">\u012bpa\u0161i piel\u0101gots maziem su\u0146u \u017eok\u013ciem<\/a>. Pateicoties kalcija helatoriem, \u0161\u012b \u012bpa\u0161\u0101 formula pal\u012bdz samazin\u0101t zobakmens veido\u0161anos, t\u0101d\u0113j\u0101di nodro\u0161inot izcilu zobu un mutes dobuma higi\u0113nu.<\/li>\n<\/ul>\n<p><img loading=\"lazy\" decoding=\"async\" class=\"alignnone wp-image-8824\" src=\"https:\/\/zooprekes24.lt\/wp-content\/uploads\/pomeranian-adult.png\" alt=\"pomer\u0101nijas-pieaugu\u0161o\" width=\"350\" height=\"288\" \/><\/p>","protected":false},"excerpt":{"rendered":"<p>Royal Canin Pomeranian Adult &#8211; visavertis sausas maistas suaugusiems Pomeranijos veisl\u0117s \u0161picams nuo 8 m\u0117nesi\u0173 am\u017eiaus. Tankus kailis su gausia povilne yra nuostabus \u0161ios veisl\u0117s \u0161uns bruo\u017eas kuris reikalauja ypatingos prie\u017ei\u016bros. B\u016btent tod\u0117l maisto sud\u0117tis praturtinta dideliu EPR, DHR ir agurkl\u0117s aliejaus kiekiu, kuris padeda palaikyti puikia \u0161pico odos sveikat\u0105 ir prisotina kailiuk\u0105 reikalingu dr\u0117gm\u0117s&#8230;<\/p>","protected":false},"featured_media":20020,"comment_status":"closed","ping_status":"closed","template":"","meta":{"_acf_changed":false,"slim_seo":{"title":"Royal Canin Pomeranian Adult sausas maistas \u0161unims - Zooprekes24","description":"Royal Canin Pomeranian Adult - pilnv\u0113rt\u012bga saus\u0101 bar\u012bba pieaugu\u0161iem pomer\u0101nijas \u0161piciem no 8 m\u0113ne\u0161u vecuma. Bl\u012bvs ka\u017eoks ar bag\u0101t\u012bgu apmatojumu ir konsekventi"},"iawp_total_views":588},"product_brand":[],"product_cat":[9012,9002,8999,29,31],"product_tag":[176,177,4024,4025,200],"class_list":{"0":"post-23145","1":"product","2":"type-product","3":"status-publish","4":"has-post-thumbnail","6":"product_cat-royal-canin","7":"product_cat-sausas-maistas","8":"product_cat-sunims","9":"product_cat-sunu-maistas","10":"product_cat-sunu-prekiu-gamintojai","11":"product_tag-begrudis-sunu-maistas","12":"product_tag-edalas-sunims","13":"product_tag-royal-canin-pomeranijos-spicui","14":"product_tag-royal-canin-sausas-maistas-spicams","15":"product_tag-super-premium-maistas-sunims","16":"pa_pasaro-sudetis-ryziai","17":"pa_pasaro-sudetis-vistiena","18":"pa_prekiu-zenklai-royal-canin","19":"pa_suns-amzius-suaugusiems","20":"pa_veisles-dydis-mazoms-veislems","22":"first","23":"instock","24":"sale","25":"taxable","26":"shipping-taxable","27":"purchasable","28":"product-type-variable"},"acf":[],"_links":{"self":[{"href":"https:\/\/zooprekes24.lt\/lv\/wp-json\/wp\/v2\/product\/23145","targetHints":{"allow":["GET"]}}],"collection":[{"href":"https:\/\/zooprekes24.lt\/lv\/wp-json\/wp\/v2\/product"}],"about":[{"href":"https:\/\/zooprekes24.lt\/lv\/wp-json\/wp\/v2\/types\/product"}],"replies":[{"embeddable":true,"href":"https:\/\/zooprekes24.lt\/lv\/wp-json\/wp\/v2\/comments?post=23145"}],"wp:featuredmedia":[{"embeddable":true,"href":"https:\/\/zooprekes24.lt\/lv\/wp-json\/wp\/v2\/media\/20020"}],"wp:attachment":[{"href":"https:\/\/zooprekes24.lt\/lv\/wp-json\/wp\/v2\/media?parent=23145"}],"wp:term":[{"taxonomy":"product_brand","embeddable":true,"href":"https:\/\/zooprekes24.lt\/lv\/wp-json\/wp\/v2\/product_brand?post=23145"},{"taxonomy":"product_cat","embeddable":true,"href":"https:\/\/zooprekes24.lt\/lv\/wp-json\/wp\/v2\/product_cat?post=23145"},{"taxonomy":"product_tag","embeddable":true,"href":"https:\/\/zooprekes24.lt\/lv\/wp-json\/wp\/v2\/product_tag?post=23145"}],"curies":[{"name":"wp","href":"https:\/\/api.w.org\/{rel}","templated":true}]}}