{"id":23142,"date":"2024-04-19T13:16:22","date_gmt":"2024-04-19T10:16:22","guid":{"rendered":"https:\/\/zooprekes24.lt\/produktas\/royal-canin-maltese-adult\/"},"modified":"2026-02-27T11:41:41","modified_gmt":"2026-02-27T09:41:41","slug":"royal-canin-maltiesu-skirnes-suns-pieaugusajiem","status":"publish","type":"product","link":"https:\/\/zooprekes24.lt\/lv\/produktas\/royal-canin-maltese-adult\/","title":{"rendered":"Royal Canin Maltese Adult saus\u0101 bar\u012bba su\u0146iem"},"content":{"rendered":"<h3>Royal Canin Maltas maltie\u0161u \u0161\u0137irnes pieaugu\u0161ajiem - <a href=\"https:\/\/www.royalcanin.com\/lt\/tailored-nutrition\" target=\"_blank\" rel=\"noopener\">pilnties\u012bgs<\/a> Saus\u0101 bar\u012bba pieaugu\u0161iem Maltas bi\u0161oniem no 10 m\u0113ne\u0161u vecuma. Pateicoties unik\u0101lai gar\u0161u kombin\u0101cijai, \u0161\u012b formula apmierin\u0101s pat vispras\u012bg\u0101ko su\u0146u apet\u012bti.<\/h3>\n<ul>\n<li>\u012apa\u0161ais <a href=\"https:\/\/zooprekes24.lt\/lv\/kategorija\/prekes-sunims\/sunu-produktu-razotaji\/royal-canin-sunims\/\" target=\"_blank\" rel=\"noopener\">Royal Canin<\/a> Granulu forma mudina Maltas bi\u0161onus ko\u0161\u013c\u0101t, un bar\u012bb\u0101 eso\u0161ais n\u0101trija polifosf\u0101ts samazina aplikuma veido\u0161anos.<\/li>\n<li>Borage e\u013c\u013ca pal\u012bdz barot garo ka\u017eoku, kam nepiecie\u0161ama \u012bpa\u0161a kop\u0161ana. Omega 3 (EPR\/DHA) un Omega 6 tauksk\u0101bes \u0161aj\u0101 ekskluz\u012bvaj\u0101 sast\u0101v\u0101 uztur j\u016bsu m\u012blu\u013ca ka\u017eoka balto kr\u0101su.<\/li>\n<li>Royal Canin Maltese Adult bar\u012bba pal\u012bdz samazin\u0101t izk\u0101rn\u012bjumu daudzumu un to nepat\u012bkamo smaku.<\/li>\n<\/ul>\n<p><img loading=\"lazy\" decoding=\"async\" class=\"wp-image-9359\" src=\"https:\/\/zooprekes24.lt\/wp-content\/uploads\/Maltese.png\" alt=\"Maltas logotips\" width=\"270\" height=\"270\" \/><\/p>","protected":false},"excerpt":{"rendered":"<p>Royal Canin Maltese Adult &#8211; visavertis sausas maistas skirtas suaugusiems Maltos bi\u0161on\u0173 veisl\u0117s \u0161unims nuo 10 m\u0117nesi\u0173. D\u0117l i\u0161skirtinio skoni\u0173 derinio \u0161i formul\u0117 patenkins net i\u0161rankiausio \u0161uns apetit\u0105. Ypatinga Royal Canin granul\u0117s forma skatina Maltos bi\u0161onus kramtyti, o maisto sud\u0117tyje esantis natrio polifosfatas ma\u017eina dant\u0173 apna\u0161\u0173 kiek\u012f. Agurkli\u0173 aliejus padeda puosel\u0117ti ilg\u0105 ir ypatingos prie\u017ei\u016bros&#8230;<\/p>","protected":false},"featured_media":20017,"comment_status":"closed","ping_status":"closed","template":"","meta":{"_acf_changed":false,"slim_seo":{"title":"Royal Canin Maltese Adult sausas maistas \u0161unims - Zooprekes24","description":"Royal Canin Maltese Adult ir pilnv\u0113rt\u012bga saus\u0101 bar\u012bba pieaugu\u0161iem Maltas bi\u0161oniem no 10 m\u0113ne\u0161u vecuma. \u0160\u012b formula ir piem\u0113rota visu vecumu su\u0146u bar\u012bbai."},"iawp_total_views":132},"product_brand":[],"product_cat":[9012,9002,8999,29,31],"product_tag":[176,177,4009,200],"class_list":{"0":"post-23142","1":"product","2":"type-product","3":"status-publish","4":"has-post-thumbnail","6":"product_cat-royal-canin","7":"product_cat-sausas-maistas","8":"product_cat-sunims","9":"product_cat-sunu-maistas","10":"product_cat-sunu-prekiu-gamintojai","11":"product_tag-begrudis-sunu-maistas","12":"product_tag-edalas-sunims","13":"product_tag-royal-canin-maltos-bisonams","14":"product_tag-super-premium-maistas-sunims","15":"pa_pasaro-sudetis-ryziai","16":"pa_pasaro-sudetis-vistiena","17":"pa_prekiu-zenklai-royal-canin","18":"pa_suns-amzius-suaugusiems","19":"pa_veisles-dydis-mazoms-veislems","21":"first","22":"instock","23":"sale","24":"taxable","25":"shipping-taxable","26":"purchasable","27":"product-type-variable"},"acf":[],"_links":{"self":[{"href":"https:\/\/zooprekes24.lt\/lv\/wp-json\/wp\/v2\/product\/23142","targetHints":{"allow":["GET"]}}],"collection":[{"href":"https:\/\/zooprekes24.lt\/lv\/wp-json\/wp\/v2\/product"}],"about":[{"href":"https:\/\/zooprekes24.lt\/lv\/wp-json\/wp\/v2\/types\/product"}],"replies":[{"embeddable":true,"href":"https:\/\/zooprekes24.lt\/lv\/wp-json\/wp\/v2\/comments?post=23142"}],"wp:featuredmedia":[{"embeddable":true,"href":"https:\/\/zooprekes24.lt\/lv\/wp-json\/wp\/v2\/media\/20017"}],"wp:attachment":[{"href":"https:\/\/zooprekes24.lt\/lv\/wp-json\/wp\/v2\/media?parent=23142"}],"wp:term":[{"taxonomy":"product_brand","embeddable":true,"href":"https:\/\/zooprekes24.lt\/lv\/wp-json\/wp\/v2\/product_brand?post=23142"},{"taxonomy":"product_cat","embeddable":true,"href":"https:\/\/zooprekes24.lt\/lv\/wp-json\/wp\/v2\/product_cat?post=23142"},{"taxonomy":"product_tag","embeddable":true,"href":"https:\/\/zooprekes24.lt\/lv\/wp-json\/wp\/v2\/product_tag?post=23142"}],"curies":[{"name":"wp","href":"https:\/\/api.w.org\/{rel}","templated":true}]}}