{"id":23139,"date":"2024-04-19T13:16:22","date_gmt":"2024-04-19T10:16:22","guid":{"rendered":"https:\/\/zooprekes24.lt\/produktas\/royal-canin-labrador-retriever-puppy\/"},"modified":"2026-02-27T11:27:54","modified_gmt":"2026-02-27T09:27:54","slug":"royal-canin-labrador-retriever-puppy","status":"publish","type":"product","link":"https:\/\/zooprekes24.lt\/lv\/produktas\/royal-canin-labrador-retriever-puppy\/","title":{"rendered":"Royal Canin Labrador Retriever Puppy saus\u0101 bar\u012bba kuc\u0113niem"},"content":{"rendered":"<h3>Royal Canin Labrador Retriever Puppy &#8211; <a href=\"https:\/\/www.royalcanin.com\/lt\/tailored-nutrition\" target=\"_blank\" rel=\"noopener\">pilnties\u012bgs<\/a> Saus\u0101 bar\u012bba, kas \u012bpa\u0161i sabalans\u0113ta jaunajiem labradoru retr\u012bveriem no 2-15 m\u0113ne\u0161u vecuma. Piel\u0101gotais ener\u0123\u0113tisk\u0101s v\u0113rt\u012bbas, olbaltumvielu, kalcija un fosfora saturs pal\u012bdz veidot vesel\u012bgus un sp\u0113c\u012bgus Labradoras retr\u012bveru kuc\u0113nu kaulus. \u012apa\u0161\u0101 formula pal\u012bdz stiprin\u0101t imunit\u0101ti un nodro\u0161ina teicamu gremo\u0161anu.<\/h3>\n<ul>\n<li><a href=\"https:\/\/zooprekes24.lt\/lv\/kategorija\/prekes-sunims\/sunu-produktu-razotaji\/royal-canin-sunims\/\" target=\"_blank\" rel=\"noopener\">Royal Canin<\/a> stiprina jaun\u0101 kuc\u0113na organisma dabisk\u0101s aizsargsp\u0113jas.<\/li>\n<li>Piel\u0101gota ener\u0123\u0113tisk\u0101 v\u0113rt\u012bba, olbaltumvielas, kalcijs un fosfors, kas pal\u012bdz veidot vesel\u012bgus un stiprus kaulus labradoru retr\u012bveru kuc\u0113niem. Hondroit\u012bns, glikozam\u012bns un eikozapenta\u0113nsk\u0101bes (EPA) un dokozaheksa\u0113nsk\u0101bes (DHA) stiprina kuc\u0113na loc\u012btavas jau agr\u012bn\u0101 vecum\u0101.<\/li>\n<li>Tas pal\u012bdz uztur\u0113t labradoru retr\u012bvju kuc\u0113nu ide\u0101lo svaru jau no agra vecuma.<\/li>\n<li>Royal Canin Labrador Retriever Puppy satur prebiotikas un platlapu plostkoku, kas veicina zarnu floras l\u012bdzsvaru.<\/li>\n<\/ul>\n<p><img loading=\"lazy\" decoding=\"async\" class=\"wp-image-9357\" src=\"https:\/\/zooprekes24.lt\/wp-content\/uploads\/rc_pup.jpg\" alt=\"Labradora kuc\u0113na logotips\" width=\"200\" height=\"295\" \/><\/p>","protected":false},"excerpt":{"rendered":"<p>Royal Canin Labrador Retriever Puppy &#8211; visavertis sausas maistas, specialiai subalansuotas jauniems Labradoro retriveriams nuo 2-15 m\u0117nesi\u0173 am\u017eiaus. Pritaikytas energijos kiekis, baltymai, kalcis ir fosforas padeda formuotis sveikiems ir stipriems Labradoro retriveri\u0173 \u0161uniuk\u0173 kaulams. Ypatingos maisto formul\u0117s d\u0117ka stiprinamas imunitetas, u\u017etikrinamas puikus vir\u0161kinimas. Royal Canin stiprina nat\u016brali\u0105 jauno \u0161uniuko organizmo apsaug\u0105. Pritaikytas energijos kiekis, baltymai,&#8230;<\/p>","protected":false},"featured_media":20015,"comment_status":"closed","ping_status":"closed","template":"","meta":{"_acf_changed":false,"slim_seo":{"title":"Royal Canin Labrador Retriever Puppy sausas maistas \u0161uniukams - Zooprekes24","description":"Royal Canin Labrador Retriever Puppy - visavertis sausas maistas, specialiai subalansuotas jauniems Labradoro retriveriams nuo 2-15 m\u0117nesi\u0173 am\u017eiaus. Pritaikytas"},"iawp_total_views":201},"product_brand":[],"product_cat":[9012,9002,8999,29,31],"product_tag":[177,3748,200],"class_list":{"0":"post-23139","1":"product","2":"type-product","3":"status-publish","4":"has-post-thumbnail","6":"product_cat-royal-canin","7":"product_cat-sausas-maistas","8":"product_cat-sunims","9":"product_cat-sunu-maistas","10":"product_cat-sunu-prekiu-gamintojai","11":"product_tag-edalas-sunims","12":"product_tag-royal-canin-labradorams","13":"product_tag-super-premium-maistas-sunims","14":"pa_pasaro-sudetis-ryziai","15":"pa_pasaro-sudetis-vistiena","16":"pa_prekiu-zenklai-royal-canin","17":"pa_suns-amzius-jauniems","18":"pa_veisles-dydis-didelems-veislems","20":"first","21":"instock","22":"sale","23":"taxable","24":"shipping-taxable","25":"purchasable","26":"product-type-variable"},"acf":[],"_links":{"self":[{"href":"https:\/\/zooprekes24.lt\/lv\/wp-json\/wp\/v2\/product\/23139","targetHints":{"allow":["GET"]}}],"collection":[{"href":"https:\/\/zooprekes24.lt\/lv\/wp-json\/wp\/v2\/product"}],"about":[{"href":"https:\/\/zooprekes24.lt\/lv\/wp-json\/wp\/v2\/types\/product"}],"replies":[{"embeddable":true,"href":"https:\/\/zooprekes24.lt\/lv\/wp-json\/wp\/v2\/comments?post=23139"}],"wp:featuredmedia":[{"embeddable":true,"href":"https:\/\/zooprekes24.lt\/lv\/wp-json\/wp\/v2\/media\/20015"}],"wp:attachment":[{"href":"https:\/\/zooprekes24.lt\/lv\/wp-json\/wp\/v2\/media?parent=23139"}],"wp:term":[{"taxonomy":"product_brand","embeddable":true,"href":"https:\/\/zooprekes24.lt\/lv\/wp-json\/wp\/v2\/product_brand?post=23139"},{"taxonomy":"product_cat","embeddable":true,"href":"https:\/\/zooprekes24.lt\/lv\/wp-json\/wp\/v2\/product_cat?post=23139"},{"taxonomy":"product_tag","embeddable":true,"href":"https:\/\/zooprekes24.lt\/lv\/wp-json\/wp\/v2\/product_tag?post=23139"}],"curies":[{"name":"wp","href":"https:\/\/api.w.org\/{rel}","templated":true}]}}