{"id":23135,"date":"2024-04-19T13:16:22","date_gmt":"2024-04-19T10:16:22","guid":{"rendered":"https:\/\/zooprekes24.lt\/produktas\/royal-canin-yorkshire-terrier-puppy\/"},"modified":"2026-02-27T11:20:31","modified_gmt":"2026-02-27T09:20:31","slug":"royal-canin-jorksiras-terjera-kucens","status":"publish","type":"product","link":"https:\/\/zooprekes24.lt\/lv\/produktas\/royal-canin-yorkshire-terrier-puppy\/","title":{"rendered":"Royal Canin Jork\u0161\u012bras terjera kuc\u0113nu saus\u0101 bar\u012bba kuc\u0113niem"},"content":{"rendered":"<h3>Royal Canin Jork\u0161\u012bras terjera kuc\u0113ns - <a href=\"https:\/\/www.royalcanin.com\/lt\/tailored-nutrition\" target=\"_blank\" rel=\"noopener\">pilnties\u012bgs<\/a>\u00a0 Bar\u012bba Jork\u0161\u012bras terjeriem no 2 l\u012bdz 10 m\u0113ne\u0161u vecumam. T\u0101 nodro\u0161ina optim\u0101lu gremo\u0161anas trakta darb\u012bbu un pal\u012bdz uztur\u0113t organisma dabisk\u0101s aizsargsp\u0113jas. Piem\u0113rota pat vispras\u012bg\u0101kajiem mazajiem gard\u0113\u017eiem.<\/h3>\n<ul>\n<li><a href=\"https:\/\/zooprekes24.lt\/lv\/kategorija\/prekes-sunims\/sunu-produktu-razotaji\/royal-canin-sunims\/\" target=\"_blank\" rel=\"noopener\">Royal Canin<\/a> Augsts tauku un optim\u0101ls olbaltumvielu saturs atbilst su\u0146u \u012bs\u0101 un intens\u012bv\u0101 aug\u0161anas perioda vajadz\u012bb\u0101m.<\/li>\n<li>Bag\u0101tin\u0101ta ar borage e\u013c\u013cu, tauksk\u0101b\u0113m un vitam\u012bniem, kas mitrina kuc\u0113na \u0101du un padara t\u0101 ka\u017eoku sp\u012bd\u012bgu un m\u012bkstu.<\/li>\n<li>Royal Canin Jork\u0161\u012bras terjera kuc\u0113na unik\u0101l\u0101 formula nodro\u0161ina optim\u0101lu gremo\u0161anas funkciju un samazina ekskrementu daudzumu un smaku.<\/li>\n<li><a href=\"https:\/\/www.youtube.com\/watch?v=FYwO1fiYoa8&amp;t=1s\" target=\"_blank\" rel=\"noopener\">Izcilu gar\u0161u kombin\u0101cija<\/a> apmierina pat vispras\u012bg\u0101ko mazo gard\u0113\u017eu apet\u012bti.<\/li>\n<li>Helat\u0113jo\u0161ie l\u012bdzek\u013ci nov\u0113r\u0161 zobakmens veido\u0161anos.<\/li>\n<\/ul>\n<p><img loading=\"lazy\" decoding=\"async\" class=\"alignnone wp-image-26178\" src=\"https:\/\/zooprekes24.lt\/wp-content\/uploads\/yorkshire-terrier.jpg\" alt=\"Royal Canin Jork\u0161\u012bras terjera logotips\" width=\"340\" height=\"255\" srcset=\"https:\/\/zooprekes24.lt\/wp-content\/uploads\/yorkshire-terrier.jpg 640w, https:\/\/zooprekes24.lt\/wp-content\/uploads\/yorkshire-terrier-300x225.jpg 300w, https:\/\/zooprekes24.lt\/wp-content\/uploads\/yorkshire-terrier-600x450.jpg 600w, https:\/\/zooprekes24.lt\/wp-content\/uploads\/yorkshire-terrier-64x48.jpg 64w\" sizes=\"auto, (max-width: 340px) 100vw, 340px\" \/><\/p>","protected":false},"excerpt":{"rendered":"<p>Royal Canin Yorkshire Terrier Puppy &#8211; visavertis\u00a0 \u0161un\u0173 maistas skirtas Jork\u0161yro terjerams nuo 2-10 m\u0117nesi\u0173 am\u017eiaus. U\u017etikrina optimali\u0105 vir\u0161kinamojo trakto veikl\u0105 bei padeda i\u0161laikyti nat\u016brali\u0105 organizmo apsaug\u0105. Tinka net ir i\u0161rankiausiems ma\u017eiesiems gurmanams. Royal Canin sud\u0117tyje didelis riebal\u0173 ir optimalus baltym\u0173 kiekis patenkina trumpo ir intensyvaus \u0161un\u0173 augimo laikotarpio poreikius. Maisto sud\u0117tis praturtinta agurkli\u0173 aliejumi,&#8230;<\/p>","protected":false},"featured_media":20013,"comment_status":"closed","ping_status":"closed","template":"","meta":{"_acf_changed":false,"slim_seo":{"title":"Royal Canin Yorkshire Terrier Puppy sausas maistas \u0161uniukams - Zooprekes24","description":"Royal Canin Jork\u0161\u012bras terjera kuc\u0113ns ir pilnv\u0113rt\u012bga bar\u012bba 2-10 m\u0113ne\u0161us veciem Jork\u0161\u012bras terjeriem. T\u0101 nodro\u0161ina optim\u0101lu gremo\u0161anas trakta vesel\u012bbu"},"iawp_total_views":230},"product_brand":[],"product_cat":[9012,9002,8999,29,31],"product_tag":[176,177,1407,200],"class_list":{"0":"post-23135","1":"product","2":"type-product","3":"status-publish","4":"has-post-thumbnail","6":"product_cat-royal-canin","7":"product_cat-sausas-maistas","8":"product_cat-sunims","9":"product_cat-sunu-maistas","10":"product_cat-sunu-prekiu-gamintojai","11":"product_tag-begrudis-sunu-maistas","12":"product_tag-edalas-sunims","13":"product_tag-royal-canin-jorksyrams","14":"product_tag-super-premium-maistas-sunims","15":"pa_pasaro-sudetis-ryziai","16":"pa_pasaro-sudetis-vistiena","17":"pa_prekiu-zenklai-royal-canin","18":"pa_suns-amzius-jauniems","19":"pa_veisles-dydis-mazoms-veislems","21":"first","22":"instock","23":"sale","24":"taxable","25":"shipping-taxable","26":"purchasable","27":"product-type-variable"},"acf":[],"_links":{"self":[{"href":"https:\/\/zooprekes24.lt\/lv\/wp-json\/wp\/v2\/product\/23135","targetHints":{"allow":["GET"]}}],"collection":[{"href":"https:\/\/zooprekes24.lt\/lv\/wp-json\/wp\/v2\/product"}],"about":[{"href":"https:\/\/zooprekes24.lt\/lv\/wp-json\/wp\/v2\/types\/product"}],"replies":[{"embeddable":true,"href":"https:\/\/zooprekes24.lt\/lv\/wp-json\/wp\/v2\/comments?post=23135"}],"wp:featuredmedia":[{"embeddable":true,"href":"https:\/\/zooprekes24.lt\/lv\/wp-json\/wp\/v2\/media\/20013"}],"wp:attachment":[{"href":"https:\/\/zooprekes24.lt\/lv\/wp-json\/wp\/v2\/media?parent=23135"}],"wp:term":[{"taxonomy":"product_brand","embeddable":true,"href":"https:\/\/zooprekes24.lt\/lv\/wp-json\/wp\/v2\/product_brand?post=23135"},{"taxonomy":"product_cat","embeddable":true,"href":"https:\/\/zooprekes24.lt\/lv\/wp-json\/wp\/v2\/product_cat?post=23135"},{"taxonomy":"product_tag","embeddable":true,"href":"https:\/\/zooprekes24.lt\/lv\/wp-json\/wp\/v2\/product_tag?post=23135"}],"curies":[{"name":"wp","href":"https:\/\/api.w.org\/{rel}","templated":true}]}}