{"id":23128,"date":"2024-04-19T13:16:22","date_gmt":"2024-04-19T10:16:22","guid":{"rendered":"https:\/\/zooprekes24.lt\/produktas\/royal-canin-dachshund-adult\/"},"modified":"2025-12-29T16:42:40","modified_gmt":"2025-12-29T14:42:40","slug":"royal-canin-dachshund-adult","status":"publish","type":"product","link":"https:\/\/zooprekes24.lt\/lv\/produktas\/royal-canin-dachshund-adult\/","title":{"rendered":"Royal Canin Dachshund Adult saus\u0101 bar\u012bba su\u0146iem"},"content":{"rendered":"<h3>Royal Canin Dachshund Adult &#8211; subalansuotas maistas <a href=\"https:\/\/youtu.be\/GKCgkzx7SS8\" target=\"_blank\" rel=\"noopener\">pieaugu\u0161iem tak\u0161iem<\/a>b\u0113rniem, kas vec\u0101ki par 10 m\u0113ne\u0161iem. \u0160\u012bs formulas sast\u0101vda\u013cas stiprina su\u0146a loc\u012btavas, uztur pareizu musku\u013cu tonusu un nodro\u0161ina j\u016bsu m\u012blulim pilnv\u0113rt\u012bgu un vesel\u012bgu dz\u012bvi.<\/h3>\n<ul>\n<li><a href=\"https:\/\/zooprekes24.lt\/lv\/kategorija\/prekes-sunims\/sunu-produktu-razotaji\/royal-canin-sunims\/\" target=\"_blank\" rel=\"noopener\">Royal Canin<\/a> Dachshund Adult unik\u0101l\u0101 bar\u012bbas formula pal\u012bdz samazin\u0101t izk\u0101rn\u012bjumu daudzumu un to nepat\u012bkamo smaku.<\/li>\n<li>Glikozam\u012bna, hondroit\u012bna un augsta eikozapenta\u0113nisk\u0101s (EPA) un dokozaheksa\u0113nisk\u0101s (DHA) tauksk\u0101bju satura kombin\u0101cija stiprina tak\u0161u \u012bso ekstremit\u0101\u0161u loc\u012btavas (kur skrieme\u013ci ir pak\u013cauti lielam meh\u0101niskajam spiedienam) un uztur optim\u0101lu skrim\u0161\u013ca mitrin\u0101\u0161anu.<\/li>\n<li>Augstas kvalit\u0101tes olbaltumvielas un \u012bpa\u0161i izv\u0113l\u0113ts sast\u0101vs veicina j\u016bsu m\u012blu\u013ca musku\u013cu tonusu un nov\u0113r\u0161 liek\u0101 svara veido\u0161anos.<\/li>\n<\/ul>\n<p><img loading=\"lazy\" decoding=\"async\" class=\"alignnone wp-image-8707\" src=\"https:\/\/zooprekes24.lt\/wp-content\/uploads\/dachshund-adult-black-and-white.png\" alt=\"taksis-pieaugu\u0161ais-melnbalts-melnbalts\" width=\"423\" height=\"317\" \/><\/p>","protected":false},"excerpt":{"rendered":"<p>Royal Canin Dachshund Adult &#8211; subalansuotas maistas suaugusiems taksams, vyresniems nei 10 m\u0117nesi\u0173 am\u017eiaus. Sud\u0117tyje esan\u010dios med\u017eiagos stiprina \u0161uns s\u0105narius, palaiko tinkam\u0105 raumen\u0173 tonus\u0105 ir u\u017etikrina pilnavert\u012f ir sveik\u0105 augintinio gyvenim\u0105. Royal Canin Dachshund Adult unikali maisto formul\u0117 padeda ma\u017einti i\u0161mat\u0173 kiek\u012f ir j\u0173 nemalon\u0173 kvap\u0105. Gliukozamino, chondroitino junginys bei dideli eikozapentaeno (EPA) ir dokozaheksaeno&#8230;<\/p>","protected":false},"featured_media":20009,"comment_status":"closed","ping_status":"closed","template":"","meta":{"_acf_changed":false,"slim_seo":{"title":"Royal Canin Dachshund Adult sausas maistas \u0161unims - Zooprekes24","description":"Royal Canin Dachshund Adult - subalansuotas maistas suaugusiems taksams , vyresniems nei 10 m\u0117nesi\u0173 am\u017eiaus. Sud\u0117tyje esan\u010dios med\u017eiagos stiprina \u0161uns s\u0105narius,"},"iawp_total_views":291},"product_brand":[],"product_cat":[9012,9002,8999,29,31],"product_tag":[176,177,200],"class_list":{"0":"post-23128","1":"product","2":"type-product","3":"status-publish","4":"has-post-thumbnail","6":"product_cat-royal-canin","7":"product_cat-sausas-maistas","8":"product_cat-sunims","9":"product_cat-sunu-maistas","10":"product_cat-sunu-prekiu-gamintojai","11":"product_tag-begrudis-sunu-maistas","12":"product_tag-edalas-sunims","13":"product_tag-super-premium-maistas-sunims","14":"pa_pasaro-sudetis-ryziai","15":"pa_pasaro-sudetis-vistiena","16":"pa_prekiu-zenklai-royal-canin","17":"pa_suns-amzius-suaugusiems","18":"pa_veisles-dydis-mazoms-veislems","19":"pa_veisles-dydis-vidutinems-veislems","21":"first","22":"instock","23":"sale","24":"taxable","25":"shipping-taxable","26":"purchasable","27":"product-type-variable"},"acf":[],"_links":{"self":[{"href":"https:\/\/zooprekes24.lt\/lv\/wp-json\/wp\/v2\/product\/23128","targetHints":{"allow":["GET"]}}],"collection":[{"href":"https:\/\/zooprekes24.lt\/lv\/wp-json\/wp\/v2\/product"}],"about":[{"href":"https:\/\/zooprekes24.lt\/lv\/wp-json\/wp\/v2\/types\/product"}],"replies":[{"embeddable":true,"href":"https:\/\/zooprekes24.lt\/lv\/wp-json\/wp\/v2\/comments?post=23128"}],"wp:featuredmedia":[{"embeddable":true,"href":"https:\/\/zooprekes24.lt\/lv\/wp-json\/wp\/v2\/media\/20009"}],"wp:attachment":[{"href":"https:\/\/zooprekes24.lt\/lv\/wp-json\/wp\/v2\/media?parent=23128"}],"wp:term":[{"taxonomy":"product_brand","embeddable":true,"href":"https:\/\/zooprekes24.lt\/lv\/wp-json\/wp\/v2\/product_brand?post=23128"},{"taxonomy":"product_cat","embeddable":true,"href":"https:\/\/zooprekes24.lt\/lv\/wp-json\/wp\/v2\/product_cat?post=23128"},{"taxonomy":"product_tag","embeddable":true,"href":"https:\/\/zooprekes24.lt\/lv\/wp-json\/wp\/v2\/product_tag?post=23128"}],"curies":[{"name":"wp","href":"https:\/\/api.w.org\/{rel}","templated":true}]}}