{"id":23125,"date":"2024-04-19T13:15:36","date_gmt":"2024-04-19T10:15:36","guid":{"rendered":"https:\/\/zooprekes24.lt\/produktas\/royal-canin-chihuahua-adult\/"},"modified":"2026-02-25T15:34:06","modified_gmt":"2026-02-25T13:34:06","slug":"royal-canin-civava-pieaugusajiem-2","status":"publish","type":"product","link":"https:\/\/zooprekes24.lt\/lv\/produktas\/royal-canin-chihuahua-adult\/","title":{"rendered":"Royal Canin Chihuahua Adult saus\u0101 bar\u012bba su\u0146iem"},"content":{"rendered":"<h3>Royal Canin Chihuahua Adult - pilnv\u0113rt\u012bga sabalans\u0113ta bar\u012bba <a href=\"https:\/\/youtu.be\/q8DnVZND5vo\" target=\"_blank\" rel=\"noopener\">pieaugu\u0161ajiem Chihuahua<\/a> su\u0146iem no 8 m\u0113ne\u0161u vecuma. Ekskluz\u012bva formula ar atlas\u012btiem dab\u012bgiem arom\u0101tiem un piem\u0113rota lieluma un formas granul\u0101m, kas apmierina pat vispras\u012bg\u0101ko \u010divavu apet\u012bti.<\/h3>\n<ul>\n<li>Fek\u0101liju un smakas samazin\u0101\u0161ana - samazina fek\u0101liju daudzumu un nepat\u012bkamo smaku.<\/li>\n<li>Zobakmens veido\u0161an\u0101s profilakse. Helat\u0113jo\u0161\u0101s vielas un \u012bpa\u0161i izstr\u0101d\u0101tas granulas nov\u0113r\u0161 zobakmens veido\u0161anos.<\/li>\n<li>\u012apa\u0161i miniat\u016braj\u0101m \u017eok\u013ciem. Granulas, kas piel\u0101gotas \u013coti mazajiem \u010divavu \u017eok\u013ciem.<\/li>\n<li><a href=\"https:\/\/zooprekes24.lt\/lv\/kategorija\/prekes-sunims\/sunu-produktu-razotaji\/royal-canin-sunims\/\" target=\"_blank\" rel=\"noopener\">Izcilu gar\u0161u kombin\u0101cija<\/a> apmierina pat vispras\u012bg\u0101ko gard\u0113\u017eu apet\u012bti.<\/li>\n<\/ul>\n<p><img loading=\"lazy\" decoding=\"async\" class=\"wp-image-8949\" src=\"https:\/\/zooprekes24.lt\/wp-content\/uploads\/bd6h-chihuahua-adult-in-black-and-white-1-1.png\" alt=\"\u010civava\" width=\"349\" height=\"262\" \/><\/p>","protected":false},"excerpt":{"rendered":"<p>Royal Canin Chihuahua Adult &#8211; visavertis subalansuotas \u0117dalas suaugusiems \u010cihuahua veisl\u0117s \u0161unims nuo 8 m\u0117nesi\u0173 am\u017eiaus. I\u0161skirtin\u0117 formul\u0117 su parinktais nat\u016braliais kvapais bei atitinkamo dyd\u017eio ir formos granul\u0117mis kurios patenkins net i\u0161rankiausi\u0173 \u010cihuahua \u0161un\u0173 apetit\u0105. I\u0161mat\u0173 ir kvapo ma\u017einimas \u2013 ma\u017eina i\u0161mat\u0173 kiek\u012f ir nemalon\u0173 kvap\u0105. Apsauga nuo dant\u0173 akmen\u0173 susidarymo. Chelatin\u0117s med\u017eiagos ir specialiai&#8230;<\/p>","protected":false},"featured_media":20007,"comment_status":"closed","ping_status":"closed","template":"","meta":{"_acf_changed":false,"slim_seo":{"title":"Royal Canin Chihuahua Adult sausas maistas \u0161unims - Zooprekes24","description":"Royal Canin Chihuahua Adult ir pilnv\u0113rt\u012bga, sabalans\u0113ta bar\u012bba pieaugu\u0161\u0101m \u010divav\u0101m no 8 m\u0113ne\u0161u vecuma. Ekskluz\u012bva formula ar atlas\u012bt\u0101m sast\u0101vda\u013c\u0101m"},"iawp_total_views":304},"product_brand":[],"product_cat":[9012,9002,8999,29,31],"product_tag":[176,177,200],"class_list":{"0":"post-23125","1":"product","2":"type-product","3":"status-publish","4":"has-post-thumbnail","6":"product_cat-royal-canin","7":"product_cat-sausas-maistas","8":"product_cat-sunims","9":"product_cat-sunu-maistas","10":"product_cat-sunu-prekiu-gamintojai","11":"product_tag-begrudis-sunu-maistas","12":"product_tag-edalas-sunims","13":"product_tag-super-premium-maistas-sunims","14":"pa_pasaro-sudetis-ryziai","15":"pa_pasaro-sudetis-vistiena","16":"pa_prekiu-zenklai-royal-canin","17":"pa_suns-amzius-suaugusiems","18":"pa_veisles-dydis-mazoms-veislems","20":"first","21":"instock","22":"sale","23":"taxable","24":"shipping-taxable","25":"purchasable","26":"product-type-variable"},"acf":[],"_links":{"self":[{"href":"https:\/\/zooprekes24.lt\/lv\/wp-json\/wp\/v2\/product\/23125","targetHints":{"allow":["GET"]}}],"collection":[{"href":"https:\/\/zooprekes24.lt\/lv\/wp-json\/wp\/v2\/product"}],"about":[{"href":"https:\/\/zooprekes24.lt\/lv\/wp-json\/wp\/v2\/types\/product"}],"replies":[{"embeddable":true,"href":"https:\/\/zooprekes24.lt\/lv\/wp-json\/wp\/v2\/comments?post=23125"}],"wp:featuredmedia":[{"embeddable":true,"href":"https:\/\/zooprekes24.lt\/lv\/wp-json\/wp\/v2\/media\/20007"}],"wp:attachment":[{"href":"https:\/\/zooprekes24.lt\/lv\/wp-json\/wp\/v2\/media?parent=23125"}],"wp:term":[{"taxonomy":"product_brand","embeddable":true,"href":"https:\/\/zooprekes24.lt\/lv\/wp-json\/wp\/v2\/product_brand?post=23125"},{"taxonomy":"product_cat","embeddable":true,"href":"https:\/\/zooprekes24.lt\/lv\/wp-json\/wp\/v2\/product_cat?post=23125"},{"taxonomy":"product_tag","embeddable":true,"href":"https:\/\/zooprekes24.lt\/lv\/wp-json\/wp\/v2\/product_tag?post=23125"}],"curies":[{"name":"wp","href":"https:\/\/api.w.org\/{rel}","templated":true}]}}