{"id":23122,"date":"2024-04-19T13:15:36","date_gmt":"2024-04-19T10:15:36","guid":{"rendered":"https:\/\/zooprekes24.lt\/produktas\/royal-canin-beagle-adult\/"},"modified":"2026-02-25T15:03:33","modified_gmt":"2026-02-25T13:03:33","slug":"royal-canin-beagle-pieaugusajiem","status":"publish","type":"product","link":"https:\/\/zooprekes24.lt\/lv\/produktas\/royal-canin-beagle-adult\/","title":{"rendered":"Royal Canin Beagle Adult saus\u0101 bar\u012bba su\u0146iem"},"content":{"rendered":"<h3>Royal Canin Beagle Adult ir pilnv\u0113rt\u012bga saus\u0101 bar\u012bba pieaugu\u0161iem b\u012bgliem. Pat <a href=\"https:\/\/www.youtube.com\/watch?reload=9&amp;reload=9&amp;v=FYwO1fiYoa8\" target=\"_blank\" rel=\"noopener noreferrer\">vispras\u012bg\u0101kajiem su\u0146iem<\/a> J\u016bsu izv\u0113l\u0113t\u0101 bar\u012bba ir sabalans\u0113ta, lai uztur\u0113tu j\u016bsu m\u012blu\u013ca ide\u0101lo svaru. \u012apa\u0161i piel\u0101gota granulu tekst\u016bra.<\/h3>\n<ul>\n<li>Izcila granulu tekst\u016bra. \u0160\u012bs su\u0146u bar\u012bbas granulu tekst\u016bra un sast\u0101vs ir \u012bpa\u0161i piel\u0101gots lielaj\u0101m su\u0146u \u0161\u0137irn\u0113m.<\/li>\n<li>P\u0101rtikas daudzuma kontrole. Granulu forma pal\u012bdz samazin\u0101t ap\u0113st\u0101 bar\u012bbas daudzuma daudzumu un veicina ko\u0161\u013c\u0101\u0161anu. \u0160\u012b formula ir bag\u0101tin\u0101ta ar da\u017e\u0101d\u0101m \u0161\u0137iedrviel\u0101m.<\/li>\n<li>Stipri kauli un loc\u012btavas. \u012apa\u0161a formula stiprina kaulus un loc\u012btavas un uztur ide\u0101lu svaru. <a href=\"https:\/\/zooprekes24.lt\/lv\/kategorija\/prekes-sunims\/sunu-produktu-razotaji\/royal-canin-sunims\/\" target=\"_blank\" rel=\"noopener\">Royal Canin<\/a> Bag\u0101tin\u0101ts ar EPA un DHA tauksk\u0101b\u0113m.<\/li>\n<li><a href=\"https:\/\/www.royalcanin.com\/lt\/about-us\/quality-and-food-safety\" target=\"_blank\" rel=\"noopener noreferrer\">Izcilu gar\u0161u kombin\u0101cija<\/a> apmierina pat vispras\u012bg\u0101ko apet\u012bti.<\/li>\n<\/ul>\n<p><img loading=\"lazy\" decoding=\"async\" class=\"alignnone wp-image-8664\" src=\"https:\/\/zooprekes24.lt\/wp-content\/uploads\/RC-biglis.png\" alt=\"RC biglis\" width=\"400\" height=\"266\" \/><\/p>","protected":false},"excerpt":{"rendered":"<p>Royal Canin Beagle Adult &#8211; visavertis sausas maistas skirtas suaugusiems Bigli\u0173 veisl\u0117s \u0161unims. Net ir i\u0161rankiausiems \u0161unims patinkantis maistas subalansuotas taip, kad b\u016bt\u0173 palaikomas idealus augintinio svoris. Specialiai pritaikyta granuli\u0173 tekst\u016bra. I\u0161skirtin\u0117 granuli\u0173 tekst\u016bra.\u00a0\u0160io \u0161un\u0173 maisto\u00a0granul\u0117s tekst\u016bra ir sud\u0117tis specialiai pritaikyta bigli\u0173 veisl\u0117s \u0161unims. Maisto kiekio kontrol\u0117.\u00a0Granuli\u0173 forma\u00a0padeda suma\u017einti suvalgomo maisto kiek\u012f ir skatina kramtym\u0105.\u00a0\u0160i&#8230;<\/p>","protected":false},"featured_media":20005,"comment_status":"closed","ping_status":"closed","template":"","meta":{"_acf_changed":false,"slim_seo":{"title":"Royal Canin Beagle Adult sausas maistas \u0161unims - Zooprekes24","description":"Royal Canin Beagle Adult ir pilnv\u0113rt\u012bga saus\u0101 bar\u012bba pieaugu\u0161iem b\u012bgliem. Bar\u012bba ir sabalans\u0113ta, lai apmierin\u0101tu pat vispras\u012bg\u0101kos su\u0146us."},"iawp_total_views":207},"product_brand":[],"product_cat":[9012,9002,8999,29,31],"product_tag":[176,177,3871,200],"class_list":{"0":"post-23122","1":"product","2":"type-product","3":"status-publish","4":"has-post-thumbnail","6":"product_cat-royal-canin","7":"product_cat-sausas-maistas","8":"product_cat-sunims","9":"product_cat-sunu-maistas","10":"product_cat-sunu-prekiu-gamintojai","11":"product_tag-begrudis-sunu-maistas","12":"product_tag-edalas-sunims","13":"product_tag-royal-bigliui","14":"product_tag-super-premium-maistas-sunims","15":"pa_pasaro-sudetis-ryziai","16":"pa_pasaro-sudetis-vistiena","17":"pa_prekiu-zenklai-royal-canin","18":"pa_suns-amzius-suaugusiems","19":"pa_veisles-dydis-mazoms-veislems","20":"pa_veisles-dydis-vidutinems-veislems","22":"first","23":"instock","24":"sale","25":"taxable","26":"shipping-taxable","27":"purchasable","28":"product-type-variable"},"acf":[],"_links":{"self":[{"href":"https:\/\/zooprekes24.lt\/lv\/wp-json\/wp\/v2\/product\/23122","targetHints":{"allow":["GET"]}}],"collection":[{"href":"https:\/\/zooprekes24.lt\/lv\/wp-json\/wp\/v2\/product"}],"about":[{"href":"https:\/\/zooprekes24.lt\/lv\/wp-json\/wp\/v2\/types\/product"}],"replies":[{"embeddable":true,"href":"https:\/\/zooprekes24.lt\/lv\/wp-json\/wp\/v2\/comments?post=23122"}],"wp:featuredmedia":[{"embeddable":true,"href":"https:\/\/zooprekes24.lt\/lv\/wp-json\/wp\/v2\/media\/20005"}],"wp:attachment":[{"href":"https:\/\/zooprekes24.lt\/lv\/wp-json\/wp\/v2\/media?parent=23122"}],"wp:term":[{"taxonomy":"product_brand","embeddable":true,"href":"https:\/\/zooprekes24.lt\/lv\/wp-json\/wp\/v2\/product_brand?post=23122"},{"taxonomy":"product_cat","embeddable":true,"href":"https:\/\/zooprekes24.lt\/lv\/wp-json\/wp\/v2\/product_cat?post=23122"},{"taxonomy":"product_tag","embeddable":true,"href":"https:\/\/zooprekes24.lt\/lv\/wp-json\/wp\/v2\/product_tag?post=23122"}],"curies":[{"name":"wp","href":"https:\/\/api.w.org\/{rel}","templated":true}]}}