{"id":23087,"date":"2024-04-19T13:15:15","date_gmt":"2024-04-19T10:15:15","guid":{"rendered":"https:\/\/zooprekes24.lt\/produktas\/royal-canin-french-bulldog-adult\/"},"modified":"2026-02-27T10:58:20","modified_gmt":"2026-02-27T08:58:20","slug":"royal-canin-francu-buldogs-pieaugusajiem","status":"publish","type":"product","link":"https:\/\/zooprekes24.lt\/lv\/produktas\/royal-canin-french-bulldog-adult\/","title":{"rendered":"Royal Canin Fran\u010du buldogu pieaugu\u0161o saus\u0101 bar\u012bba su\u0146iem"},"content":{"rendered":"<h3>Royal Canin French Bulldog Adult ir pilnv\u0113rt\u012bga saus\u0101 bar\u012bba pieaugu\u0161iem fran\u010du buldogiem. T\u0101 stiprina akt\u012bvo su\u0146u dabisk\u0101s aizsargsp\u0113jas un pal\u012bdz saglab\u0101t to dz\u012bvesprieku vecumdien\u0101s. Pal\u012bdz uztur\u0113t labu loc\u012btavu vesel\u012bbu un dabisko ka\u017eoka skaistumu.<\/h3>\n<ul>\n<li>French Bulldog Adult, ar optim\u0101lu olbaltumvielu saturu un L-karnit\u012bnu, pal\u012bdz uztur\u0113t musku\u013cu masu un\u00a0<a href=\"https:\/\/www.royalcanin.com\/lt\/dogs\/weight-management\" target=\"_blank\" rel=\"noopener\">uzlabo vielmai\u0146u.<\/a><\/li>\n<li>Sast\u0101v no viegli uzs\u016bco\u0161\u0101m olbaltumviel\u0101m un oligosahar\u012bdiem (FOS), kas nodro\u0161ina optim\u0101lu gremo\u0161anas funkciju un zarnu floras l\u012bdzsvaru. Tas ar\u012b pal\u012bdz samazin\u0101t zarnu ferment\u0101ciju, kas izraisa v\u0113dera p\u016b\u0161anos un nepat\u012bkamas smakas izk\u0101rn\u012bjumus.<\/li>\n<li>Vitam\u012bnu komplekts pal\u012bdz uztur\u0113t vesel\u012bgu \u0101du un <a href=\"https:\/\/zooprekes24.lt\/lv\/products\/brit-care-lassi-ella\/\" target=\"_blank\" rel=\"noopener\">sp\u012bd\u012bgs ka\u017eoks<\/a>.<\/li>\n<li>Royal Canin French Bulldog Adult granulu \u012bpa\u0161\u0101 forma atvieglo j\u016bsu sunim bar\u012bbas pa\u0146em\u0161anu. Granulu lielums un konsistence veicina ko\u0161\u013c\u0101\u0161anu un uzlabo mutes dobuma un zobu higi\u0113nu.<\/li>\n<\/ul>\n<p><img loading=\"lazy\" decoding=\"async\" class=\"\" src=\"https:\/\/zooprekes24.lt\/wp-content\/uploads\/bd12o-hub-french-bulldog-adult-black-and-white-5.jpeg\" width=\"350\" height=\"350\" \/><\/p>","protected":false},"excerpt":{"rendered":"<p>Royal Canin French Bulldog Adult &#8211; visavertis sausas maistas, skirtas suaugusiems Pranc\u016bz\u0173 buldogams. Stiprina nat\u016brali\u0105 aktyvi\u0173 \u0161un\u0173 organizmo apsaug\u0105 ir padeda i\u0161likti gyvybingiems vyresniems \u0161unims. Padeda i\u0161laikyti ger\u0105 s\u0105nari\u0173 b\u016bkl\u0119 bei nat\u016bral\u0173 kailio gro\u017e\u012f. French Bulldog Adult, kurio sud\u0117tyje esantys optimalus baltym\u0173 kiekis ir L-karnitinas,\u00a0padeda i\u0161laikyti raumen\u0173 mas\u0119\u00a0bei\u00a0gerina med\u017eiag\u0173 apykait\u0105. Sudarytas i\u0161 lengvai \u012fsisavinam\u0173 baltym\u0173&#8230;<\/p>","protected":false},"featured_media":20003,"comment_status":"closed","ping_status":"closed","template":"","meta":{"_acf_changed":false,"slim_seo":{"title":"Royal Canin French Bulldog Adult sausas maistas \u0161unims - Zooprekes24","description":"Royal Canin French Bulldog Adult ir pilnv\u0113rt\u012bga saus\u0101 bar\u012bba pieaugu\u0161iem fran\u010du buldogiem. T\u0101 stiprina akt\u012bvo su\u0146u dabisko aizsargsp\u0113ju un pal\u012bdz uztur\u0113t"},"iawp_total_views":308},"product_brand":[],"product_cat":[9012,9002,8999,29,31],"product_tag":[176,177,3768,200],"class_list":{"0":"post-23087","1":"product","2":"type-product","3":"status-publish","4":"has-post-thumbnail","6":"product_cat-royal-canin","7":"product_cat-sausas-maistas","8":"product_cat-sunims","9":"product_cat-sunu-maistas","10":"product_cat-sunu-prekiu-gamintojai","11":"product_tag-begrudis-sunu-maistas","12":"product_tag-edalas-sunims","13":"product_tag-royal-canin-prancuzu-buldogui","14":"product_tag-super-premium-maistas-sunims","15":"pa_pasaro-sudetis-ryziai","16":"pa_pasaro-sudetis-vistiena","17":"pa_prekiu-zenklai-royal-canin","18":"pa_suns-amzius-suaugusiems","19":"pa_veisles-dydis-mazoms-veislems","21":"first","22":"instock","23":"sale","24":"featured","25":"taxable","26":"shipping-taxable","27":"purchasable","28":"product-type-variable"},"acf":[],"_links":{"self":[{"href":"https:\/\/zooprekes24.lt\/lv\/wp-json\/wp\/v2\/product\/23087","targetHints":{"allow":["GET"]}}],"collection":[{"href":"https:\/\/zooprekes24.lt\/lv\/wp-json\/wp\/v2\/product"}],"about":[{"href":"https:\/\/zooprekes24.lt\/lv\/wp-json\/wp\/v2\/types\/product"}],"replies":[{"embeddable":true,"href":"https:\/\/zooprekes24.lt\/lv\/wp-json\/wp\/v2\/comments?post=23087"}],"wp:featuredmedia":[{"embeddable":true,"href":"https:\/\/zooprekes24.lt\/lv\/wp-json\/wp\/v2\/media\/20003"}],"wp:attachment":[{"href":"https:\/\/zooprekes24.lt\/lv\/wp-json\/wp\/v2\/media?parent=23087"}],"wp:term":[{"taxonomy":"product_brand","embeddable":true,"href":"https:\/\/zooprekes24.lt\/lv\/wp-json\/wp\/v2\/product_brand?post=23087"},{"taxonomy":"product_cat","embeddable":true,"href":"https:\/\/zooprekes24.lt\/lv\/wp-json\/wp\/v2\/product_cat?post=23087"},{"taxonomy":"product_tag","embeddable":true,"href":"https:\/\/zooprekes24.lt\/lv\/wp-json\/wp\/v2\/product_tag?post=23087"}],"curies":[{"name":"wp","href":"https:\/\/api.w.org\/{rel}","templated":true}]}}