{"id":23086,"date":"2024-04-19T13:15:15","date_gmt":"2024-04-19T10:15:15","guid":{"rendered":"https:\/\/zooprekes24.lt\/produktas\/anju-beaute-blancheur\/"},"modified":"2024-09-10T16:02:19","modified_gmt":"2024-09-10T13:02:19","slug":"anzu-beaute-blancheur","status":"publish","type":"product","link":"https:\/\/zooprekes24.lt\/lv\/produktas\/anju-beaute-blancheur\/","title":{"rendered":"Anju Beaut\u00e9 Blancheur toniz\u0113jo\u0161ais \u0161amp\u016bns"},"content":{"rendered":"<h3>Balstoties uz jaun\u0101kajiem sasniegumiem kosmetolo\u0123ij\u0101, Anju Beaut\u00e9 Paris laboratorija ir izstr\u0101d\u0101jusi ekskluz\u012bvu augst\u0101k\u0101s kvalit\u0101tes skaistumkop\u0161anas produktu kl\u0101stu. Anju Beaut\u00e9 Blancheur sast\u0101v\u0101 eso\u0161\u0101s sast\u0101vda\u013cas ir augu izcelsmes, videi draudz\u012bgas un dermatolo\u0123iski piem\u0113rotas pat jut\u012bg\u0101kajiem m\u0101jdz\u012bvniekiem.<\/h3>\n<ul>\n<li>Ra\u017eots Francij\u0101 \ud83c\uddeb\ud83c\uddf7<\/li>\n<li><a href=\"https:\/\/www.youtube.com\/watch?v=AD0U3KNTpSA\" target=\"_blank\" rel=\"noopener\">Anju Beaut\u00e9 Blancheur<\/a> Pro-vitam\u012bni uzlabo sp\u012bdumu un pie\u0161\u0137ir ka\u017eokam mitrumu.<\/li>\n<li>Toniz\u0113jo\u0161s kumulat\u012bvais efekts - regul\u0101ri lietojot, ka\u017eoka baltums saglab\u0101jas ilg\u0101k.<\/li>\n<li>Profesion\u0101la fran\u010du kosm\u0113tikas l\u012bnija baltmatainiem vai gai\u0161as kr\u0101sas su\u0146iem un ka\u0137iem.<\/li>\n<li>Kr\u0101su pastiprina amfoterisk\u0101s mitrino\u0161\u0101s da\u013ci\u0146as, kas pal\u012bdz matiem saglab\u0101t kr\u0101sas molekulas mazg\u0101\u0161anas un \u017e\u0101v\u0113\u0161anas laik\u0101.<\/li>\n<li>Real <a href=\"https:\/\/zooprekes24.lt\/lv\/?s=anju+%C5%A1amp%C5%ABnai&amp;post_type=product\" target=\"_blank\" rel=\"noopener\">skaistumkop\u0161anas \u0161amp\u016bns<\/a>Ar akt\u012bvo kumel\u012b\u0161u ekstraktu tas uzlabo un atjauno gai\u0161as kr\u0101sas ka\u017eok\u0101du sp\u012bdumu un intensit\u0101ti.<\/li>\n<\/ul>","protected":false},"excerpt":{"rendered":"<p>Remdamiesi naujausiais kosmetologijos pasiekimais Anju Beaut\u00e9 Paris laboratorija suk\u016br\u0117 i\u0161skirtin\u012f auk\u0161\u010diausios kokyb\u0117s gro\u017eio prie\u017ei\u016bros produkt\u0173 asortiment\u0105. Anju Beaut\u00e9 Blancheur sud\u0117tyje esantys ingredientai yra augalin\u0117s kilm\u0117s, draugi\u0161ki aplinkai ir dermatologi\u0161kai tinkami net ir patiems jautriausiems augintiniams. Pagaminta Pranc\u016bzijoje \ud83c\uddeb\ud83c\uddf7 Anju Beaut\u00e9 Blancheur sud\u0117tyje esantys provitaminai stiprina blizges\u012f ir suteikia kailiui dr\u0117gm\u0117s. Tonuojantis\u00a0kaupiamasis efektas &#8211; reguliariai naudojant&#8230;<\/p>","protected":false},"featured_media":19999,"comment_status":"closed","ping_status":"closed","template":"","meta":{"_acf_changed":false,"slim_seo":{"title":"Anju Beaut\u00e9 Blancheur tonuojantis \u0161amp\u016bnas - Zooprekes24","description":"Balstoties uz jaun\u0101kajiem sasniegumiem kosmetolo\u0123ij\u0101, Anju Beaut\u00e9 Paris laboratorija ir izstr\u0101d\u0101jusi ekskluz\u012bvu augst\u0101k\u0101s kvalit\u0101tes skaistumkop\u0161anas produktu kl\u0101stu."},"iawp_total_views":229},"product_brand":[],"product_cat":[9046,9045,83,25,104,32,9025,9026,8999,31],"product_tag":[3694,3701,1554,3711,3716,3718,3719],"class_list":{"0":"post-23086","1":"product","2":"type-product","3":"status-publish","4":"has-post-thumbnail","6":"product_cat-anju-beaute-sunims","7":"product_cat-anju-beaute-katems","8":"product_cat-kaciu-prekiu-gamintojai","9":"product_cat-katems","10":"product_cat-kitos-kaciu-prekes","11":"product_cat-kitos-sunu-prekes","12":"product_cat-prieziuros-priemones-katems","13":"product_cat-prieziuros-priemones-sunims","14":"product_cat-sunims","15":"product_cat-sunu-prekiu-gamintojai","16":"product_tag-anju-baltakailiams","17":"product_tag-baltakailiams","18":"product_tag-kaciu-sampunas","19":"product_tag-sampunas-baltakailiui-suniui","20":"product_tag-sampunas-pageltusiam-kailiui","21":"product_tag-sampunas-samojedui","22":"product_tag-sampunas-vakaru-skotijos-terjerui","23":"pa_prekiu-zenklai-anju-beaute","24":"pa_suns-amzius-jauniems","25":"pa_suns-amzius-senjorams","26":"pa_suns-amzius-suaugusiems","27":"pa_suns-amzius-visiems-amziams","28":"pa_veisles-dydis-didelems-veislems","29":"pa_veisles-dydis-mazoms-veislems","30":"pa_veisles-dydis-vidutinems-veislems","31":"pa_veisles-dydis-visu-dydziu-veislems","33":"first","34":"instock","35":"featured","36":"taxable","37":"shipping-taxable","38":"purchasable","39":"product-type-variable"},"acf":[],"_links":{"self":[{"href":"https:\/\/zooprekes24.lt\/lv\/wp-json\/wp\/v2\/product\/23086","targetHints":{"allow":["GET"]}}],"collection":[{"href":"https:\/\/zooprekes24.lt\/lv\/wp-json\/wp\/v2\/product"}],"about":[{"href":"https:\/\/zooprekes24.lt\/lv\/wp-json\/wp\/v2\/types\/product"}],"replies":[{"embeddable":true,"href":"https:\/\/zooprekes24.lt\/lv\/wp-json\/wp\/v2\/comments?post=23086"}],"wp:featuredmedia":[{"embeddable":true,"href":"https:\/\/zooprekes24.lt\/lv\/wp-json\/wp\/v2\/media\/19999"}],"wp:attachment":[{"href":"https:\/\/zooprekes24.lt\/lv\/wp-json\/wp\/v2\/media?parent=23086"}],"wp:term":[{"taxonomy":"product_brand","embeddable":true,"href":"https:\/\/zooprekes24.lt\/lv\/wp-json\/wp\/v2\/product_brand?post=23086"},{"taxonomy":"product_cat","embeddable":true,"href":"https:\/\/zooprekes24.lt\/lv\/wp-json\/wp\/v2\/product_cat?post=23086"},{"taxonomy":"product_tag","embeddable":true,"href":"https:\/\/zooprekes24.lt\/lv\/wp-json\/wp\/v2\/product_tag?post=23086"}],"curies":[{"name":"wp","href":"https:\/\/api.w.org\/{rel}","templated":true}]}}