{"id":23074,"date":"2024-04-19T13:15:15","date_gmt":"2024-04-19T10:15:15","guid":{"rendered":"https:\/\/zooprekes24.lt\/produktas\/brit-fresh-chicken-with-potato-adult\/"},"modified":"2026-02-17T12:37:48","modified_gmt":"2026-02-17T10:37:48","slug":"britu-svaiga-vistas-gala-ar-kartupeliem-pieaugusajiem","status":"publish","type":"product","link":"https:\/\/zooprekes24.lt\/lv\/produktas\/brit-fresh-chicken-with-potato-adult\/","title":{"rendered":"Brit Fresh Chicken with Potato saus\u0101 bar\u012bba pieaugu\u0161ajiem su\u0146iem"},"content":{"rendered":"<h3>Brit svaiga vistas ga\u013ca ar kartupe\u013ciem pieaugu\u0161ajiem h<span lang=\"cs\">olistic <\/span><span lang=\"cs\"><a href=\"https:\/\/zooprekes24.lt\/lv\/?s=sausa+%C5%A1un%C5%B3+maistas&amp;post_type=product\" target=\"_blank\" rel=\"noopener\">bar\u012bba pieaugu\u0161iem su\u0146iem<\/a> <\/span>ar svaigu vistu un kartupe\u013ciem, gri\u0137iem, \u0101boliem un timi\u0101nu. <span lang=\"cs\">T\u0101 ir gar\u0161\u012bga, pilnv\u0113rt\u012bga un sabalans\u0113ta bar\u012bba su\u0146iem, <\/span>gatavots no 40% r\u016bp\u012bgi apstr\u0101d\u0101tas svaigas ga\u013cas, d\u0101rze\u0146iem, aug\u013ciem un gar\u0161augiem, kas audz\u0113ti un atlas\u012bti no viet\u0113j\u0101m saimniec\u012bb\u0101m.<\/h3>\n<ul>\n<li><span lang=\"cs\">Atbalsta dz\u012bvesprieku un labu vesel\u012bbu pieaugu\u0161iem su\u0146iem.\u00a0<\/span><\/li>\n<li><span lang=\"cs\">Ar uzlabotu gar\u0161u un atsvaidzino\u0161u arom\u0101tu pat vispras\u012bg\u0101kie gard\u0113\u017ei b\u016bs apmierin\u0101ti!<\/span><\/li>\n<li><span lang=\"cs\">Gar\u0161vielu piedeva ir tradicion\u0101lie gar\u0161augi, piem\u0113ram, timi\u0101ns, rozmar\u012bns, kli\u0146\u0123er\u012bte, pienene un p\u0113ters\u012b\u013ci.<\/span><\/li>\n<li><span lang=\"cs\">Taj\u0101 izmantoti senie graudi un citas dab\u012bgas sast\u0101vda\u013cas, piem\u0113ram, kartupe\u013ci, auzas, gri\u0137i, lins\u0113klas un upenes.<\/span><\/li>\n<li><span lang=\"cs\"><a href=\"https:\/\/www.youtube.com\/watch?v=4StLioSBOz8\" target=\"_blank\" rel=\"noopener\">Brit Fresh<\/a> Vistas ga\u013ca ar kartupe\u013ciem pieaugu\u0161ajiem nesatur lipekli, soju, kukur\u016bzu, kr\u0101svielas un \u0137\u012bmisk\u0101s aromatiz\u0113t\u0101jvielas un antioksidantus.<\/span><\/li>\n<\/ul>","protected":false},"excerpt":{"rendered":"<p>Brit Fresh Chicken with Potato Adult\u00a0holistinis suaugusi\u0173 \u0161un\u0173 maistas su \u0161vie\u017eia vi\u0161tiena ir bulv\u0117mis, grikiais, obuoliais ir \u010diobreliais. Tai skanus, visavertis ir subalansuotas maistas \u0161unims, pagamintas i\u0161 40% kruop\u0161\u010diai perdirbtos \u0161vie\u017eios m\u0117sos, dar\u017eovi\u0173, vaisi\u0173 ir prieskonini\u0173 \u017eoleli\u0173, u\u017eaugint\u0173 ir atrinkt\u0173 i\u0161 vietini\u0173 \u016bki\u0173. Palaiko suaugusi\u0173 \u0161un\u0173 gyvybingum\u0105 ir ger\u0105 sveikat\u0105.\u00a0 Pagerintas skonis ir gaivus aromatas,&#8230;<\/p>","protected":false},"featured_media":45949,"comment_status":"closed","ping_status":"closed","template":"","meta":{"_acf_changed":false,"slim_seo":{"title":"Brit Fresh Chicken with Potato Adult sausas maistas \u0161unims - Zooprekes24","description":"Brit Fresh Chicken with Potato Adult h olistisk\u0101 bar\u012bba pieaugu\u0161iem su\u0146iem ar svaigu vistas ga\u013cu un kartupe\u013ciem, gri\u0137iem, \u0101boliem un timi\u0101nu. T\u0101 ir gar\u0161\u012bga, pilnv\u0113rt\u012bga bar\u012bba."},"iawp_total_views":64},"product_brand":[],"product_cat":[9073,9002,8999,29,31],"product_tag":[226,231,177,200],"class_list":{"0":"post-23074","1":"product","2":"type-product","3":"status-publish","4":"has-post-thumbnail","6":"product_cat-brit-fresh","7":"product_cat-sausas-maistas","8":"product_cat-sunims","9":"product_cat-sunu-maistas","10":"product_cat-sunu-prekiu-gamintojai","11":"product_tag-brit-fres","12":"product_tag-britfresh","13":"product_tag-edalas-sunims","14":"product_tag-super-premium-maistas-sunims","15":"pa_pasaro-sudetis-bulves","16":"pa_pasaro-sudetis-darzoves","17":"pa_pasaro-sudetis-uogos","18":"pa_pasaro-sudetis-vaisiai","19":"pa_pasaro-sudetis-vistiena","20":"pa_prekiu-zenklai-brit-fresh","21":"pa_suns-amzius-suaugusiems","22":"pa_veisles-dydis-didelems-veislems","23":"pa_veisles-dydis-mazoms-veislems","24":"pa_veisles-dydis-vidutinems-veislems","25":"pa_veisles-dydis-visu-dydziu-veislems","27":"first","28":"instock","29":"featured","30":"taxable","31":"shipping-taxable","32":"purchasable","33":"product-type-variable"},"acf":[],"_links":{"self":[{"href":"https:\/\/zooprekes24.lt\/lv\/wp-json\/wp\/v2\/product\/23074","targetHints":{"allow":["GET"]}}],"collection":[{"href":"https:\/\/zooprekes24.lt\/lv\/wp-json\/wp\/v2\/product"}],"about":[{"href":"https:\/\/zooprekes24.lt\/lv\/wp-json\/wp\/v2\/types\/product"}],"replies":[{"embeddable":true,"href":"https:\/\/zooprekes24.lt\/lv\/wp-json\/wp\/v2\/comments?post=23074"}],"wp:featuredmedia":[{"embeddable":true,"href":"https:\/\/zooprekes24.lt\/lv\/wp-json\/wp\/v2\/media\/45949"}],"wp:attachment":[{"href":"https:\/\/zooprekes24.lt\/lv\/wp-json\/wp\/v2\/media?parent=23074"}],"wp:term":[{"taxonomy":"product_brand","embeddable":true,"href":"https:\/\/zooprekes24.lt\/lv\/wp-json\/wp\/v2\/product_brand?post=23074"},{"taxonomy":"product_cat","embeddable":true,"href":"https:\/\/zooprekes24.lt\/lv\/wp-json\/wp\/v2\/product_cat?post=23074"},{"taxonomy":"product_tag","embeddable":true,"href":"https:\/\/zooprekes24.lt\/lv\/wp-json\/wp\/v2\/product_tag?post=23074"}],"curies":[{"name":"wp","href":"https:\/\/api.w.org\/{rel}","templated":true}]}}