{"id":23071,"date":"2024-04-19T13:14:59","date_gmt":"2024-04-19T10:14:59","guid":{"rendered":"https:\/\/zooprekes24.lt\/produktas\/brit-fresh-chicken-with-potato-puppy\/"},"modified":"2026-02-17T12:39:33","modified_gmt":"2026-02-17T10:39:33","slug":"britu-svaiga-vistas-gala-ar-kartupelu-kucenu","status":"publish","type":"product","link":"https:\/\/zooprekes24.lt\/lv\/produktas\/brit-fresh-chicken-with-potato-puppy\/","title":{"rendered":"Brit Fresh Chicken with Potato Puppy saus\u0101 bar\u012bba kuc\u0113niem"},"content":{"rendered":"<h3>Brit svaiga vistas ga\u013ca ar kartupe\u013ciem Puppy h<span lang=\"cs\">olistic <a href=\"https:\/\/zooprekes24.lt\/lv\/lapa\/1\/?s=%C5%A1uniuk%C5%B3+maistas&amp;post_type=product\" target=\"_blank\" rel=\"noopener\">Kuc\u0113nu bar\u012bba<\/a> <\/span>ar svaigu vistas ga\u013cu un kartupe\u013ciem, gri\u0137iem, upen\u0113m un p\u0113ters\u012b\u013ciem. <span lang=\"cs\">T\u0101 ir gar\u0161\u012bga, pilnv\u0113rt\u012bga un sabalans\u0113ta bar\u012bba su\u0146iem, <\/span>gatavots no 40% r\u016bp\u012bgi apstr\u0101d\u0101tas svaigas ga\u013cas, d\u0101rze\u0146iem, aug\u013ciem un gar\u0161augiem, kas audz\u0113ti un atlas\u012bti no viet\u0113j\u0101m saimniec\u012bb\u0101m.<\/h3>\n<ul>\n<li><span lang=\"cs\">Nodro\u0161ina vesel\u012bgu kuc\u0113nu att\u012bst\u012bbu un aug\u0161anu.<\/span><\/li>\n<li><span lang=\"cs\">Ar uzlabotu gar\u0161u un atsvaidzino\u0161u arom\u0101tu pat vispras\u012bg\u0101kie gard\u0113\u017ei b\u016bs apmierin\u0101ti!<\/span><\/li>\n<li><span lang=\"cs\">Gar\u0161vielu piedeva ir tradicion\u0101lie gar\u0161augi, piem\u0113ram, timi\u0101ns, rozmar\u012bns, kli\u0146\u0123er\u012bte, pienene un p\u0113ters\u012b\u013ci.<\/span><\/li>\n<li><span lang=\"cs\">Taj\u0101 izmantoti senie graudi un citas dab\u012bgas sast\u0101vda\u013cas, piem\u0113ram, kartupe\u013ci, auzas, gri\u0137i, lins\u0113klas un upenes.<\/span><\/li>\n<li><span lang=\"cs\"><a href=\"https:\/\/www.youtube.com\/watch?v=4StLioSBOz8\" target=\"_blank\" rel=\"noopener\">Brit Fresh<\/a> Vistas ga\u013ca ar kartupe\u013ciem kuc\u0113nam nesatur lipekli, soju, kukur\u016bzu, kr\u0101svielas, kr\u0101svielas un \u0137\u012bmisk\u0101s aromatiz\u0113t\u0101jvielas un antioksidantus.<\/span><\/li>\n<\/ul>","protected":false},"excerpt":{"rendered":"<p>Brit Fresh Chicken with Potato Puppy\u00a0holistinis \u0161uniuk\u0173 maistas su \u0161vie\u017eia vi\u0161tiena ir bulv\u0117mis, grikiais, juodaisiais serbentais ir petra\u017eol\u0117mis. Tai skanus, visavertis ir subalansuotas maistas \u0161unims, pagamintas i\u0161 40% kruop\u0161\u010diai perdirbtos \u0161vie\u017eios m\u0117sos, dar\u017eovi\u0173, vaisi\u0173 ir prieskonini\u0173 \u017eoleli\u0173, u\u017eaugint\u0173 ir atrinkt\u0173 i\u0161 vietini\u0173 \u016bki\u0173. U\u017etikrina sveik\u0105 \u0161uniuk\u0173 vystym\u0105si ir augim\u0105. Pagerintas skonis ir gaivus aromatas, \u012ftiks&#8230;<\/p>","protected":false},"featured_media":45950,"comment_status":"closed","ping_status":"closed","template":"","meta":{"_acf_changed":false,"slim_seo":{"title":"Brit Fresh Chicken with Potato Puppy sausas maistas \u0161uniukams - Zooprekes24","description":"Brit Fresh Chicken with Potato Puppy\u00a0h olistinis \u0161uniuk\u0173 maistas su \u0161vie\u017eia vi\u0161tiena ir bulv\u0117mis, grikiais, juodaisiais serbentais ir petra\u017eol\u0117mis. Tai skanus,"},"iawp_total_views":34},"product_brand":[],"product_cat":[9073,9002,8999,29,31],"product_tag":[226,231,177,235,200],"class_list":{"0":"post-23071","1":"product","2":"type-product","3":"status-publish","4":"has-post-thumbnail","6":"product_cat-brit-fresh","7":"product_cat-sausas-maistas","8":"product_cat-sunims","9":"product_cat-sunu-maistas","10":"product_cat-sunu-prekiu-gamintojai","11":"product_tag-brit-fres","12":"product_tag-britfresh","13":"product_tag-edalas-sunims","14":"product_tag-edalas-suniukams","15":"product_tag-super-premium-maistas-sunims","16":"pa_pasaro-sudetis-bulves","17":"pa_pasaro-sudetis-darzoves","18":"pa_pasaro-sudetis-uogos","19":"pa_pasaro-sudetis-vaisiai","20":"pa_pasaro-sudetis-vistiena","21":"pa_prekiu-zenklai-brit-fresh","22":"pa_suns-amzius-jauniems","23":"pa_veisles-dydis-didelems-veislems","24":"pa_veisles-dydis-mazoms-veislems","25":"pa_veisles-dydis-vidutinems-veislems","26":"pa_veisles-dydis-visu-dydziu-veislems","28":"first","29":"instock","30":"featured","31":"taxable","32":"shipping-taxable","33":"purchasable","34":"product-type-variable"},"acf":[],"_links":{"self":[{"href":"https:\/\/zooprekes24.lt\/lv\/wp-json\/wp\/v2\/product\/23071","targetHints":{"allow":["GET"]}}],"collection":[{"href":"https:\/\/zooprekes24.lt\/lv\/wp-json\/wp\/v2\/product"}],"about":[{"href":"https:\/\/zooprekes24.lt\/lv\/wp-json\/wp\/v2\/types\/product"}],"replies":[{"embeddable":true,"href":"https:\/\/zooprekes24.lt\/lv\/wp-json\/wp\/v2\/comments?post=23071"}],"wp:featuredmedia":[{"embeddable":true,"href":"https:\/\/zooprekes24.lt\/lv\/wp-json\/wp\/v2\/media\/45950"}],"wp:attachment":[{"href":"https:\/\/zooprekes24.lt\/lv\/wp-json\/wp\/v2\/media?parent=23071"}],"wp:term":[{"taxonomy":"product_brand","embeddable":true,"href":"https:\/\/zooprekes24.lt\/lv\/wp-json\/wp\/v2\/product_brand?post=23071"},{"taxonomy":"product_cat","embeddable":true,"href":"https:\/\/zooprekes24.lt\/lv\/wp-json\/wp\/v2\/product_cat?post=23071"},{"taxonomy":"product_tag","embeddable":true,"href":"https:\/\/zooprekes24.lt\/lv\/wp-json\/wp\/v2\/product_tag?post=23071"}],"curies":[{"name":"wp","href":"https:\/\/api.w.org\/{rel}","templated":true}]}}