{"id":23068,"date":"2024-04-19T13:14:59","date_gmt":"2024-04-19T10:14:59","guid":{"rendered":"https:\/\/zooprekes24.lt\/produktas\/brit-fresh-beef-with-pumpkin-puppy-large\/"},"modified":"2026-02-17T12:42:59","modified_gmt":"2026-02-17T10:42:59","slug":"britu-svaiga-liellopu-gala-ar-kirbju-kucenu-lielu","status":"publish","type":"product","link":"https:\/\/zooprekes24.lt\/lv\/produktas\/brit-fresh-beef-with-pumpkin-puppy-large\/","title":{"rendered":"Brit Fresh Beef with Pumpkin Puppy Large saus\u0101 bar\u012bba kuc\u0113niem"},"content":{"rendered":"<h3>Brit Fresh liellopu ga\u013ca ar \u0137irbjiem Puppy Large h<span lang=\"cs\">lapu liel\u0101s \u0161\u0137irnes <a href=\"https:\/\/zooprekes24.lt\/lv\/lapa\/1\/?s=%C5%A1uniuk%C5%B3+maistas&amp;post_type=product\" target=\"_blank\" rel=\"noopener\">kuc\u0113ni <\/a><\/span>\u0113dieni ar svaigu liellopu ga\u013cu un \u0137irbi, gri\u0137iem, bie\u0161u lap\u0101m un rozmar\u012bnu. <span lang=\"cs\">T\u0101 ir gar\u0161\u012bga, pilnv\u0113rt\u012bga un sabalans\u0113ta bar\u012bba su\u0146iem, <\/span>gatavots no 40% r\u016bp\u012bgi apstr\u0101d\u0101tas svaigas ga\u013cas, d\u0101rze\u0146iem, aug\u013ciem un gar\u0161augiem, kas audz\u0113ti un atlas\u012bti no viet\u0113j\u0101m saimniec\u012bb\u0101m.<\/h3>\n<ul>\n<li><span lang=\"cs\">Vesel\u012bgu kaulu un loc\u012btavu uztur\u0113\u0161ana lielo \u0161\u0137ir\u0146u kuc\u0113niem.<\/span><\/li>\n<li><span lang=\"cs\">Ar uzlabotu gar\u0161u un atsvaidzino\u0161u arom\u0101tu pat vispras\u012bg\u0101kie gard\u0113\u017ei b\u016bs apmierin\u0101ti!<\/span><\/li>\n<li><span lang=\"cs\">Gar\u0161vielu piedeva ir tradicion\u0101lie gar\u0161augi, piem\u0113ram, timi\u0101ns, rozmar\u012bns, kli\u0146\u0123er\u012bte, pienene un p\u0113ters\u012b\u013ci.<\/span><\/li>\n<li><span lang=\"cs\">Taj\u0101 izmantoti senie graudi un citas dab\u012bgas sast\u0101vda\u013cas, piem\u0113ram, \u0137irbji, auzas, gri\u0137i, lins\u0113klas un bie\u0161u lapas.<\/span><\/li>\n<li><span lang=\"cs\"><a href=\"https:\/\/www.youtube.com\/watch?v=4StLioSBOz8\" target=\"_blank\" rel=\"noopener\">Brit Fresh<\/a> Liellopu ga\u013ca ar \u0137irbjiem nesatur lipekli, soju, kukur\u016bzu, kr\u0101svielas un \u0137\u012bmisk\u0101s aromatiz\u0113t\u0101jvielas un antioksidantus.<\/span><\/li>\n<\/ul>","protected":false},"excerpt":{"rendered":"<p>Brit Fresh Beef with Pumpkin Puppy Large holistinis dideli\u0173 veisli\u0173 \u0161uniuk\u0173 maistas su \u0161vie\u017eia jautiena ir moli\u016bgais, grikiais, burok\u0117li\u0173 lapais ir rozmarinais. Tai skanus, visavertis ir subalansuotas maistas \u0161unims, pagamintas i\u0161 40% kruop\u0161\u010diai perdirbtos \u0161vie\u017eios m\u0117sos, dar\u017eovi\u0173, vaisi\u0173 ir prieskonini\u0173 \u017eoleli\u0173, u\u017eaugint\u0173 ir atrinkt\u0173 i\u0161 vietini\u0173 \u016bki\u0173. Palaiko sveikus dideli\u0173 veisli\u0173 \u0161uniuk\u0173 kaulus ir s\u0105narius&#8230;.<\/p>","protected":false},"featured_media":45952,"comment_status":"closed","ping_status":"closed","template":"","meta":{"_acf_changed":false,"slim_seo":{"title":"Brit Fresh Beef with Pumpkin Puppy Large sausas maistas \u0161uniukams - Zooprekes24","description":"Brit Fresh Beef with Pumpkin Puppy Large h olistic bar\u012bba lielo \u0161\u0137ir\u0146u kuc\u0113niem ar svaigu liellopu ga\u013cu un \u0137irbjiem, gri\u0137iem, bie\u0161u lap\u0101m un rozmar\u012bnu."},"iawp_total_views":108},"product_brand":[],"product_cat":[9073,9002,8999,29,31],"product_tag":[226,231,177,235,200],"class_list":{"0":"post-23068","1":"product","2":"type-product","3":"status-publish","4":"has-post-thumbnail","6":"product_cat-brit-fresh","7":"product_cat-sausas-maistas","8":"product_cat-sunims","9":"product_cat-sunu-maistas","10":"product_cat-sunu-prekiu-gamintojai","11":"product_tag-brit-fres","12":"product_tag-britfresh","13":"product_tag-edalas-sunims","14":"product_tag-edalas-suniukams","15":"product_tag-super-premium-maistas-sunims","16":"pa_pasaro-sudetis-darzoves","17":"pa_pasaro-sudetis-jautiena","18":"pa_pasaro-sudetis-uogos","19":"pa_pasaro-sudetis-vaisiai","20":"pa_prekiu-zenklai-brit-fresh","21":"pa_suns-amzius-jauniems","22":"pa_veisles-dydis-didelems-veislems","24":"first","25":"instock","26":"featured","27":"taxable","28":"shipping-taxable","29":"purchasable","30":"product-type-variable"},"acf":[],"_links":{"self":[{"href":"https:\/\/zooprekes24.lt\/lv\/wp-json\/wp\/v2\/product\/23068","targetHints":{"allow":["GET"]}}],"collection":[{"href":"https:\/\/zooprekes24.lt\/lv\/wp-json\/wp\/v2\/product"}],"about":[{"href":"https:\/\/zooprekes24.lt\/lv\/wp-json\/wp\/v2\/types\/product"}],"replies":[{"embeddable":true,"href":"https:\/\/zooprekes24.lt\/lv\/wp-json\/wp\/v2\/comments?post=23068"}],"wp:featuredmedia":[{"embeddable":true,"href":"https:\/\/zooprekes24.lt\/lv\/wp-json\/wp\/v2\/media\/45952"}],"wp:attachment":[{"href":"https:\/\/zooprekes24.lt\/lv\/wp-json\/wp\/v2\/media?parent=23068"}],"wp:term":[{"taxonomy":"product_brand","embeddable":true,"href":"https:\/\/zooprekes24.lt\/lv\/wp-json\/wp\/v2\/product_brand?post=23068"},{"taxonomy":"product_cat","embeddable":true,"href":"https:\/\/zooprekes24.lt\/lv\/wp-json\/wp\/v2\/product_cat?post=23068"},{"taxonomy":"product_tag","embeddable":true,"href":"https:\/\/zooprekes24.lt\/lv\/wp-json\/wp\/v2\/product_tag?post=23068"}],"curies":[{"name":"wp","href":"https:\/\/api.w.org\/{rel}","templated":true}]}}