{"id":23065,"date":"2024-04-19T13:14:59","date_gmt":"2024-04-19T10:14:59","guid":{"rendered":"https:\/\/zooprekes24.lt\/produktas\/orijen-regional-red-cat\/"},"modified":"2026-03-31T15:33:24","modified_gmt":"2026-03-31T13:33:24","slug":"orijenas-regionalais-sarkanais-kakis","status":"publish","type":"product","link":"https:\/\/zooprekes24.lt\/lv\/produktas\/orijen-regional-red-cat\/","title":{"rendered":"Orijen Regional Red Cat saus\u0101 ka\u0137u bar\u012bba"},"content":{"rendered":"<h3>Orijen Regional Red Cat sast\u0101v\u0101 ir br\u012bvi audz\u0113ta Angus liellopu ga\u013ca, brie\u017ea ga\u013ca, bizons, Romnija j\u0113ra ga\u013ca un Jork\u0161\u012bras c\u016bkga\u013ca no Albertas ran\u010do, k\u0101 ar\u012b sard\u012bnes, kas nozvejotas Vank\u016bveras salas zieme\u013cu \u016bde\u0146os, un olas no pr\u0113riju saimniec\u012bb\u0101m. Viss tiek pieg\u0101d\u0101ts svaigs <a href=\"https:\/\/orijen.ca\/en-CA\/orijen-about-fresh_regional_ingredients.html\" target=\"_blank\" rel=\"noopener\">WholePrey\u2122<\/a> j\u0113dziens (kop\u0113j\u0101 laup\u012bjuma).<\/h3>\n<p>T\u0101 k\u0101 2\/3 ga\u013cas katr\u0101 kumos\u0101 ir svaiga vai j\u0113la, tas nodro\u0161ina j\u016bsu ka\u0137im nepiecie\u0161am\u0101s dabisk\u0101s bar\u012bbas vielas. Atlikus\u012b 1\/3 ga\u013cas tiek \u017e\u0101v\u0113ta zem\u0101 temperat\u016br\u0101, lai rad\u012btu koncentr\u0113tu uzturv\u0113rt\u012bgu olbaltumvielu avotu, ko nevar nodro\u0161in\u0101t tikai svaiga ga\u013ca. Biolo\u0123iski audz\u0113ti j\u016bras d\u0101rze\u0146i un augu ekstrakti, tostarp kadi\u0137u ogas, lavandas ziedi, saul\u0113 kalt\u0113tas lucernas un piparm\u0113tras lapas, uzlabo ka\u0137a vielmai\u0146u un toniz\u0113 gremo\u0161anas traktu. Orijen Regional Red Cat satur <a href=\"https:\/\/zooprekes24.lt\/lv\/kategorija\/prekes-katems\/pilu-produktu-razotaji\/orijen-katems\/\" target=\"_blank\" rel=\"noopener\">daudz svaigas ga\u013cas<\/a>, iek\u0161\u0113jiem org\u0101niem un kauliem, lai j\u016bsu ka\u0137is dabisk\u0101 veid\u0101 sa\u0146emtu tam nepiecie\u0161am\u0101s uzturvielas un miner\u0101lvielas. Izgatavots godalgot\u0101s virtuv\u0113s no lab\u0101kaj\u0101m un svaig\u0101kaj\u0101m sast\u0101vda\u013c\u0101m, <a href=\"https:\/\/orijen.ca\/en-CA\/orijen-about-biologically_appropriate.html\" target=\"_blank\" rel=\"noopener\">Biolo\u0123iski piem\u0113rots\u2122<\/a> (Biolo\u0123iski atbilsto\u0161a) formula garant\u0113 vesel\u012bgu un laim\u012bgu ka\u0137i.<\/p>","protected":false},"excerpt":{"rendered":"<p>Orijen Regional Red Cat sud\u0117tyje Albertos ran\u010dose laisvai u\u017eauginta Angus jautiena, \u0161erniena, bizoniena, Romney veisl\u0117s \u0117riena ir Jork\u0161yro kiauliena bei \u0161altuose \u0160iaur\u0117s Vankuverio salos vandenyse su\u017evejota sardin\u0117 ir prerijos \u016bki\u0173 lizduose pad\u0117ti kiau\u0161iniai. Viskas pristatoma \u0161vie\u017eia laikantis WholePrey\u2122 (viso grobio) koncepcijos. Kiekviename pa\u0161aro k\u0105snelyje 2\/3 m\u0117sos yra \u0161vie\u017eia ar neapdirbta, ji apr\u016bpina J\u016bs\u0173 kat\u0119 svarbiausiomis&#8230;<\/p>","protected":false},"featured_media":19987,"comment_status":"closed","ping_status":"closed","template":"","meta":{"_acf_changed":false,"slim_seo":{"title":"Orijen Regional Red Cat sausas maistas kat\u0117ms - Zooprekes24","description":"Orijen Regional Red Cat sast\u0101v\u0101 ir br\u012bvi audz\u0113ta Angus liellopu ga\u013ca, brie\u017ea ga\u013ca, bizons, Romneja j\u0113ra ga\u013ca un Jork\u0161\u012bras c\u016bkga\u013ca no Albertas ran\u010do, k\u0101 ar\u012b aukstie izcirt\u0146i."},"iawp_total_views":280},"product_brand":[],"product_cat":[9027,72,83,25,9028,9016],"product_tag":[1671,1817,1675,1682,1696],"class_list":{"0":"post-23065","1":"product","2":"type-product","3":"status-publish","4":"has-post-thumbnail","6":"product_cat-begrudis-maistas-kaciu-maistas","7":"product_cat-kaciu-maistas","8":"product_cat-kaciu-prekiu-gamintojai","9":"product_cat-katems","10":"product_cat-orijen-kaciu-prekiu-gamintojai","11":"product_cat-sausas-maistas-kaciu-maistas","12":"product_tag-begrudis-kaciu-maistas","13":"product_tag-edalas-katems","14":"product_tag-kaciu-edalas","15":"product_tag-kaciu-maistas-super-premium-klases","16":"product_tag-super-premium-maistas-katems","17":"pa_pasaro-sudetis-bizoniena","18":"pa_pasaro-sudetis-darzoves","19":"pa_pasaro-sudetis-eriena","20":"pa_pasaro-sudetis-jautiena","21":"pa_pasaro-sudetis-kiauliena","22":"pa_pasaro-sudetis-kiausiniai","23":"pa_pasaro-sudetis-serniena","24":"pa_pasaro-sudetis-uogos","25":"pa_pasaro-sudetis-vaisiai","26":"pa_pasaro-sudetis-zuvis","27":"pa_prekiu-zenklai-orijen","29":"first","30":"instock","31":"featured","32":"taxable","33":"shipping-taxable","34":"purchasable","35":"product-type-variable"},"acf":[],"_links":{"self":[{"href":"https:\/\/zooprekes24.lt\/lv\/wp-json\/wp\/v2\/product\/23065","targetHints":{"allow":["GET"]}}],"collection":[{"href":"https:\/\/zooprekes24.lt\/lv\/wp-json\/wp\/v2\/product"}],"about":[{"href":"https:\/\/zooprekes24.lt\/lv\/wp-json\/wp\/v2\/types\/product"}],"replies":[{"embeddable":true,"href":"https:\/\/zooprekes24.lt\/lv\/wp-json\/wp\/v2\/comments?post=23065"}],"wp:featuredmedia":[{"embeddable":true,"href":"https:\/\/zooprekes24.lt\/lv\/wp-json\/wp\/v2\/media\/19987"}],"wp:attachment":[{"href":"https:\/\/zooprekes24.lt\/lv\/wp-json\/wp\/v2\/media?parent=23065"}],"wp:term":[{"taxonomy":"product_brand","embeddable":true,"href":"https:\/\/zooprekes24.lt\/lv\/wp-json\/wp\/v2\/product_brand?post=23065"},{"taxonomy":"product_cat","embeddable":true,"href":"https:\/\/zooprekes24.lt\/lv\/wp-json\/wp\/v2\/product_cat?post=23065"},{"taxonomy":"product_tag","embeddable":true,"href":"https:\/\/zooprekes24.lt\/lv\/wp-json\/wp\/v2\/product_tag?post=23065"}],"curies":[{"name":"wp","href":"https:\/\/api.w.org\/{rel}","templated":true}]}}