{"id":23062,"date":"2024-04-19T13:14:59","date_gmt":"2024-04-19T10:14:59","guid":{"rendered":"https:\/\/zooprekes24.lt\/produktas\/orijen-tundra-cat\/"},"modified":"2026-03-31T15:29:32","modified_gmt":"2026-03-31T13:29:32","slug":"orijen-tundras-kakis","status":"publish","type":"product","link":"https:\/\/zooprekes24.lt\/lv\/produktas\/orijen-tundra-cat\/","title":{"rendered":"Orijen Tundra Cat saus\u0101 ka\u0137u bar\u012bba"},"content":{"rendered":"<h3>Orijen Tundra Cat sast\u0101v\u0101 ir Albertas ran\u010do br\u012bvi audz\u0113tas br\u012bvo baru kazas, me\u017eac\u016bkas, brie\u017ea ga\u013ca un Jukonas aukstajos \u016bde\u0146os nozvejoti brie\u017ei. <a href=\"https:\/\/lt.wikipedia.org\/wiki\/Upok%C5%A1nin%C4%97_%C5%A1alvis\" target=\"_blank\" rel=\"noopener\">Arktisk\u0101 palia<\/a> un foreles, k\u0101 ar\u012b br\u012bvi audz\u0113tu p\u012b\u013cu un aitu ga\u013cu no Ontario ferm\u0101m. Viss tiek pieg\u0101d\u0101ts svaigs saska\u0146\u0101 ar <a href=\"https:\/\/orijen.ca\/en-CA\/orijen-about-fresh_regional_ingredients.html\" target=\"_blank\" rel=\"noopener\">WholePrey\u2122<\/a> j\u0113dziens (kop\u0113j\u0101 laup\u012bjuma).<\/h3>\n<p>T\u0101 k\u0101 2\/3 ga\u013cas katr\u0101 kumos\u0101 ir svaiga vai j\u0113la, tas nodro\u0161ina j\u016bsu ka\u0137im nepiecie\u0161am\u0101s dabisk\u0101s bar\u012bbas vielas. Atlikus\u012b 1\/3 ga\u013cas tiek \u017e\u0101v\u0113ta zem\u0101 temperat\u016br\u0101, lai rad\u012btu koncentr\u0113tu uzturv\u0113rt\u012bgu olbaltumvielu avotu, ko nevar nodro\u0161in\u0101t tikai svaiga ga\u013ca. Biolo\u0123iski audz\u0113ti j\u016bras d\u0101rze\u0146i un augu ekstrakti, tostarp kadi\u0137u ogas, lavandas ziedi, saul\u0113 kalt\u0113tas lucernas un piparm\u0113tras lapas, uzlabo ka\u0137a vielmai\u0146u un toniz\u0113 gremo\u0161anas traktu. Orijen Tundra Cat satur <a href=\"https:\/\/zooprekes24.lt\/lv\/kategorija\/prekes-katems\/pilu-produktu-razotaji\/orijen-katems\/\" target=\"_blank\" rel=\"noopener\">daudz svaigas ga\u013cas<\/a>, iek\u0161\u0113jiem org\u0101niem un kauliem, lai j\u016bsu ka\u0137is dabisk\u0101 veid\u0101 sa\u0146emtu tam nepiecie\u0161am\u0101s uzturvielas un miner\u0101lvielas. Izgatavots godalgot\u0101s virtuv\u0113s no lab\u0101kaj\u0101m un svaig\u0101kaj\u0101m sast\u0101vda\u013c\u0101m, <a href=\"https:\/\/orijen.ca\/en-CA\/orijen-about-biologically_appropriate.html\" target=\"_blank\" rel=\"noopener\">Biolo\u0123iski piem\u0113rots\u2122<\/a> (Biolo\u0123iski atbilsto\u0161a) formula garant\u0113 vesel\u012bgu un laim\u012bgu ka\u0137i.<\/p>","protected":false},"excerpt":{"rendered":"<p>Orijen Tundra Cat sud\u0117tyje Albertos ran\u010dose laisvai u\u017eauginta Boer o\u017ekiena, \u0161erniena, elniena, \u0161altuose Jukono vandenyse su\u017evejotos arktin\u0117s palijos ir up\u0117takiai bei laisvai laikom\u0173 an\u010di\u0173 ir avi\u0173 m\u0117sa i\u0161 Ontario ferm\u0173.\u00a0Viskas pristatoma \u0161vie\u017eia laikantis WholePrey\u2122 (viso grobio) koncepcijos. Kiekviename pa\u0161aro k\u0105snelyje 2\/3 m\u0117sos yra \u0161vie\u017eia ar neapdirbta, ji apr\u016bpina J\u016bs\u0173 kat\u0119 svarbiausiomis nat\u016braliomis maistin\u0117mis med\u017eiagomis. Likusi&#8230;<\/p>","protected":false},"featured_media":19985,"comment_status":"closed","ping_status":"closed","template":"","meta":{"_acf_changed":false,"slim_seo":{"title":"Orijen Tundra Cat sausas maistas kat\u0117ms - Zooprekes24","description":"Orijen Tundra Cat sast\u0101v\u0101 ir Albertas ran\u010do br\u012bvi audz\u0113tas br\u012bvi tur\u0113t\u0101s me\u017eac\u016bkas, me\u017eac\u016bkas, brie\u017ea ga\u013ca, arktiskais greipings un aukstajos Jukonas \u016bde\u0146os nozvejotas foreles."},"iawp_total_views":328},"product_brand":[],"product_cat":[9027,72,83,25,9028,9016],"product_tag":[1671,1817,1675,1682,1696],"class_list":{"0":"post-23062","1":"product","2":"type-product","3":"status-publish","4":"has-post-thumbnail","6":"product_cat-begrudis-maistas-kaciu-maistas","7":"product_cat-kaciu-maistas","8":"product_cat-kaciu-prekiu-gamintojai","9":"product_cat-katems","10":"product_cat-orijen-kaciu-prekiu-gamintojai","11":"product_cat-sausas-maistas-kaciu-maistas","12":"product_tag-begrudis-kaciu-maistas","13":"product_tag-edalas-katems","14":"product_tag-kaciu-edalas","15":"product_tag-kaciu-maistas-super-premium-klases","16":"product_tag-super-premium-maistas-katems","17":"pa_pasaro-sudetis-antiena","18":"pa_pasaro-sudetis-darzoves","19":"pa_pasaro-sudetis-serniena","20":"pa_pasaro-sudetis-stirniena-elniena","21":"pa_pasaro-sudetis-uogos","22":"pa_pasaro-sudetis-vaisiai","23":"pa_pasaro-sudetis-zuvis","24":"pa_prekiu-zenklai-orijen","26":"first","27":"instock","28":"featured","29":"taxable","30":"shipping-taxable","31":"purchasable","32":"product-type-variable"},"acf":[],"_links":{"self":[{"href":"https:\/\/zooprekes24.lt\/lv\/wp-json\/wp\/v2\/product\/23062","targetHints":{"allow":["GET"]}}],"collection":[{"href":"https:\/\/zooprekes24.lt\/lv\/wp-json\/wp\/v2\/product"}],"about":[{"href":"https:\/\/zooprekes24.lt\/lv\/wp-json\/wp\/v2\/types\/product"}],"replies":[{"embeddable":true,"href":"https:\/\/zooprekes24.lt\/lv\/wp-json\/wp\/v2\/comments?post=23062"}],"wp:featuredmedia":[{"embeddable":true,"href":"https:\/\/zooprekes24.lt\/lv\/wp-json\/wp\/v2\/media\/19985"}],"wp:attachment":[{"href":"https:\/\/zooprekes24.lt\/lv\/wp-json\/wp\/v2\/media?parent=23062"}],"wp:term":[{"taxonomy":"product_brand","embeddable":true,"href":"https:\/\/zooprekes24.lt\/lv\/wp-json\/wp\/v2\/product_brand?post=23062"},{"taxonomy":"product_cat","embeddable":true,"href":"https:\/\/zooprekes24.lt\/lv\/wp-json\/wp\/v2\/product_cat?post=23062"},{"taxonomy":"product_tag","embeddable":true,"href":"https:\/\/zooprekes24.lt\/lv\/wp-json\/wp\/v2\/product_tag?post=23062"}],"curies":[{"name":"wp","href":"https:\/\/api.w.org\/{rel}","templated":true}]}}