{"id":23059,"date":"2024-04-19T13:14:59","date_gmt":"2024-04-19T10:14:59","guid":{"rendered":"https:\/\/zooprekes24.lt\/produktas\/orijen-six-fish-cat\/"},"modified":"2026-03-31T15:27:01","modified_gmt":"2026-03-31T13:27:01","slug":"orijen-sesas-zivis-kakis","status":"publish","type":"product","link":"https:\/\/zooprekes24.lt\/lv\/produktas\/orijen-six-fish-cat\/","title":{"rendered":"Orijen Six Fish Cat saus\u0101 ka\u0137u bar\u012bba"},"content":{"rendered":"<h3>Orijen Six Fish Cat bar\u012bba ir bag\u0101ta ar kvalitat\u012bv\u0101m Klus\u0101 oke\u0101na ziv\u012bm, kas nozvejotas Vank\u016bveras salas zieme\u013cu da\u013c\u0101 - si\u013c\u0137\u0113m, sard\u012bn\u0113m, skumbrij\u0101m, hekiem, j\u016bras zeltplekst\u0113m, asariem un j\u016brasm\u0113l\u0113m. Viss tiek pieg\u0101d\u0101ts svaigs saska\u0146\u0101 ar <a href=\"https:\/\/orijen.ca\/en-CA\/orijen-about-fresh_regional_ingredients.html\" target=\"_blank\" rel=\"noopener\">WholePrey\u2122<\/a> j\u0113dziens (kop\u0113j\u0101 laup\u012bjuma).<\/h3>\n<p>Katrs kumosi\u0146\u0161 ir bag\u0101ts ar Omega 3 (DHA, EPA), kas ieg\u016bti no savva\u013cas Brunsvikas si\u013c\u0137\u0113m un labv\u0113l\u012bgi ietekm\u0113 imunit\u0101ti, k\u0101 ar\u012b uzlabo \u0101das un ka\u017eoka st\u0101vokli. Biolo\u0123iski audz\u0113ti j\u016bras d\u0101rze\u0146i un augu ekstrakti, tostarp kadi\u0137u ogas, lavandas ziedi, saul\u0113 kalt\u0113tas lucernas un piparm\u0113tras lapas uzlabo ka\u0137a vielmai\u0146u un toniz\u0113 gremo\u0161anas traktu. Orijen <a href=\"https:\/\/zooprekes24.lt\/lv\/products\/orijen-sesas-zivis-suns\/\" target=\"_blank\" rel=\"noopener\">Se\u0161as zivis<\/a> Ka\u0137is ir bag\u0101ts ar zivju org\u0101niem un kauliem, t\u0101p\u0113c j\u016bsu ka\u0137is dabiski sa\u0146ems nepiecie\u0161am\u0101s uzturvielas. Izgatavots godalgot\u0101s virtuv\u0113s no lab\u0101kaj\u0101m un svaig\u0101kaj\u0101m sast\u0101vda\u013c\u0101m, <a href=\"https:\/\/orijen.ca\/en-CA\/orijen-about-biologically_appropriate.html\" target=\"_blank\" rel=\"noopener\">Biolo\u0123iski piem\u0113rots\u2122<\/a> (Biolo\u0123iski atbilsto\u0161a) formula garant\u0113 vesel\u012bgu un laim\u012bgu ka\u0137i.<\/p>","protected":false},"excerpt":{"rendered":"<p>Orijen Six Fish Cat sud\u0117tyje gausu \u0160iaur\u0117s Vankuverio saloje i\u0161 Ramiojo vandenyno su\u017evejotos kokybi\u0161kos \u017euvies &#8211; silk\u0117s, sardini\u0173, skumbri\u0173, j\u016br\u0173 lydek\u0173, plek\u0161ni\u0173, e\u0161eri\u0173 ir j\u016br\u0173 lie\u017euvi\u0173. Viskas pristatoma \u0161vie\u017eia laikantis WholePrey\u2122 (viso grobio) koncepcijos. Kiekviename pa\u0161aro k\u0105snelyje gausu\u00a0Omega 3 (DHA, EPA) i\u0161gaunamo i\u0161 laukini\u0173 Brunswick silki\u0173, kuris naudingas imuniteto stiprinimui ir puikiam odos ir kailio&#8230;<\/p>","protected":false},"featured_media":19983,"comment_status":"closed","ping_status":"closed","template":"","meta":{"_acf_changed":false,"slim_seo":{"title":"Orijen Six Fish Cat sausas maistas kat\u0117ms - Zooprekes24","description":"Orijen Six Fish Cat bar\u012bba ir bag\u0101ta ar kvalitat\u012bv\u0101m Klus\u0101 oke\u0101na ziv\u012bm, kas nozvejotas Vank\u016bveras salas zieme\u013cu da\u013c\u0101 - si\u013c\u0137\u0113m, sard\u012bn\u0113m, skumbrij\u0101m, hekiem, j\u016bras zeltplekst\u0113m, plekst\u0113m un hekiem."},"iawp_total_views":251},"product_brand":[],"product_cat":[9027,72,83,25,9028,9016],"product_tag":[1671,1817,1675,1682,1696],"class_list":{"0":"post-23059","1":"product","2":"type-product","3":"status-publish","4":"has-post-thumbnail","6":"product_cat-begrudis-maistas-kaciu-maistas","7":"product_cat-kaciu-maistas","8":"product_cat-kaciu-prekiu-gamintojai","9":"product_cat-katems","10":"product_cat-orijen-kaciu-prekiu-gamintojai","11":"product_cat-sausas-maistas-kaciu-maistas","12":"product_tag-begrudis-kaciu-maistas","13":"product_tag-edalas-katems","14":"product_tag-kaciu-edalas","15":"product_tag-kaciu-maistas-super-premium-klases","16":"product_tag-super-premium-maistas-katems","17":"pa_pasaro-sudetis-darzoves","18":"pa_pasaro-sudetis-uogos","19":"pa_pasaro-sudetis-vaisiai","20":"pa_pasaro-sudetis-zuvis","21":"pa_prekiu-zenklai-orijen","23":"first","24":"instock","25":"featured","26":"taxable","27":"shipping-taxable","28":"purchasable","29":"product-type-variable"},"acf":[],"_links":{"self":[{"href":"https:\/\/zooprekes24.lt\/lv\/wp-json\/wp\/v2\/product\/23059","targetHints":{"allow":["GET"]}}],"collection":[{"href":"https:\/\/zooprekes24.lt\/lv\/wp-json\/wp\/v2\/product"}],"about":[{"href":"https:\/\/zooprekes24.lt\/lv\/wp-json\/wp\/v2\/types\/product"}],"replies":[{"embeddable":true,"href":"https:\/\/zooprekes24.lt\/lv\/wp-json\/wp\/v2\/comments?post=23059"}],"wp:featuredmedia":[{"embeddable":true,"href":"https:\/\/zooprekes24.lt\/lv\/wp-json\/wp\/v2\/media\/19983"}],"wp:attachment":[{"href":"https:\/\/zooprekes24.lt\/lv\/wp-json\/wp\/v2\/media?parent=23059"}],"wp:term":[{"taxonomy":"product_brand","embeddable":true,"href":"https:\/\/zooprekes24.lt\/lv\/wp-json\/wp\/v2\/product_brand?post=23059"},{"taxonomy":"product_cat","embeddable":true,"href":"https:\/\/zooprekes24.lt\/lv\/wp-json\/wp\/v2\/product_cat?post=23059"},{"taxonomy":"product_tag","embeddable":true,"href":"https:\/\/zooprekes24.lt\/lv\/wp-json\/wp\/v2\/product_tag?post=23059"}],"curies":[{"name":"wp","href":"https:\/\/api.w.org\/{rel}","templated":true}]}}