{"id":23056,"date":"2024-04-19T13:14:59","date_gmt":"2024-04-19T10:14:59","guid":{"rendered":"https:\/\/zooprekes24.lt\/produktas\/orijen-original-cat-sausas-maistas-katems\/"},"modified":"2026-03-31T15:23:46","modified_gmt":"2026-03-31T13:23:46","slug":"orijen-original-cat-sausa-kaku-bariba","status":"publish","type":"product","link":"https:\/\/zooprekes24.lt\/lv\/produktas\/orijen-original-cat-sausas-maistas-katems\/","title":{"rendered":"Orijen Original Cat saus\u0101 ka\u0137u bar\u012bba"},"content":{"rendered":"<h3>Orijen Original Cat - recepte ir pagatavota no svaigas vai j\u0113las, br\u012bv\u0101s tur\u0113\u0161anas apst\u0101k\u013cos audz\u0113tas vistas un t\u012btara ga\u013cas un org\u0101niem, kvalitat\u012bv\u0101m savva\u013cas ziv\u012bm, kas no\u0137ertas Klus\u0101 oke\u0101na Zieme\u013cvankuveras sal\u0101, un ol\u0101m no pr\u0113riju saimniec\u012bb\u0101m. Viss tiek pieg\u0101d\u0101ts svaigs saska\u0146\u0101 ar <a href=\"https:\/\/orijen.ca\/en-CA\/orijen-about-fresh_regional_ingredients.html\" target=\"_blank\" rel=\"noopener\">WholePrey\u2122<\/a> j\u0113dziens (kop\u0113j\u0101 laup\u012bjuma).<\/h3>\n<ul>\n<li>Pirm\u0101s 5 sast\u0101vda\u013cas ir svaigi vai neapstr\u0101d\u0101ti m\u0101jputni un zivis.<\/li>\n<li>Recept\u0113 ir 85 % kvalitat\u012bvas dz\u012bvnieku izcelsmes sast\u0101vda\u013cas, kas satur m\u0101jdz\u012bvniekiem nepiecie\u0161am\u0101s olbaltumvielas.<\/li>\n<li>15 % vitam\u012bniem un miner\u0101lviel\u0101m bag\u0101ti aug\u013ci un d\u0101rze\u0146i.<\/li>\n<li>Bez graudaugu, sojas, kukur\u016bzas, kvie\u0161u vai tapiokas piedev\u0101m.<\/li>\n<li>Recept\u0113 izmantota WholePrey koncepcija, lai apmierin\u0101tu ka\u0137u dabisk\u0101s uztura vajadz\u012bbas.<\/li>\n<li>Orijen Original Cat ir ra\u017eots Kan\u0101d\u0101 no vislab\u0101kaj\u0101m un augst\u0101k\u0101s kvalit\u0101tes sast\u0101vda\u013c\u0101m, <a href=\"https:\/\/orijen.ca\/en-CA\/orijen-about-biologically_appropriate.html\" target=\"_blank\" rel=\"noopener\">Biolo\u0123iski piem\u0113rots\u2122<\/a> (Biolo\u0123iski atbilsto\u0161a) formula garant\u0113 vesel\u012bgu un laim\u012bgu ka\u0137i.<\/li>\n<\/ul>","protected":false},"excerpt":{"rendered":"<p>Orijen Original Cat &#8211; receptas yra gaminamas i\u0161 \u0161vie\u017eios arba neapdirbtos, laisv\u0117je u\u017eaugintos, vi\u0161t\u0173 ir kalakut\u0173 m\u0117sos bei organ\u0173,\u00a0\u0160iaur\u0117s Vankuverio saloje i\u0161 Ramiojo vandenyno su\u017evejotos kokybi\u0161kos laukin\u0117s \u017euvies\u00a0bei prerijos \u016bki\u0173 lizduose pad\u0117t\u0173 kiau\u0161ini\u0173.\u00a0Viskas pristatoma \u0161vie\u017eia laikantis WholePrey\u2122 (viso grobio) koncepcijos. Pirmieji 5 ingredientai yra \u0161vie\u017eia arba neapdirbta pauk\u0161tiena bei \u017euvis. Recepte yra 85 % kokybi\u0161k\u0173&#8230;<\/p>","protected":false},"featured_media":19981,"comment_status":"closed","ping_status":"closed","template":"","meta":{"_acf_changed":false,"slim_seo":{"title":"Orijen Original Cat sausas maistas kat\u0117ms - Zooprekes24","description":"Orijen Original Cat - recepte ir pagatavota no svaigas vai j\u0113las, br\u012bv\u0101s tur\u0113\u0161anas apst\u0101k\u013cos audz\u0113tas vistas un t\u012btara ga\u013cas un org\u0101niem no Zieme\u013cvankuveras salas."},"iawp_total_views":789},"product_brand":[],"product_cat":[9027,72,83,25,9028,9016],"product_tag":[1671,1817,1675,1682,1696],"class_list":{"0":"post-23056","1":"product","2":"type-product","3":"status-publish","4":"has-post-thumbnail","6":"product_cat-begrudis-maistas-kaciu-maistas","7":"product_cat-kaciu-maistas","8":"product_cat-kaciu-prekiu-gamintojai","9":"product_cat-katems","10":"product_cat-orijen-kaciu-prekiu-gamintojai","11":"product_cat-sausas-maistas-kaciu-maistas","12":"product_tag-begrudis-kaciu-maistas","13":"product_tag-edalas-katems","14":"product_tag-kaciu-edalas","15":"product_tag-kaciu-maistas-super-premium-klases","16":"product_tag-super-premium-maistas-katems","17":"pa_pasaro-sudetis-darzoves","18":"pa_pasaro-sudetis-kalakutiena","19":"pa_pasaro-sudetis-kiausiniai","20":"pa_pasaro-sudetis-uogos","21":"pa_pasaro-sudetis-vaisiai","22":"pa_pasaro-sudetis-vistiena","23":"pa_pasaro-sudetis-zuvis","24":"pa_prekiu-zenklai-orijen","26":"first","27":"instock","28":"featured","29":"taxable","30":"shipping-taxable","31":"purchasable","32":"product-type-variable"},"acf":[],"_links":{"self":[{"href":"https:\/\/zooprekes24.lt\/lv\/wp-json\/wp\/v2\/product\/23056","targetHints":{"allow":["GET"]}}],"collection":[{"href":"https:\/\/zooprekes24.lt\/lv\/wp-json\/wp\/v2\/product"}],"about":[{"href":"https:\/\/zooprekes24.lt\/lv\/wp-json\/wp\/v2\/types\/product"}],"replies":[{"embeddable":true,"href":"https:\/\/zooprekes24.lt\/lv\/wp-json\/wp\/v2\/comments?post=23056"}],"wp:featuredmedia":[{"embeddable":true,"href":"https:\/\/zooprekes24.lt\/lv\/wp-json\/wp\/v2\/media\/19981"}],"wp:attachment":[{"href":"https:\/\/zooprekes24.lt\/lv\/wp-json\/wp\/v2\/media?parent=23056"}],"wp:term":[{"taxonomy":"product_brand","embeddable":true,"href":"https:\/\/zooprekes24.lt\/lv\/wp-json\/wp\/v2\/product_brand?post=23056"},{"taxonomy":"product_cat","embeddable":true,"href":"https:\/\/zooprekes24.lt\/lv\/wp-json\/wp\/v2\/product_cat?post=23056"},{"taxonomy":"product_tag","embeddable":true,"href":"https:\/\/zooprekes24.lt\/lv\/wp-json\/wp\/v2\/product_tag?post=23056"}],"curies":[{"name":"wp","href":"https:\/\/api.w.org\/{rel}","templated":true}]}}