{"id":23021,"date":"2024-04-19T13:14:38","date_gmt":"2024-04-19T10:14:38","guid":{"rendered":"https:\/\/zooprekes24.lt\/produktas\/dr-clauders-barf-menkiu-kepenu-aliejus\/"},"modified":"2026-02-17T13:11:34","modified_gmt":"2026-02-17T11:11:34","slug":"dr-clauders-barf-mencu-aknu-ella","status":"publish","type":"product","link":"https:\/\/zooprekes24.lt\/lv\/produktas\/dr-clauders-barf-menkiu-kepenu-aliejus\/","title":{"rendered":"Dr. Clauder&#8217;s Barf grynas menki\u0173 kepen\u0173 aliejus \u0161unims ir kat\u0117ms"},"content":{"rendered":"<h3>Dr. Clauder's Barf t\u012bra mencu aknu e\u013c\u013ca su\u0146iem un ka\u0137iem ir dabiska bar\u012bbas piedeva.<\/h3>\n<p>Mencu aknu e\u013c\u013ca satur dabiskos A un D vitam\u012bnus, kas ir \u013coti svar\u012bgi organismam. A vitam\u012bns stimul\u0113 aug\u0161anu, padara apmatojumu sp\u012bd\u012bgu, mitrina \u0101du un g\u013cot\u0101das, k\u0101 ar\u012b nov\u0113r\u0161 hemor\u0101\u0123iju (neredzam\u012bbu kr\u0113sl\u0101). D vitam\u012bns stiprina kaulu strukt\u016bru. <a href=\"https:\/\/www.youtube.com\/watch?v=ufmPGsmFvJo\" target=\"_blank\" rel=\"noopener\">Dr. Clauder's<\/a> E\u013c\u013c\u0101 eso\u0161\u0101s labv\u0113l\u012bg\u0101s vielas labv\u0113l\u012bgi ietekm\u0113 m\u0101jdz\u012bvnieka vielmai\u0146u un asinsvadu sist\u0113mu. T\u0101 ir ide\u0101li piem\u0113rota k\u0101 dab\u012bgs papildin\u0101jums B.A.R.F. di\u0113tai, ja to p\u0101rkaisa bar\u012bb\u0101.<\/p>\n<h3>Kuru e\u013c\u013cu izv\u0113l\u0113ties: la\u0161a, mencu aknu vai ka\u0146epju?<\/h3>\n<p><span class=\"&quot;hps&quot;\">Gan la\u0161u, gan mencu, gan ka\u0146epju e\u013c\u013cas ir bag\u0101tas ar b\u016btisk\u0101m bar\u012bbas viel\u0101m m\u0101jdz\u012bvniekiem. <a href=\"https:\/\/zooprekes24.lt\/lv\/products\/brit-care-lassi-ella\/\" target=\"_blank\" rel=\"noopener\">Omega-3<\/a> un <a href=\"https:\/\/zooprekes24.lt\/lv\/products\/dr-clauders-barf-lassi-ella\/\" target=\"_blank\" rel=\"noopener\">Omega-6<\/a> tauksk\u0101bes<\/span><span class=\"&quot;hps&quot;\">Miss. <\/span>Lasis tiek uzskat\u012bts par vienu no \"t\u012br\u0101kaj\u0101m\" ziv\u012bm, kas parasti dz\u012bvo t\u012br\u0101kos \u016bde\u0146os, piem\u0113ram, Norv\u0113\u0123ijas \u016bde\u0146os (kas ir galvenais la\u0161a e\u013c\u013cas avots). La\u0161a e\u013c\u013ca tiek ra\u017eota no zivju e\u013c\u013cas. Taj\u0101 ir at\u0161\u0137ir\u012bga EPA un DHA attiec\u012bba, t\u0101p\u0113c to peln\u012bti sauc par \"neapstr\u0101d\u0101tu la\u0161a e\u013c\u013cu\" (dabiska, maz\u0101k apstr\u0101d\u0101ta e\u013c\u013ca).<\/p>\n<p>Dr. Clauder's mencu aknu e\u013c\u013ca at\u0161\u0137ir\u012bb\u0101 no cit\u0101m zivju e\u013c\u013c\u0101m ir ieg\u016bta no mencu akn\u0101m. Zivju aknas satur A vitam\u012bnu un D vitam\u012bnu, kas \u0161\u0137\u012bst taukos. Veselam m\u0101jdz\u012bvniekam, kuram nav nepiecie\u0161ami papildu vitam\u012bni vesel\u012bbas uzlabo\u0161anai, lab\u0101k izv\u0113l\u0113ties la\u0161u e\u013c\u013cu un multivitam\u012bnus atbilsto\u0161i m\u0101jdz\u012bvnieka vecumam, lai nodro\u0161in\u0101tu organismu ar vis\u0101m nepiecie\u0161amaj\u0101m uzturviel\u0101m. Tiem m\u0101jdz\u012bvniekiem, kuri regul\u0101ri nesa\u0146em taukos \u0161\u0137\u012bsto\u0161us vitam\u012bnus, ide\u0101li der Dr. Clauder t\u012bra mencu aknu e\u013c\u013ca, kas bag\u0101tin\u0101ta ar A un D vitam\u012bniem.<\/p>\n<p>Ka\u0146epju e\u013c\u013ca ir ide\u0101li piem\u0113rota \u0101das probl\u0113mu, da\u017e\u0101du iekaisumu, hronisku slim\u012bbu un nov\u0101jin\u0101tas im\u016bnsist\u0113mas \u0101rst\u0113\u0161anai. M\u016bsu m\u0101jdz\u012bvnieku organisms ir \u013coti l\u012bdz\u012bgs m\u016bsu pa\u0161u organismam - ar\u012b vi\u0146i k\u013c\u016bst v\u0101ji, slimo un var justies izs\u012bku\u0161i. T\u0101p\u0113c, lai nomierin\u0101tu vai pal\u012bdz\u0113tu atjaunot l\u012bdzsvaru j\u016bsu m\u0101jdz\u012bvnieka nov\u0101jin\u0101tajam organismam - Dr. Clauder auksti spiesta ka\u0146epju e\u013c\u013ca var b\u016bt lielisks s\u0101kums ce\u013c\u0101 uz lab\u0101ku j\u016bsu m\u012blu\u013ca pa\u0161saj\u016btu.<\/p>","protected":false},"excerpt":{"rendered":"<p>Dr. Clauder&#8217;s Barf grynas menki\u0173 kepen\u0173 aliejus \u0161unims ir kat\u0117ms &#8211; nat\u016bralus pa\u0161ar\u0173 papildas. Menki\u0173 kepen\u0173 aliejuje yra nat\u016brali\u0173 vitamin\u0173 A ir D, b\u016btin\u0173 organizmui. Vitaminas A stimuliuoja augim\u0105, suteikia kailiui blizgesio, dr\u0117kina od\u0105 ir gleivin\u0119, apsaugo nuo hemeralopijos (nematymo prieblandoje). Vitaminas D stiprina kaul\u0173 strukt\u016br\u0105. Dr. Clauder&#8217;s aliejuje esan\u010dios naudingos med\u017eiagos turi teigiama poveiki&#8230;<\/p>","protected":false},"featured_media":45958,"comment_status":"closed","ping_status":"closed","template":"","meta":{"_acf_changed":false,"slim_seo":{"title":"Dr. Clauder's Barf grynas menki\u0173 kepen\u0173 aliejus \u0161unims ir kat\u0117ms - Zooprekes24","description":"Dr. Clauder's Barf t\u012bra mencu aknu e\u013c\u013ca su\u0146iem un ka\u0137iem ir dabiska bar\u012bbas piedeva. Mencu aknu e\u013c\u013ca satur dab\u012bgus A un D vitam\u012bnus, kas ir svar\u012bgi org\u0101nu darb\u012bbas nodro\u0161in\u0101\u0161anai."},"iawp_total_views":508},"product_brand":[],"product_cat":[9236,9003,83,25,104,32,8999,31,9017,9022],"product_tag":[],"class_list":{"0":"post-23021","1":"product","2":"type-product","3":"status-publish","4":"has-post-thumbnail","6":"product_cat-dr-clauders-katems","7":"product_cat-dr-clauders-sunims","8":"product_cat-kaciu-prekiu-gamintojai","9":"product_cat-katems","10":"product_cat-kitos-kaciu-prekes","11":"product_cat-kitos-sunu-prekes","12":"product_cat-sunims","13":"product_cat-sunu-prekiu-gamintojai","14":"product_cat-vitaminai-ir-papildai-katems","15":"product_cat-vitaminai-ir-papildai-sunims","16":"pa_prekiu-zenklai-dr-clauders","17":"pa_suns-amzius-jauniems","18":"pa_suns-amzius-senjorams","19":"pa_suns-amzius-suaugusiems","20":"pa_suns-amzius-visiems-amziams","21":"pa_veisles-dydis-didelems-veislems","22":"pa_veisles-dydis-mazoms-veislems","23":"pa_veisles-dydis-vidutinems-veislems","24":"pa_veisles-dydis-visu-dydziu-veislems","26":"first","27":"instock","28":"featured","29":"taxable","30":"shipping-taxable","31":"purchasable","32":"product-type-variable"},"acf":[],"_links":{"self":[{"href":"https:\/\/zooprekes24.lt\/lv\/wp-json\/wp\/v2\/product\/23021","targetHints":{"allow":["GET"]}}],"collection":[{"href":"https:\/\/zooprekes24.lt\/lv\/wp-json\/wp\/v2\/product"}],"about":[{"href":"https:\/\/zooprekes24.lt\/lv\/wp-json\/wp\/v2\/types\/product"}],"replies":[{"embeddable":true,"href":"https:\/\/zooprekes24.lt\/lv\/wp-json\/wp\/v2\/comments?post=23021"}],"wp:featuredmedia":[{"embeddable":true,"href":"https:\/\/zooprekes24.lt\/lv\/wp-json\/wp\/v2\/media\/45958"}],"wp:attachment":[{"href":"https:\/\/zooprekes24.lt\/lv\/wp-json\/wp\/v2\/media?parent=23021"}],"wp:term":[{"taxonomy":"product_brand","embeddable":true,"href":"https:\/\/zooprekes24.lt\/lv\/wp-json\/wp\/v2\/product_brand?post=23021"},{"taxonomy":"product_cat","embeddable":true,"href":"https:\/\/zooprekes24.lt\/lv\/wp-json\/wp\/v2\/product_cat?post=23021"},{"taxonomy":"product_tag","embeddable":true,"href":"https:\/\/zooprekes24.lt\/lv\/wp-json\/wp\/v2\/product_tag?post=23021"}],"curies":[{"name":"wp","href":"https:\/\/api.w.org\/{rel}","templated":true}]}}