{"id":23018,"date":"2024-04-19T13:14:38","date_gmt":"2024-04-19T10:14:38","guid":{"rendered":"https:\/\/zooprekes24.lt\/produktas\/dr-clauders-barf-lasisu-aliejus\/"},"modified":"2026-02-17T12:56:32","modified_gmt":"2026-02-17T10:56:32","slug":"dr-clauders-barf-lassi-ella","status":"publish","type":"product","link":"https:\/\/zooprekes24.lt\/lv\/produktas\/dr-clauders-barf-lasisu-aliejus\/","title":{"rendered":"Dr. Clauder&#8217;s Barf grynas la\u0161i\u0161\u0173 aliejus \u0161unims ir kat\u0117ms"},"content":{"rendered":"<h3>Dr. Clauder's Barf t\u012bra la\u0161a e\u013c\u013ca su\u0146iem un ka\u0137iem ir dab\u012bgs bar\u012bbas papildin\u0101jums.<\/h3>\n<p>\u0160\u012b e\u013c\u013ca ir lielisks <a href=\"https:\/\/zooprekes24.lt\/lv\/?s=omega+3&amp;post_type=product&amp;product_cat=0\" target=\"_blank\" rel=\"noopener noreferrer\">Omega 3<\/a> tauksk\u0101bju (EPA un DHA) avots, kas labv\u0113l\u012bgi ietekm\u0113 daudzus vielmai\u0146as procesus organism\u0101. EPA piem\u012bt dabiska pretiekaisuma iedarb\u012bba, savuk\u0101rt DHA ir saist\u012bta ar smadze\u0146u un t\u012bklenes strukt\u016bru. <a href=\"https:\/\/www.youtube.com\/watch?v=ufmPGsmFvJo\" target=\"_blank\" rel=\"noopener\">Dr. Clauder's<\/a> Barf la\u0161a e\u013c\u013ca lieliski l\u012bdzsvaro Omega 3 un Omega 6 e\u013c\u013cu attiec\u012bbu, k\u0101 rezult\u0101t\u0101 iev\u0113rojami samazin\u0101s holester\u012bna l\u012bmenis asin\u012bs. Regul\u0101ra la\u0161a e\u013c\u013cas lieto\u0161ana padara j\u016bsu m\u012blu\u013ca matus biezus un sp\u012bd\u012bgus.<\/p>\n<h3>E\u013c\u013cas lieto\u0161ana pal\u012bdz ar\u012b pie da\u017e\u0101m vesel\u012bbas probl\u0113m\u0101m, piem\u0113ram:<\/h3>\n<ul>\n<li>Boj\u0101ti mati un intens\u012bva baro\u0161ana.<\/li>\n<li>\u0100das lob\u012b\u0161an\u0101s.<\/li>\n<li>Sausa \u0101da.<\/li>\n<li>\u0100das iekaisumi.<\/li>\n<li>niezo\u0161a, niezo\u0161a \u0101da.<\/li>\n<li>nosliece uz aler\u0123isk\u0101m reakcij\u0101m.<\/li>\n<li>P\u0101rspr\u0101g\u0161ana.<\/li>\n<li>Ekz\u0113ma.<\/li>\n<li>Pigment\u0101cijas probl\u0113mas.<\/li>\n<li>Im\u016bnsist\u0113mas slim\u012bbas.<\/li>\n<li>Reprodukt\u012bv\u0101s probl\u0113mas.<\/li>\n<\/ul>\n<h3>Kuru e\u013c\u013cu izv\u0113l\u0113ties: la\u0161a, mencu aknu vai ka\u0146epju?<\/h3>\n<p><span class=\"&quot;hps&quot;\">Gan la\u0161u, gan mencu, gan ka\u0146epju e\u013c\u013cas ir bag\u0101tas ar b\u016btisk\u0101m bar\u012bbas viel\u0101m m\u0101jdz\u012bvniekiem. <a href=\"https:\/\/zooprekes24.lt\/lv\/products\/brit-care-lassi-ella\/\" target=\"_blank\" rel=\"noopener\">Omega-3<\/a> un <a href=\"https:\/\/zooprekes24.lt\/lv\/products\/dr-clauders-barf-lassi-ella\/\" target=\"_blank\" rel=\"noopener\">Omega-6<\/a> tauksk\u0101bes<\/span><span class=\"&quot;hps&quot;\">Miss. <\/span>Lasis tiek uzskat\u012bts par vienu no \"t\u012br\u0101kaj\u0101m\" ziv\u012bm, kas parasti dz\u012bvo t\u012br\u0101kos \u016bde\u0146os, piem\u0113ram, Norv\u0113\u0123ijas \u016bde\u0146os (kas ir galvenais la\u0161a e\u013c\u013cas avots). La\u0161a e\u013c\u013ca tiek ra\u017eota no zivju e\u013c\u013cas. Taj\u0101 ir at\u0161\u0137ir\u012bga EPA un DHA attiec\u012bba, t\u0101p\u0113c to peln\u012bti sauc par \"neapstr\u0101d\u0101tu la\u0161a e\u013c\u013cu\" (dabiska, maz\u0101k apstr\u0101d\u0101ta e\u013c\u013ca).<\/p>\n<p>Dr. Clauder's Barf mencu aknu e\u013c\u013ca at\u0161\u0137ir\u012bb\u0101 no cit\u0101m zivju e\u013c\u013c\u0101m ir ieg\u016bta no mencu akn\u0101m. Zivju aknas satur A vitam\u012bnu un D vitam\u012bnu, kas \u0161\u0137\u012bst taukos. Veselam m\u0101jdz\u012bvniekam, kuram nav nepiecie\u0161ami papildu vitam\u012bni vesel\u012bbas uzlabo\u0161anai, lab\u0101k izv\u0113l\u0113ties la\u0161u e\u013c\u013cu un multivitam\u012bnus atbilsto\u0161i m\u0101jdz\u012bvnieka vecumam, lai nodro\u0161in\u0101tu organismu ar vis\u0101m nepiecie\u0161amaj\u0101m uzturviel\u0101m. Tiem m\u0101jdz\u012bvniekiem, kuri regul\u0101ri nesa\u0146em taukos \u0161\u0137\u012bsto\u0161us vitam\u012bnus, ide\u0101li der Dr. Clauder t\u012bra mencu aknu e\u013c\u013ca, kas bag\u0101tin\u0101ta ar A un D vitam\u012bniem.<\/p>\n<p>Ka\u0146epju e\u013c\u013ca ir ide\u0101li piem\u0113rota \u0101das probl\u0113mu, da\u017e\u0101du iekaisumu, hronisku slim\u012bbu un nov\u0101jin\u0101tas im\u016bnsist\u0113mas \u0101rst\u0113\u0161anai. M\u016bsu m\u0101jdz\u012bvnieku organisms ir \u013coti l\u012bdz\u012bgs m\u016bsu pa\u0161u organismam - ar\u012b vi\u0146i k\u013c\u016bst v\u0101ji, slimo un var justies izs\u012bku\u0161i. T\u0101p\u0113c, lai nomierin\u0101tu vai pal\u012bdz\u0113tu atjaunot l\u012bdzsvaru j\u016bsu m\u0101jdz\u012bvnieka nov\u0101jin\u0101tajam organismam - Dr. Clauder's Barf auksti spiesta ka\u0146epju e\u013c\u013ca var b\u016bt lielisks s\u0101kums ce\u013c\u0101 uz lab\u0101ku j\u016bsu m\u012blu\u013ca pa\u0161saj\u016btu.<\/p>","protected":false},"excerpt":{"rendered":"<p>Dr. Clauder's Barf t\u012bra la\u0161a e\u013c\u013ca su\u0146iem un ka\u0137iem ir dab\u012bgs bar\u012bbas papildin\u0101jums. \u0160\u012b e\u013c\u013ca ir lielisks omega 3 tauksk\u0101bju (EPA un DHA) avots, kas labv\u0113l\u012bgi ietekm\u0113 daudzus vielmai\u0146as procesus organism\u0101. EPA piem\u012bt dabiska pretiekaisuma iedarb\u012bba, bet DHA ir iesaist\u012bta smadze\u0146u un t\u012bklenes strukt\u016br\u0101. Dr. Clauder's Barf Salmon Oil lieliski l\u012bdzsvaro omega 3 un omega 3 tauksk\u0101bes.....<\/p>","protected":false},"featured_media":45956,"comment_status":"closed","ping_status":"closed","template":"","meta":{"_acf_changed":false,"slim_seo":{"title":"Dr. Clauder's Barf grynas la\u0161i\u0161\u0173 aliejus \u0161unims ir kat\u0117ms - Zooprekes24","description":"Dr. Clauder's Barf t\u012bra la\u0161a e\u013c\u013ca su\u0146iem un ka\u0137iem ir dab\u012bgs bar\u012bbas papildin\u0101jums. \u0160\u012b e\u013c\u013ca ir lielisks omega 3 tauksk\u0101bju (EPA un DHA) avots un satur"},"iawp_total_views":633},"product_brand":[],"product_cat":[9236,9003,83,25,104,32,8999,31,9017,9022],"product_tag":[],"class_list":{"0":"post-23018","1":"product","2":"type-product","3":"status-publish","4":"has-post-thumbnail","6":"product_cat-dr-clauders-katems","7":"product_cat-dr-clauders-sunims","8":"product_cat-kaciu-prekiu-gamintojai","9":"product_cat-katems","10":"product_cat-kitos-kaciu-prekes","11":"product_cat-kitos-sunu-prekes","12":"product_cat-sunims","13":"product_cat-sunu-prekiu-gamintojai","14":"product_cat-vitaminai-ir-papildai-katems","15":"product_cat-vitaminai-ir-papildai-sunims","16":"pa_prekiu-zenklai-dr-clauders","17":"pa_suns-amzius-jauniems","18":"pa_suns-amzius-senjorams","19":"pa_suns-amzius-suaugusiems","20":"pa_suns-amzius-visiems-amziams","21":"pa_veisles-dydis-didelems-veislems","22":"pa_veisles-dydis-mazoms-veislems","23":"pa_veisles-dydis-vidutinems-veislems","24":"pa_veisles-dydis-visu-dydziu-veislems","26":"first","27":"instock","28":"featured","29":"taxable","30":"shipping-taxable","31":"purchasable","32":"product-type-variable"},"acf":[],"_links":{"self":[{"href":"https:\/\/zooprekes24.lt\/lv\/wp-json\/wp\/v2\/product\/23018","targetHints":{"allow":["GET"]}}],"collection":[{"href":"https:\/\/zooprekes24.lt\/lv\/wp-json\/wp\/v2\/product"}],"about":[{"href":"https:\/\/zooprekes24.lt\/lv\/wp-json\/wp\/v2\/types\/product"}],"replies":[{"embeddable":true,"href":"https:\/\/zooprekes24.lt\/lv\/wp-json\/wp\/v2\/comments?post=23018"}],"wp:featuredmedia":[{"embeddable":true,"href":"https:\/\/zooprekes24.lt\/lv\/wp-json\/wp\/v2\/media\/45956"}],"wp:attachment":[{"href":"https:\/\/zooprekes24.lt\/lv\/wp-json\/wp\/v2\/media?parent=23018"}],"wp:term":[{"taxonomy":"product_brand","embeddable":true,"href":"https:\/\/zooprekes24.lt\/lv\/wp-json\/wp\/v2\/product_brand?post=23018"},{"taxonomy":"product_cat","embeddable":true,"href":"https:\/\/zooprekes24.lt\/lv\/wp-json\/wp\/v2\/product_cat?post=23018"},{"taxonomy":"product_tag","embeddable":true,"href":"https:\/\/zooprekes24.lt\/lv\/wp-json\/wp\/v2\/product_tag?post=23018"}],"curies":[{"name":"wp","href":"https:\/\/api.w.org\/{rel}","templated":true}]}}