{"id":23015,"date":"2024-04-19T13:14:38","date_gmt":"2024-04-19T10:14:38","guid":{"rendered":"https:\/\/zooprekes24.lt\/produktas\/canina-biotin-forte-tabletes\/"},"modified":"2026-04-01T13:43:46","modified_gmt":"2026-04-01T11:43:46","slug":"canina-biotina-forte-tabletes","status":"publish","type":"product","link":"https:\/\/zooprekes24.lt\/lv\/produktas\/canina-biotin-forte-tabletes\/","title":{"rendered":"Canina Biotin Forte tabletes su\u0146iem, \u0101das un apmatojuma stiprin\u0101\u0161anai"},"content":{"rendered":"<h3>Canina Biotin Forte tabletes ir uztura bag\u0101tin\u0101t\u0101js su\u0146iem \u0101das un ka\u017eoka st\u0101vok\u013ca uzlabo\u0161anai, lai padar\u012btu ka\u017eoku sp\u012bd\u012bgu un uztur\u0113tu optim\u0101lu matu pigment\u0101ciju. Uztura probl\u0113mas bie\u017ei vien ir saist\u012btas ar su\u0146a <a href=\"https:\/\/zooprekes24.lt\/lv\/?s=biotino&amp;post_type=product\" target=\"_blank\" rel=\"noopener\">biot\u012bns<\/a> un B vitam\u012bnu kompleksa tr\u016bkums, kas izpau\u017eas k\u0101 ekz\u0113ma, niezo\u0161a \u0101da, \u0101das raupjums, matu izkri\u0161ana, plik\u0161ana, pigment\u0101cijas probl\u0113mas, blaugznas, sausa \u0101da un trausli nagi.<\/h3>\n<ul>\n<li><a href=\"https:\/\/www.canina.de\/en\/dogs\/skin-coat\/55\/biotin-forte-tablets\" target=\"_blank\" rel=\"noopener\">Biot\u012bns Forte<\/a> satur lielu daudzumu biot\u012bna.<\/li>\n<li>30 tabletes 100 g iepakojum\u0101 un 210 tabletes 700 g iepakojum\u0101.<\/li>\n<li>\u0160\u012bs tabletes ieteicams lietot gr\u016btniec\u0113m un kuc\u0113m lakt\u0101cijas period\u0101.<\/li>\n<li>Uztura bag\u0101tin\u0101t\u0101js satur lielu daudzumu dab\u012bgo B-kompleksa vitam\u012bnu (B1, B2, B6, B12).<\/li>\n<\/ul>","protected":false},"excerpt":{"rendered":"<p>Canina Biotin Forte tablet\u0117s &#8211; maisto papildas skirtas \u0161unims siekiant pagerinti odos ir kailio b\u016bkl\u0119, suteikti kailiui \u017evilgesio ir palaikyti optimali\u0105 plauko pigmentacij\u0105.\u00a0Su \u0161uns mitybos problemomis da\u017enai susij\u0119 biotino ir vitamino B komplekso tr\u016bkumas, kuris pasirei\u0161kia: egzema, odos nie\u017e\u0117jimu, kailio \u0161iurk\u0161tumu, slinkimu, papilk\u0117jimu, pigmentacijos problemomis, pleiskanojimu, odos sausumu, nag\u0173 l\u016b\u017ein\u0117jimu. Biotin Forte sud\u0117tyje didelis kiekis&#8230;<\/p>","protected":false},"featured_media":19973,"comment_status":"closed","ping_status":"closed","template":"","meta":{"_acf_changed":false,"slim_seo":{"title":"Canina Biotin Forte tablet\u0117s \u0161unims, odos ir kailio stiprinimui - Zooprekes24","description":"Canina Biotin Forte tabletes - uztura bag\u0101tin\u0101t\u0101js su\u0146iem \u0101das un ka\u017eoka st\u0101vok\u013ca uzlabo\u0161anai, lai padar\u012btu ka\u017eoku sp\u012bd\u012bgu un uztur\u0113tu optim\u0101lu matu vesel\u012bbu."},"iawp_total_views":195},"product_brand":[],"product_cat":[9072,32,8999,31,9022],"product_tag":[1358,2441],"class_list":{"0":"post-23015","1":"product","2":"type-product","3":"status-publish","4":"has-post-thumbnail","6":"product_cat-canina","7":"product_cat-kitos-sunu-prekes","8":"product_cat-sunims","9":"product_cat-sunu-prekiu-gamintojai","10":"product_cat-vitaminai-ir-papildai-sunims","11":"product_tag-papildai-suns-kailiui","12":"product_tag-vitaminai","13":"pa_prekiu-zenklai-canina","14":"pa_suns-amzius-jauniems","15":"pa_suns-amzius-senjorams","16":"pa_suns-amzius-suaugusiems","17":"pa_suns-amzius-visiems-amziams","18":"pa_veisles-dydis-didelems-veislems","19":"pa_veisles-dydis-mazoms-veislems","20":"pa_veisles-dydis-vidutinems-veislems","21":"pa_veisles-dydis-visu-dydziu-veislems","23":"first","24":"instock","25":"featured","26":"taxable","27":"shipping-taxable","28":"purchasable","29":"product-type-variable"},"acf":[],"_links":{"self":[{"href":"https:\/\/zooprekes24.lt\/lv\/wp-json\/wp\/v2\/product\/23015","targetHints":{"allow":["GET"]}}],"collection":[{"href":"https:\/\/zooprekes24.lt\/lv\/wp-json\/wp\/v2\/product"}],"about":[{"href":"https:\/\/zooprekes24.lt\/lv\/wp-json\/wp\/v2\/types\/product"}],"replies":[{"embeddable":true,"href":"https:\/\/zooprekes24.lt\/lv\/wp-json\/wp\/v2\/comments?post=23015"}],"wp:featuredmedia":[{"embeddable":true,"href":"https:\/\/zooprekes24.lt\/lv\/wp-json\/wp\/v2\/media\/19973"}],"wp:attachment":[{"href":"https:\/\/zooprekes24.lt\/lv\/wp-json\/wp\/v2\/media?parent=23015"}],"wp:term":[{"taxonomy":"product_brand","embeddable":true,"href":"https:\/\/zooprekes24.lt\/lv\/wp-json\/wp\/v2\/product_brand?post=23015"},{"taxonomy":"product_cat","embeddable":true,"href":"https:\/\/zooprekes24.lt\/lv\/wp-json\/wp\/v2\/product_cat?post=23015"},{"taxonomy":"product_tag","embeddable":true,"href":"https:\/\/zooprekes24.lt\/lv\/wp-json\/wp\/v2\/product_tag?post=23015"}],"curies":[{"name":"wp","href":"https:\/\/api.w.org\/{rel}","templated":true}]}}