{"id":23008,"date":"2024-04-19T13:14:27","date_gmt":"2024-04-19T10:14:27","guid":{"rendered":"https:\/\/zooprekes24.lt\/produktas\/brit-care-indoor-anti-stress\/"},"modified":"2024-06-21T19:33:13","modified_gmt":"2024-06-21T16:33:13","slug":"brit-aprupe-iekstelpas-pret-stresu","status":"publish","type":"product","link":"https:\/\/zooprekes24.lt\/lv\/produktas\/brit-care-indoor-anti-stress\/","title":{"rendered":"Brit Care Indoor Anti-stress saus\u0101 ka\u0137u bar\u012bba"},"content":{"rendered":"<h3>Brit Care Indoor Anti-stress - viegli sagremojama saus\u0101 bar\u012bba <a href=\"https:\/\/www.youtube.com\/watch?v=cYtKN_XLHH0\" target=\"_blank\" rel=\"noopener\">bez graudaugiem<\/a>. M\u0101j\u0101s dz\u012bvojo\u0161us ka\u0137us bie\u017ei vien stres\u0113 jebk\u0101das izmai\u0146as vid\u0113, piem\u0113ram, jauns \u0123imenes loceklis, m\u0113be\u013cu p\u0101rve\u0161ana, m\u0101jok\u013ca mai\u0146a utt. Visi \u0161ie faktori negat\u012bvi ietekm\u0113 ka\u0137u nervu un asinsrites sist\u0113mu.<\/h3>\n<ul>\n<li>Bez graudaugiem, kr\u0101sviel\u0101m, konservantiem, \u0122MO un sojas.<\/li>\n<li>Probiotikas un antioksidanti stiprina im\u016bnsist\u0113mu un veicina vesel\u012bgu gremo\u0161anu.<\/li>\n<li>Svaiga vistas ga\u013ca pie\u0161\u0137ir bar\u012bbai gar\u0161u un arom\u0101tu, kas k\u0101rdina pat vispras\u012bg\u0101kos ka\u0137us.<\/li>\n<li>Anti-tangle Complex - Brit Care Indoor Anti-stress satur \u0161\u0137iedrviel\u0101m bag\u0101tu \u0137irbi, \u017e\u0101v\u0113tus \u0101bolus, ce\u013cmallapu s\u0113klas un mizas. <a href=\"https:\/\/zooprekes24.lt\/lv\/?s=hairball&amp;post_type=product\" target=\"_blank\" rel=\"noopener\">pal\u012bdz no ku\u0146\u0123a viegli no\u0146emt matu \u0137em\u0113rus.<\/a><\/li>\n<li>Ka\u0137u z\u0101le ir labi zin\u0101ma ar savu sp\u0113ju nodro\u0161in\u0101t ka\u0137iem dabisku un efekt\u012bvu aizsardz\u012bbu pret stresu. T\u0101 stabiliz\u0113 sirdsdarb\u012bbu un samazina augstu asinsspiedienu, pal\u012bdzot ka\u0137iem tikt gal\u0101 ar stresu, kas saist\u012bts ar dz\u012bvi m\u0101j\u0101s.<\/li>\n<\/ul>","protected":false},"excerpt":{"rendered":"<p>Brit Care Indoor Anti-stress &#8211; lengvai vir\u0161kinamas sausas maistas be gr\u016bd\u0173. Namie gyvenan\u010dios kat\u0117s da\u017enai patiria \u012fvair\u0173 stres\u0105, kur\u012f gali sukelti bet kokie poky\u010diai j\u0173 aplinkoje \u2013 pavyzd\u017eiui, naujas \u0161eimos narys, perstumdyti baldai, persikraustymas ir kt. Visi \u0161ie veiksniai neigiamai veikia ka\u010di\u0173 nerv\u0173 ir kraujotakos sistemas. Be gr\u016bd\u0173, da\u017eikli\u0173, konservant\u0173, GMO ir soj\u0173. Probiotikai ir&#8230;<\/p>","protected":false},"featured_media":27637,"comment_status":"closed","ping_status":"closed","template":"","meta":{"_acf_changed":false,"slim_seo":{"title":"Brit Care Indoor Anti-stress sausas maistas kat\u0117ms - Zooprekes24","description":"Brit Care Indoor Anti-stress - viegli sagremojama saus\u0101 bar\u012bba bez graudiem. M\u0101j\u0101s dz\u012bvojo\u0161ie ka\u0137i bie\u017ei ir pak\u013cauti visda\u017e\u0101d\u0101kaj\u0101m stresa situ\u0101cij\u0101m, ko var izrais\u012bt jebk\u0101da veida p"},"iawp_total_views":251},"product_brand":[],"product_cat":[9027,9047,72,83,25,9016],"product_tag":[1671,1843,1845,1817,1675,1682,1850,1696],"class_list":{"0":"post-23008","1":"product","2":"type-product","3":"status-publish","4":"has-post-thumbnail","6":"product_cat-begrudis-maistas-kaciu-maistas","7":"product_cat-brit-care-kaciu-prekiu-gamintojai","8":"product_cat-kaciu-maistas","9":"product_cat-kaciu-prekiu-gamintojai","10":"product_cat-katems","11":"product_cat-sausas-maistas-kaciu-maistas","12":"product_tag-begrudis-kaciu-maistas","13":"product_tag-brit-care-namie-gyvenancioms-katems","14":"product_tag-brit-care-sterilizuotoms-katems","15":"product_tag-edalas-katems","16":"product_tag-kaciu-edalas","17":"product_tag-kaciu-maistas-super-premium-klases","18":"product_tag-kates-slapimo-takams","19":"product_tag-super-premium-maistas-katems","20":"pa_pasaro-sudetis-darzoves","21":"pa_pasaro-sudetis-vaisiai","22":"pa_pasaro-sudetis-vistiena","23":"pa_prekiu-zenklai-brit-care","25":"first","26":"instock","27":"featured","28":"taxable","29":"shipping-taxable","30":"purchasable","31":"product-type-variable"},"acf":[],"_links":{"self":[{"href":"https:\/\/zooprekes24.lt\/lv\/wp-json\/wp\/v2\/product\/23008","targetHints":{"allow":["GET"]}}],"collection":[{"href":"https:\/\/zooprekes24.lt\/lv\/wp-json\/wp\/v2\/product"}],"about":[{"href":"https:\/\/zooprekes24.lt\/lv\/wp-json\/wp\/v2\/types\/product"}],"replies":[{"embeddable":true,"href":"https:\/\/zooprekes24.lt\/lv\/wp-json\/wp\/v2\/comments?post=23008"}],"wp:featuredmedia":[{"embeddable":true,"href":"https:\/\/zooprekes24.lt\/lv\/wp-json\/wp\/v2\/media\/27637"}],"wp:attachment":[{"href":"https:\/\/zooprekes24.lt\/lv\/wp-json\/wp\/v2\/media?parent=23008"}],"wp:term":[{"taxonomy":"product_brand","embeddable":true,"href":"https:\/\/zooprekes24.lt\/lv\/wp-json\/wp\/v2\/product_brand?post=23008"},{"taxonomy":"product_cat","embeddable":true,"href":"https:\/\/zooprekes24.lt\/lv\/wp-json\/wp\/v2\/product_cat?post=23008"},{"taxonomy":"product_tag","embeddable":true,"href":"https:\/\/zooprekes24.lt\/lv\/wp-json\/wp\/v2\/product_tag?post=23008"}],"curies":[{"name":"wp","href":"https:\/\/api.w.org\/{rel}","templated":true}]}}