{"id":22987,"date":"2024-04-19T13:12:54","date_gmt":"2024-04-19T10:12:54","guid":{"rendered":"https:\/\/zooprekes24.lt\/produktas\/miamor-vitaldrink-katems-su-vistiena\/"},"modified":"2026-02-18T13:25:22","modified_gmt":"2026-02-18T11:25:22","slug":"miamor-vitaldrink-kakiem-ar-vistas-galu","status":"publish","type":"product","link":"https:\/\/zooprekes24.lt\/lv\/produktas\/miamor-vitaldrink-katems-su-vistiena\/","title":{"rendered":"Miamor Vitaldrink zupas dz\u0113riens pieaugu\u0161iem ka\u0137iem ar vistas ga\u013cu"},"content":{"rendered":"<h3>Lai da\u017e\u0101dotu j\u016bsu ka\u0137a uzturu un mudin\u0101tu vi\u0146u dzert vair\u0101k \u0161\u0137idruma, m\u0113s iesak\u0101m Miamor Vitaldrink ar vistas ga\u013cu, kas patiks pat vispras\u012bg\u0101kajiem ka\u0137iem!<\/h3>\n<ul>\n<li>Ga\u013cas gabali. <a href=\"https:\/\/www.youtube.com\/watch?v=mS4yFK49t6c\" target=\"_blank\" rel=\"noopener\">Miamor in Vitaldrink<\/a> ir vistas kr\u016bti\u0146as filejas, kas patiks pat vispras\u012bg\u0101kajiem gard\u0113\u017eiem.<\/li>\n<li>Lieliska gar\u0161a. Vitaldrink Chicken Drink ir dab\u012bgs arom\u0101ts un gar\u0161a, un tas satur 93% ga\u013cas sulas un 0,5% tun\u010da e\u013c\u013cas.<\/li>\n<li>Veicina liel\u0101ku \u0161\u0137idruma pat\u0113ri\u0146u. Lieliska gar\u0161a dz\u0113riens var mudin\u0101t ka\u0137i dzert vair\u0101k \u0161\u0137idruma un pal\u012bdz\u0113t tam uz\u0146emt augo\u0161ajam organismam nepiecie\u0161am\u0101s bar\u012bbas vielas.<\/li>\n<li>Labi piem\u0113rots ka\u017eokam un \u0101dai. Dz\u0113riena sast\u0101v\u0101 ir tunzivju e\u013c\u013ca, kas, k\u0101 zin\u0101ms, lieliski iedarbojas uz \u0101du. <a href=\"https:\/\/zooprekes24.lt\/lv\/?s=Omega+3&amp;post_type=product\" target=\"_blank\" rel=\"noopener\">Omega-3<\/a> tauksk\u0101bju avots. \u0160\u012bs tauksk\u0101bes pal\u012bdz uztur\u0113t lielisku ka\u017eoka un \u0101das st\u0101vokli un atjauno matu dabisko sp\u012bdumu.<\/li>\n<\/ul>","protected":false},"excerpt":{"rendered":"<p>Norint pa\u012fvairinti kat\u0117s racion\u0105 bei paskatinti j\u0105 lakti daugiau skys\u010di\u0173, rekomenduojame i\u0161bandyti Miamor Vitaldrink g\u0117rima su vi\u0161tiena kuris patiks net i\u0161rankiausioms kat\u0117ms! M\u0117sos gabaliukai. Miamor Vitaldrink g\u0117rime yra vi\u0161tienos kr\u016btin\u0117l\u0117s fil\u0117 gabaliuk\u0173, kurie patiks net i\u0161rankiausiems gurmanams. Puikus skonis. Vitaldrink g\u0117rimas su vi\u0161tiena yra nat\u016bralaus kvapo ir skonio, jo sud\u0117tyje net 93 procentai m\u0117sos sul\u010di\u0173&#8230;<\/p>","protected":false},"featured_media":46030,"comment_status":"closed","ping_status":"closed","template":"","meta":{"_acf_changed":false,"slim_seo":{"title":"Miamor Vitaldrink sriubos g\u0117rimas suaugusioms kat\u0117ms su vi\u0161tiena - Zooprekes24","description":"Lai da\u017e\u0101dotu j\u016bsu ka\u0137a uzturu un mudin\u0101tu vi\u0146u dzert vair\u0101k \u0161\u0137idruma, m\u0113s iesak\u0101m Miamor Vitaldrink ar vistas ga\u013cu, kas iepriecin\u0101s pat vispras\u012bg\u0101ko ka\u0137i."},"iawp_total_views":227},"product_brand":[],"product_cat":[72,25,9020],"product_tag":[1817,1675,2881],"class_list":{"0":"post-22987","1":"product","2":"type-product","3":"status-publish","4":"has-post-thumbnail","6":"product_cat-kaciu-maistas","7":"product_cat-katems","8":"product_cat-slapias-maistas-kaciu-maistas","9":"product_tag-edalas-katems","10":"product_tag-kaciu-edalas","11":"product_tag-vitaldrink","12":"pa_pasaro-sudetis-vistiena","13":"pa_prekiu-zenklai-miamor","15":"first","16":"instock","17":"featured","18":"taxable","19":"shipping-taxable","20":"purchasable","21":"product-type-variable"},"acf":[],"_links":{"self":[{"href":"https:\/\/zooprekes24.lt\/lv\/wp-json\/wp\/v2\/product\/22987","targetHints":{"allow":["GET"]}}],"collection":[{"href":"https:\/\/zooprekes24.lt\/lv\/wp-json\/wp\/v2\/product"}],"about":[{"href":"https:\/\/zooprekes24.lt\/lv\/wp-json\/wp\/v2\/types\/product"}],"replies":[{"embeddable":true,"href":"https:\/\/zooprekes24.lt\/lv\/wp-json\/wp\/v2\/comments?post=22987"}],"wp:featuredmedia":[{"embeddable":true,"href":"https:\/\/zooprekes24.lt\/lv\/wp-json\/wp\/v2\/media\/46030"}],"wp:attachment":[{"href":"https:\/\/zooprekes24.lt\/lv\/wp-json\/wp\/v2\/media?parent=22987"}],"wp:term":[{"taxonomy":"product_brand","embeddable":true,"href":"https:\/\/zooprekes24.lt\/lv\/wp-json\/wp\/v2\/product_brand?post=22987"},{"taxonomy":"product_cat","embeddable":true,"href":"https:\/\/zooprekes24.lt\/lv\/wp-json\/wp\/v2\/product_cat?post=22987"},{"taxonomy":"product_tag","embeddable":true,"href":"https:\/\/zooprekes24.lt\/lv\/wp-json\/wp\/v2\/product_tag?post=22987"}],"curies":[{"name":"wp","href":"https:\/\/api.w.org\/{rel}","templated":true}]}}