{"id":22938,"date":"2024-04-19T13:12:18","date_gmt":"2024-04-19T10:12:18","guid":{"rendered":"https:\/\/zooprekes24.lt\/produktas\/brit-care-large-cats-power-vitality\/"},"modified":"2024-06-21T20:17:49","modified_gmt":"2024-06-21T17:17:49","slug":"brit-aprupe-lieli-kaki-power-vitality","status":"publish","type":"product","link":"https:\/\/zooprekes24.lt\/lv\/produktas\/brit-care-large-cats-power-vitality\/","title":{"rendered":"Brit Care Large cats Power &amp; Vitality saus\u0101 ka\u0137u bar\u012bba"},"content":{"rendered":"<h3>Brit Care Large cats Power &amp; Vitality - sausa bar\u012bba ka\u0137iem ar hipoaler\u0123isku, viegli sagremojamu bar\u012bbu, <a href=\"https:\/\/www.youtube.com\/watch?v=cYtKN_XLHH0\" target=\"_blank\" rel=\"noopener\">hipokampa sast\u0101vs<\/a> un augstu ga\u013cas saturu, kas ir bag\u0101ts ar svar\u012bg\u0101kaj\u0101m uzturviel\u0101m, lai apmierin\u0101tu lielo \u0161\u0137ir\u0146u ka\u0137u ikdienas vajadz\u012bbas. \u0160\u0137\u012bsto\u0161\u0101s un ne\u0161\u0137\u012bsto\u0161\u0101s \u0161\u0137iedrvielas pal\u012bdz uztur\u0113t optim\u0101lu svaru.<\/h3>\n<ul>\n<li type=\"disc\">Bez graudaugiem, kr\u0101sviel\u0101m, konservantiem, \u0122MO un sojas.<\/li>\n<li>Hondroprotektori un kalcijs vesel\u012bgiem zobiem un kauliem.<\/li>\n<li type=\"disc\">Augsts olbaltumvielu saturs jut\u012bgai gremo\u0161anai un pareizai musku\u013cu att\u012bst\u012bbai.<\/li>\n<li>Dabiskie omega-3 un omega-6 sk\u0101bju avoti <a href=\"https:\/\/zooprekes24.lt\/lv\/products\/brit-care-lassi-ella\/\" target=\"_blank\" rel=\"noopener\">pal\u012bdz uztur\u0113t sp\u012bd\u012bgu ka\u017eoku un vesel\u012bgu \u0101du<\/a>.<\/li>\n<li>Probiotikas un antioksidanti veicina vesel\u012bgo bakt\u0113riju aug\u0161anu zarn\u0101s un regul\u0113 vielmai\u0146as procesus.<\/li>\n<\/ul>","protected":false},"excerpt":{"rendered":"<p>Brit Care Large cats Power &amp; Vitality &#8211; sausas maistas kat\u0117ms su hipoalergin\u0117, gerai vir\u0161kinama, begr\u016bde sud\u0117timi ir dideliu m\u0117sos kiekiu, kurioje yra gausu b\u016btin\u0173 maistini\u0173 med\u017eiag\u0173, galin\u010di\u0173 patenkinti kasdienius dideli\u0173 veisli\u0173 ka\u010di\u0173 poreikius. Tirpios ir netirpios maistin\u0117s skaidulos padeda i\u0161laikyti optimal\u0173 svor\u012f. Be gr\u016bd\u0173, da\u017eikli\u0173, konservant\u0173, GMO ir soj\u0173. Chondroprotektoriai ir kalcis\u00a0 sveikiems augintinio&#8230;<\/p>","protected":false},"featured_media":27644,"comment_status":"closed","ping_status":"closed","template":"","meta":{"_acf_changed":false,"slim_seo":{"title":"Brit Care Large cats Power & Vitality sausas maistas kat\u0117ms - Zooprekes24","description":"Brit Care Large cats Power &amp; Vitality - sausa ka\u0137u bar\u012bba ar hipoaler\u0123isku, viegli sagremojamu, graudaugu nesaturo\u0161u sast\u0101vu un augstu ga\u013cas saturu, bag\u0101ta ar"},"iawp_total_views":179},"product_brand":[],"product_cat":[9027,9047,72,83,25,9016],"product_tag":[1671,1843,1817,1675,1682,1696],"class_list":{"0":"post-22938","1":"product","2":"type-product","3":"status-publish","4":"has-post-thumbnail","6":"product_cat-begrudis-maistas-kaciu-maistas","7":"product_cat-brit-care-kaciu-prekiu-gamintojai","8":"product_cat-kaciu-maistas","9":"product_cat-kaciu-prekiu-gamintojai","10":"product_cat-katems","11":"product_cat-sausas-maistas-kaciu-maistas","12":"product_tag-begrudis-kaciu-maistas","13":"product_tag-brit-care-namie-gyvenancioms-katems","14":"product_tag-edalas-katems","15":"product_tag-kaciu-edalas","16":"product_tag-kaciu-maistas-super-premium-klases","17":"product_tag-super-premium-maistas-katems","18":"pa_pasaro-sudetis-antiena","19":"pa_pasaro-sudetis-darzoves","20":"pa_pasaro-sudetis-vaisiai","21":"pa_pasaro-sudetis-vistiena","22":"pa_prekiu-zenklai-brit-care","23":"pa_veisles-dydis-didelems-veislems","25":"first","26":"instock","27":"featured","28":"taxable","29":"shipping-taxable","30":"purchasable","31":"product-type-variable"},"acf":[],"_links":{"self":[{"href":"https:\/\/zooprekes24.lt\/lv\/wp-json\/wp\/v2\/product\/22938","targetHints":{"allow":["GET"]}}],"collection":[{"href":"https:\/\/zooprekes24.lt\/lv\/wp-json\/wp\/v2\/product"}],"about":[{"href":"https:\/\/zooprekes24.lt\/lv\/wp-json\/wp\/v2\/types\/product"}],"replies":[{"embeddable":true,"href":"https:\/\/zooprekes24.lt\/lv\/wp-json\/wp\/v2\/comments?post=22938"}],"wp:featuredmedia":[{"embeddable":true,"href":"https:\/\/zooprekes24.lt\/lv\/wp-json\/wp\/v2\/media\/27644"}],"wp:attachment":[{"href":"https:\/\/zooprekes24.lt\/lv\/wp-json\/wp\/v2\/media?parent=22938"}],"wp:term":[{"taxonomy":"product_brand","embeddable":true,"href":"https:\/\/zooprekes24.lt\/lv\/wp-json\/wp\/v2\/product_brand?post=22938"},{"taxonomy":"product_cat","embeddable":true,"href":"https:\/\/zooprekes24.lt\/lv\/wp-json\/wp\/v2\/product_cat?post=22938"},{"taxonomy":"product_tag","embeddable":true,"href":"https:\/\/zooprekes24.lt\/lv\/wp-json\/wp\/v2\/product_tag?post=22938"}],"curies":[{"name":"wp","href":"https:\/\/api.w.org\/{rel}","templated":true}]}}