{"id":22934,"date":"2024-04-19T13:11:57","date_gmt":"2024-04-19T10:11:57","guid":{"rendered":"https:\/\/zooprekes24.lt\/produktas\/brit-care-adult-activity-support\/"},"modified":"2024-06-20T18:34:17","modified_gmt":"2024-06-20T15:34:17","slug":"brit-care-atbalsts-pieauguso-aktivitatem","status":"publish","type":"product","link":"https:\/\/zooprekes24.lt\/lv\/produktas\/brit-care-adult-activity-support\/","title":{"rendered":"Brit Care Adult Activity Support saus\u0101 bar\u012bba ka\u0137iem"},"content":{"rendered":"<h3>Brit Care Adult Activity Support - sausa ka\u0137u bar\u012bba ar hipoaler\u0123isku sast\u0101vu, <a href=\"https:\/\/www.youtube.com\/watch?v=cYtKN_XLHH0\" target=\"_blank\" rel=\"noopener\">hipokampa sast\u0101vs<\/a>kur\u0101 ir daudz kvalitat\u012bvu olbaltumvielu, kas pal\u012bdz uztur\u0113t sp\u0113c\u012bgus un liesus musku\u013cus. Optim\u0101la vitam\u012bnu un organisko mikroelementu kombin\u0101cija nodro\u0161ina nepiecie\u0161amo ener\u0123ijas daudzumu. Hondroprotektori uztur vesel\u012bgus zobus, loc\u012btavas un kaulus.<\/h3>\n<ul>\n<li>Bez graudaugiem, kr\u0101sviel\u0101m, konservantiem, \u0122MO un sojas.<\/li>\n<li>Hondroprotektori un kalcijs vesel\u012bgiem zobiem un kauliem.<\/li>\n<li type=\"disc\">Taur\u012bns ir \u012bpa\u0161a uzturviela, kas veicina labu redzi un vesel\u012bgu sirdi.<\/li>\n<li>Probiotikas un antioksidanti stiprina im\u016bnsist\u0113mu un veicina vesel\u012bgu gremo\u0161anu.<\/li>\n<li>Aug\u013ci, gar\u0161augi un ogas, ko satur <a href=\"https:\/\/zooprekes24.lt\/lv\/kategorija\/prekes-katems\/pilu-produktu-razotaji\/brit-care-katems\/\" target=\"_blank\" rel=\"noopener\">Brit Care<\/a> Pieaugu\u0161o aktivit\u0101tes atbalstam ir pozit\u012bva ietekme uz ka\u0137a ilgm\u016b\u017e\u012bbu un vesel\u012bbu.<\/li>\n<\/ul>","protected":false},"excerpt":{"rendered":"<p>Brit Care Adult Activity Support &#8211; sausas maistas kat\u0117ms su hipoalergin\u0117, begr\u016bde sud\u0117timi, kurioje gausu kokybi\u0161k\u0173 baltym\u0173, padedan\u010di\u0173 i\u0161laikyti stiprius ir lieknus raumenis. Optimalus vitamin\u0173 ir organini\u0173 mikroelement\u0173 derinys suteikia reikiama energijos kiek\u012f. Chondroprotektoriai palaiko sveikus dantis, s\u0105narius ir kaulus. Be gr\u016bd\u0173, da\u017eikli\u0173, konservant\u0173, GMO ir soj\u0173. Chondroprotektoriai ir kalcis\u00a0 sveikiems augintinio dantims ir kaulams&#8230;.<\/p>","protected":false},"featured_media":27605,"comment_status":"closed","ping_status":"closed","template":"","meta":{"_acf_changed":false,"slim_seo":{"title":"Brit Care Adult Activity Support sausas maistas kat\u0117ms - Zooprekes24","description":"Brit Care Adult Activity Support ir sausa ka\u0137u bar\u012bba ar hipoaler\u0123isku, graudiem nesaturo\u0161u formulu, kas bag\u0101ta ar kvalitat\u012bviem prote\u012bniem, lai pal\u012bdz\u0113tu ka\u0137iem saglab\u0101t sp\u0113ku un vesel\u012bbu."},"iawp_total_views":124},"product_brand":[],"product_cat":[9027,9047,72,83,25,9016],"product_tag":[1671,1843,1817,1675,1682,1696],"class_list":{"0":"post-22934","1":"product","2":"type-product","3":"status-publish","4":"has-post-thumbnail","6":"product_cat-begrudis-maistas-kaciu-maistas","7":"product_cat-brit-care-kaciu-prekiu-gamintojai","8":"product_cat-kaciu-maistas","9":"product_cat-kaciu-prekiu-gamintojai","10":"product_cat-katems","11":"product_cat-sausas-maistas-kaciu-maistas","12":"product_tag-begrudis-kaciu-maistas","13":"product_tag-brit-care-namie-gyvenancioms-katems","14":"product_tag-edalas-katems","15":"product_tag-kaciu-edalas","16":"product_tag-kaciu-maistas-super-premium-klases","17":"product_tag-super-premium-maistas-katems","18":"pa_pasaro-sudetis-darzoves","19":"pa_pasaro-sudetis-kalakutiena","20":"pa_pasaro-sudetis-vaisiai","21":"pa_pasaro-sudetis-vistiena","22":"pa_prekiu-zenklai-brit-care","24":"first","25":"instock","26":"featured","27":"taxable","28":"shipping-taxable","29":"purchasable","30":"product-type-variable"},"acf":[],"_links":{"self":[{"href":"https:\/\/zooprekes24.lt\/lv\/wp-json\/wp\/v2\/product\/22934","targetHints":{"allow":["GET"]}}],"collection":[{"href":"https:\/\/zooprekes24.lt\/lv\/wp-json\/wp\/v2\/product"}],"about":[{"href":"https:\/\/zooprekes24.lt\/lv\/wp-json\/wp\/v2\/types\/product"}],"replies":[{"embeddable":true,"href":"https:\/\/zooprekes24.lt\/lv\/wp-json\/wp\/v2\/comments?post=22934"}],"wp:featuredmedia":[{"embeddable":true,"href":"https:\/\/zooprekes24.lt\/lv\/wp-json\/wp\/v2\/media\/27605"}],"wp:attachment":[{"href":"https:\/\/zooprekes24.lt\/lv\/wp-json\/wp\/v2\/media?parent=22934"}],"wp:term":[{"taxonomy":"product_brand","embeddable":true,"href":"https:\/\/zooprekes24.lt\/lv\/wp-json\/wp\/v2\/product_brand?post=22934"},{"taxonomy":"product_cat","embeddable":true,"href":"https:\/\/zooprekes24.lt\/lv\/wp-json\/wp\/v2\/product_cat?post=22934"},{"taxonomy":"product_tag","embeddable":true,"href":"https:\/\/zooprekes24.lt\/lv\/wp-json\/wp\/v2\/product_tag?post=22934"}],"curies":[{"name":"wp","href":"https:\/\/api.w.org\/{rel}","templated":true}]}}