{"id":22927,"date":"2024-04-19T13:11:57","date_gmt":"2024-04-19T10:11:57","guid":{"rendered":"https:\/\/zooprekes24.lt\/produktas\/brit-care-sterilized-sensitive\/"},"modified":"2024-06-27T14:11:43","modified_gmt":"2024-06-27T11:11:43","slug":"brit-care-sterilizets-sensitive","status":"publish","type":"product","link":"https:\/\/zooprekes24.lt\/lv\/produktas\/brit-care-sterilized-sensitive\/","title":{"rendered":"Brit Care Steriliz\u0113ta saus\u0101 ka\u0137u bar\u012bba Sensitive"},"content":{"rendered":"<h3>Brit Care Sterilized Sensitive - sausa ka\u0137u bar\u012bba ar hipoaler\u0123isku sast\u0101vu, <a href=\"https:\/\/www.youtube.com\/watch?v=cYtKN_XLHH0\" target=\"_blank\" rel=\"noopener\">hipokampa sast\u0101vs<\/a>nieru un ur\u012bnce\u013cu vesel\u012bbai: t\u0101 satur aug\u013cus un gar\u0161augus, kas bag\u0101ti ar dab\u012bgiem antioksidantiem un E vitam\u012bnu, kas aizsarg\u0101 organismu pret br\u012bvajiem radik\u0101\u013ciem un uztur sp\u0113c\u012bgu im\u016bnsist\u0113mu visu ka\u0137a m\u016b\u017eu. Di\u0113tisk\u0101 ga\u013ca, svaiga tru\u0161a ga\u013ca uztur sirds un asinsrites sist\u0113mas vesel\u012bbu un pal\u012bdz uztur\u0113t optim\u0101lu fizisko formu.<\/h3>\n<ul>\n<li type=\"disc\">Bez graudaugiem, kr\u0101sviel\u0101m, konservantiem, \u0122MO un sojas.<\/li>\n<li>Probiotikas un prebiotikas pal\u012bdz uztur\u0113t vesel\u012bgu zarnu un im\u016bnsist\u0113mu.<\/li>\n<li>Svaiga tru\u0161a ga\u013ca ir viegli sagremojama, di\u0113tiska ga\u013ca, kas veicina gremo\u0161anas vesel\u012bbu un uzlabo kastr\u0113tu ka\u0137u \u0101das un ka\u017eoka st\u0101vokli.<\/li>\n<li>Nasturtijas ir dab\u012bgs antibioti\u0137is. T\u0101s <a href=\"https:\/\/zooprekes24.lt\/lv\/?s=sterilizuotoms&amp;post_type=product&amp;product_cat=0\" target=\"_blank\" rel=\"noopener\">nov\u0113r\u0161 ur\u012bnce\u013cu akme\u0146u veido\u0161anos steriliz\u0113tiem un veciem ka\u0137iem.<\/a>. Tam piem\u012bt sp\u0113c\u012bgas antibakteri\u0101las un antiseptiskas \u012bpa\u0161\u012bbas.<\/li>\n<li>Smilts\u0113rk\u0161\u0137i veicina nieru un ur\u012bnce\u013cu vesel\u012bbu. Brit Care Sterilised Sensitive satur zemu magnija un L-metion\u012bna l\u012bmeni, kas pal\u012bdz uztur\u0113t optim\u0101lu ur\u012bna pH 6,0-6,5.<\/li>\n<\/ul>","protected":false},"excerpt":{"rendered":"<p>Brit Care Sterilized Sensitive &#8211; sausas maistas kat\u0117ms su hipoalergin\u0117, begr\u016bde sud\u0117timi, skirta inkst\u0173 ir \u0161lapimo tak\u0173 sveikatai: joje yra vaisi\u0173 ir \u017eoleli\u0173, kuriuose gausu nat\u016brali\u0173 antioksidant\u0173 ir vitamino E, kurie apsaugo organizm\u0105 nuo laisv\u0173j\u0173 radikal\u0173 ir i\u0161laiko stipri\u0105 imunin\u0119 sistem\u0105 per vis\u0105 kat\u0117s gyvenim\u0105. Dietin\u0117 m\u0117sa, \u0161vie\u017eia triu\u0161iena palaiko \u0161irdies ir kraujotakos sistemos sveikat\u0105&#8230;<\/p>","protected":false},"featured_media":27824,"comment_status":"closed","ping_status":"closed","template":"","meta":{"_acf_changed":false,"slim_seo":{"title":"Brit Care Sterilized Sensitive sausas maistas kat\u0117ms - Zooprekes24","description":"Brit Care Sterilized Sensitive ir sausa ka\u0137u bar\u012bba ar hipoaler\u0123isku formulu bez graudaugiem, kas paredz\u0113ta nieru un ur\u012bnce\u013cu vesel\u012bbai: t\u0101 satur aug\u013cus un gar\u0161augus,"},"iawp_total_views":384},"product_brand":[],"product_cat":[9027,9047,72,83,25,9016],"product_tag":[1671,1843,1845,1926,1817,1675,1682,1850,1928,1696],"class_list":{"0":"post-22927","1":"product","2":"type-product","3":"status-publish","4":"has-post-thumbnail","6":"product_cat-begrudis-maistas-kaciu-maistas","7":"product_cat-brit-care-kaciu-prekiu-gamintojai","8":"product_cat-kaciu-maistas","9":"product_cat-kaciu-prekiu-gamintojai","10":"product_cat-katems","11":"product_cat-sausas-maistas-kaciu-maistas","12":"product_tag-begrudis-kaciu-maistas","13":"product_tag-brit-care-namie-gyvenancioms-katems","14":"product_tag-brit-care-sterilizuotoms-katems","15":"product_tag-brit-sterilizuotiems","16":"product_tag-edalas-katems","17":"product_tag-kaciu-edalas","18":"product_tag-kaciu-maistas-super-premium-klases","19":"product_tag-kates-slapimo-takams","20":"product_tag-maistas-sterilizuotai-katei","21":"product_tag-super-premium-maistas-katems","22":"pa_pasaro-sudetis-darzoves","23":"pa_pasaro-sudetis-triusiena","24":"pa_pasaro-sudetis-vaisiai","25":"pa_prekiu-zenklai-brit-care","27":"first","28":"instock","29":"featured","30":"taxable","31":"shipping-taxable","32":"purchasable","33":"product-type-variable"},"acf":[],"_links":{"self":[{"href":"https:\/\/zooprekes24.lt\/lv\/wp-json\/wp\/v2\/product\/22927","targetHints":{"allow":["GET"]}}],"collection":[{"href":"https:\/\/zooprekes24.lt\/lv\/wp-json\/wp\/v2\/product"}],"about":[{"href":"https:\/\/zooprekes24.lt\/lv\/wp-json\/wp\/v2\/types\/product"}],"replies":[{"embeddable":true,"href":"https:\/\/zooprekes24.lt\/lv\/wp-json\/wp\/v2\/comments?post=22927"}],"wp:featuredmedia":[{"embeddable":true,"href":"https:\/\/zooprekes24.lt\/lv\/wp-json\/wp\/v2\/media\/27824"}],"wp:attachment":[{"href":"https:\/\/zooprekes24.lt\/lv\/wp-json\/wp\/v2\/media?parent=22927"}],"wp:term":[{"taxonomy":"product_brand","embeddable":true,"href":"https:\/\/zooprekes24.lt\/lv\/wp-json\/wp\/v2\/product_brand?post=22927"},{"taxonomy":"product_cat","embeddable":true,"href":"https:\/\/zooprekes24.lt\/lv\/wp-json\/wp\/v2\/product_cat?post=22927"},{"taxonomy":"product_tag","embeddable":true,"href":"https:\/\/zooprekes24.lt\/lv\/wp-json\/wp\/v2\/product_tag?post=22927"}],"curies":[{"name":"wp","href":"https:\/\/api.w.org\/{rel}","templated":true}]}}