{"id":22910,"date":"2024-04-19T13:11:48","date_gmt":"2024-04-19T10:11:48","guid":{"rendered":"https:\/\/zooprekes24.lt\/produktas\/brit-care-sensitive-healthy-digestion\/"},"modified":"2024-06-27T12:55:30","modified_gmt":"2024-06-27T09:55:30","slug":"brit-care-sensitive-veseliga-gremosana","status":"publish","type":"product","link":"https:\/\/zooprekes24.lt\/lv\/produktas\/brit-care-sensitive-healthy-digestion\/","title":{"rendered":"Brit Care Sensitive Healthy Digestion &amp; Delicate Tastes saus\u0101 ka\u0137u bar\u012bba"},"content":{"rendered":"<h3>Brit Care Sensitive Healthy Digestion &amp; Delicate Tastes - viegli sagremojama saus\u0101 bar\u012bba <a href=\"https:\/\/www.youtube.com\/watch?v=cYtKN_XLHH0\" target=\"_blank\" rel=\"noopener\">bez graudaugiem<\/a>kas ir bag\u0101ts ar svar\u012bg\u0101kaj\u0101m uzturviel\u0101m, lai nodro\u0161in\u0101tu visefekt\u012bv\u0101ko un pilnv\u0113rt\u012bg\u0101ko uzs\u016bk\u0161anos. Sast\u0101v\u0101 eso\u0161ie probioti\u0137i un prebioti\u0137i veicina vesel\u012bgo bakt\u0113riju aug\u0161anu zarn\u0101s un regul\u0113 vielmai\u0146as procesus.<\/h3>\n<ul>\n<li type=\"disc\">Bez graudaugiem, kr\u0101sviel\u0101m, konservantiem, \u0122MO un sojas.<\/li>\n<li>Juka pal\u012bdz samazin\u0101t fek\u0101liju smaku.<\/li>\n<li>Probiotikas un antioksidanti stiprina im\u016bnsist\u0113mu un veicina vesel\u012bgu gremo\u0161anu.<\/li>\n<li>Svaiga ga\u013ca, piem\u0113ram, t\u012btara un la\u0161a ga\u013ca, nodro\u0161ina lielisku gar\u0161u, kas apmierin\u0101s pat vispras\u012bg\u0101kos ka\u0137us.<\/li>\n<li>Smilts\u0113rk\u0161\u0137i veicina nieru un ur\u012bnce\u013cu vesel\u012bbu. Brit Care Sensitive Healthy Digestion satur zemu magnija un L-metion\u012bna l\u012bmeni. <a href=\"https:\/\/zooprekes24.lt\/lv\/?s=urinary&amp;post_type=product&amp;product_cat=0\" target=\"_blank\" rel=\"noopener\">pal\u012bdz uztur\u0113t optim\u0101lu ur\u012bna pH 6,0-6,5.<\/a>.<\/li>\n<\/ul>","protected":false},"excerpt":{"rendered":"<p>Brit Care Sensitive Healthy Digestion &amp; Delicate Tastes &#8211; lengvai vir\u0161kinamas sausas maistas be gr\u016bd\u0173, kuriame gausu b\u016btin\u0173 maistini\u0173 med\u017eiag\u0173, kad b\u016bt\u0173 u\u017etikrintas kuo efektyvesnis ir geresnis j\u0173 \u012fsisavinimas. Sud\u0117tyje esantys probiotikai ir prebiotikai skatina sveik\u0173 bakterij\u0173 dauginim\u0105si \u017earnyne ir reguliuoja med\u017eiag\u0173 apykaitos procesus. Be gr\u016bd\u0173, da\u017eikli\u0173, konservant\u0173, GMO ir soj\u0173. \u0160eriuotoji Juka padeda suma\u017einti&#8230;<\/p>","protected":false},"featured_media":27813,"comment_status":"closed","ping_status":"closed","template":"","meta":{"_acf_changed":false,"slim_seo":{"title":"Brit Care Sensitive Healthy Digestion & Delicate Tastes sausas maistas kat\u0117ms - Zooprekes24","description":"Brit Care Sensitive Healthy Digestion &amp; Delicate Tastes ir viegli sagremojama saus\u0101 bar\u012bba bez graudaugiem, kas satur nepiecie\u0161am\u0101s uzturvielas, lai"},"iawp_total_views":257},"product_brand":[],"product_cat":[9027,9047,72,83,25,9016],"product_tag":[1671,1845,1817,1675,1682,1850,1928,1696],"class_list":{"0":"post-22910","1":"product","2":"type-product","3":"status-publish","4":"has-post-thumbnail","6":"product_cat-begrudis-maistas-kaciu-maistas","7":"product_cat-brit-care-kaciu-prekiu-gamintojai","8":"product_cat-kaciu-maistas","9":"product_cat-kaciu-prekiu-gamintojai","10":"product_cat-katems","11":"product_cat-sausas-maistas-kaciu-maistas","12":"product_tag-begrudis-kaciu-maistas","13":"product_tag-brit-care-sterilizuotoms-katems","14":"product_tag-edalas-katems","15":"product_tag-kaciu-edalas","16":"product_tag-kaciu-maistas-super-premium-klases","17":"product_tag-kates-slapimo-takams","18":"product_tag-maistas-sterilizuotai-katei","19":"product_tag-super-premium-maistas-katems","20":"pa_pasaro-sudetis-darzoves","21":"pa_pasaro-sudetis-kalakutiena","22":"pa_pasaro-sudetis-lasisa","23":"pa_pasaro-sudetis-vaisiai","24":"pa_prekiu-zenklai-brit-care","26":"first","27":"instock","28":"featured","29":"taxable","30":"shipping-taxable","31":"purchasable","32":"product-type-variable"},"acf":[],"_links":{"self":[{"href":"https:\/\/zooprekes24.lt\/lv\/wp-json\/wp\/v2\/product\/22910","targetHints":{"allow":["GET"]}}],"collection":[{"href":"https:\/\/zooprekes24.lt\/lv\/wp-json\/wp\/v2\/product"}],"about":[{"href":"https:\/\/zooprekes24.lt\/lv\/wp-json\/wp\/v2\/types\/product"}],"replies":[{"embeddable":true,"href":"https:\/\/zooprekes24.lt\/lv\/wp-json\/wp\/v2\/comments?post=22910"}],"wp:featuredmedia":[{"embeddable":true,"href":"https:\/\/zooprekes24.lt\/lv\/wp-json\/wp\/v2\/media\/27813"}],"wp:attachment":[{"href":"https:\/\/zooprekes24.lt\/lv\/wp-json\/wp\/v2\/media?parent=22910"}],"wp:term":[{"taxonomy":"product_brand","embeddable":true,"href":"https:\/\/zooprekes24.lt\/lv\/wp-json\/wp\/v2\/product_brand?post=22910"},{"taxonomy":"product_cat","embeddable":true,"href":"https:\/\/zooprekes24.lt\/lv\/wp-json\/wp\/v2\/product_cat?post=22910"},{"taxonomy":"product_tag","embeddable":true,"href":"https:\/\/zooprekes24.lt\/lv\/wp-json\/wp\/v2\/product_tag?post=22910"}],"curies":[{"name":"wp","href":"https:\/\/api.w.org\/{rel}","templated":true}]}}