{"id":22905,"date":"2024-04-19T13:11:48","date_gmt":"2024-04-19T10:11:48","guid":{"rendered":"https:\/\/zooprekes24.lt\/produktas\/brit-care-haircare-healthy-shiny-coat\/"},"modified":"2024-06-20T18:36:05","modified_gmt":"2024-06-20T15:36:05","slug":"brit-care-matu-kopsanas-lidzekli-veseliga-spidiga-spalva","status":"publish","type":"product","link":"https:\/\/zooprekes24.lt\/lv\/produktas\/brit-care-haircare-healthy-shiny-coat\/","title":{"rendered":"Saus\u0101 ka\u0137u bar\u012bba Brit Care Haircare Healthy &amp; Shiny Coat"},"content":{"rendered":"<h3>Brit Care Haircare Healthy &amp; Shiny Coat - sausa ka\u0137u bar\u012bba ar hipoaler\u0123isku bar\u012bbu, <a href=\"https:\/\/www.youtube.com\/watch?v=cYtKN_XLHH0\" target=\"_blank\" rel=\"noopener\">hipokampa sast\u0101vs<\/a>kas ir bag\u0101ta ar \u0161\u0137iedrviel\u0101m, kuras veicina vieglu matu \u0137epu no\u0146em\u0161anu no \u0137erme\u0146a. Augstas kvalit\u0101tes ga\u013cas olbaltumvielas pal\u012bdz uztur\u0113t sp\u0113c\u012bgus un liesus musku\u013cus. Kop\u0101 ar taur\u012bnu, kas veicina labu redzi un vesel\u012bgu sirdi.<\/h3>\n<ul>\n<li type=\"disc\">Bez graudaugiem, kr\u0101sviel\u0101m, konservantiem, \u0122MO un sojas.<\/li>\n<li>Probiotikas un antioksidanti - stiprina im\u016bnsist\u0113mu un veicina vesel\u012bgu gremo\u0161anu.<\/li>\n<li>Lasis, vistas ga\u013ca, lins\u0113klas - dabiski omega 3 un omega 6 sk\u0101bju avoti. <a href=\"https:\/\/zooprekes24.lt\/lv\/products\/brit-care-lassi-ella\/\" target=\"_blank\" rel=\"noopener\">pal\u012bdz uztur\u0113t sp\u012bd\u012bgu ka\u017eoku un vesel\u012bgu \u0101du<\/a>.<\/li>\n<li>\u0160\u0137iedrvielas - \u0161\u0137iedrviel\u0101m bag\u0101tas sast\u0101vda\u013cas pal\u012bdz viegli no\u0146emt no \u0137erme\u0146a matu \u0137em\u0113rus. Brit Care Haircare sast\u0101v\u0101 eso\u0161\u0101s \u0161\u0137iedrvielas palielina s\u0101ta saj\u016btu, samazinot uz\u0146emto p\u0101rtikas daudzumu un pal\u012bdzot uztur\u0113t vesel\u012bgu svaru.<\/li>\n<\/ul>","protected":false},"excerpt":{"rendered":"<p>Brit Care Haircare Healthy &amp; Shiny Coat &#8211; sausas maistas kat\u0117ms su hipoalergin\u0117, begr\u016bde sud\u0117timi, kurioje gausu skaidul\u0173, palaikan\u010di\u0173 lengv\u0105 plauk\u0173 gumul\u0117li\u0173 \u0161alinim\u0105 i\u0161 organizmo. Auk\u0161tos kokyb\u0117s m\u0117sos baltymai padeda i\u0161laikyti stiprius ir lieknus raumenis. Kartu su taurinu, kuris palaiko ger\u0105 reg\u0105 ir sveik\u0105 \u0161ird\u012f. Be gr\u016bd\u0173, da\u017eikli\u0173, konservant\u0173, GMO ir soj\u0173. Probiotikai ir antioksidantai&#8230;<\/p>","protected":false},"featured_media":27607,"comment_status":"closed","ping_status":"closed","template":"","meta":{"_acf_changed":false,"slim_seo":{"title":"Brit Care Haircare Healthy & Shiny Coat sausas maistas kat\u0117ms - Zooprekes24","description":"Brit Care Haircare Healthy &amp; Shiny Coat - sausas maistas kat\u0117ms su hipoalergin\u0117, begr\u016bde sud\u0117timi , kurioje gausu skaidul\u0173, palaikan\u010di\u0173 lengv\u0105 plauk\u0173 gumul\u0117"},"iawp_total_views":273},"product_brand":[],"product_cat":[9027,9047,72,83,25,9016],"product_tag":[1671,1843,1817,1675,1682,1696],"class_list":{"0":"post-22905","1":"product","2":"type-product","3":"status-publish","4":"has-post-thumbnail","6":"product_cat-begrudis-maistas-kaciu-maistas","7":"product_cat-brit-care-kaciu-prekiu-gamintojai","8":"product_cat-kaciu-maistas","9":"product_cat-kaciu-prekiu-gamintojai","10":"product_cat-katems","11":"product_cat-sausas-maistas-kaciu-maistas","12":"product_tag-begrudis-kaciu-maistas","13":"product_tag-brit-care-namie-gyvenancioms-katems","14":"product_tag-edalas-katems","15":"product_tag-kaciu-edalas","16":"product_tag-kaciu-maistas-super-premium-klases","17":"product_tag-super-premium-maistas-katems","18":"pa_pasaro-sudetis-darzoves","19":"pa_pasaro-sudetis-lasisa","20":"pa_pasaro-sudetis-vaisiai","21":"pa_pasaro-sudetis-vistiena","22":"pa_pasaro-sudetis-zuvis","23":"pa_prekiu-zenklai-brit-care","25":"first","26":"instock","27":"featured","28":"taxable","29":"shipping-taxable","30":"purchasable","31":"product-type-variable"},"acf":[],"_links":{"self":[{"href":"https:\/\/zooprekes24.lt\/lv\/wp-json\/wp\/v2\/product\/22905","targetHints":{"allow":["GET"]}}],"collection":[{"href":"https:\/\/zooprekes24.lt\/lv\/wp-json\/wp\/v2\/product"}],"about":[{"href":"https:\/\/zooprekes24.lt\/lv\/wp-json\/wp\/v2\/types\/product"}],"replies":[{"embeddable":true,"href":"https:\/\/zooprekes24.lt\/lv\/wp-json\/wp\/v2\/comments?post=22905"}],"wp:featuredmedia":[{"embeddable":true,"href":"https:\/\/zooprekes24.lt\/lv\/wp-json\/wp\/v2\/media\/27607"}],"wp:attachment":[{"href":"https:\/\/zooprekes24.lt\/lv\/wp-json\/wp\/v2\/media?parent=22905"}],"wp:term":[{"taxonomy":"product_brand","embeddable":true,"href":"https:\/\/zooprekes24.lt\/lv\/wp-json\/wp\/v2\/product_brand?post=22905"},{"taxonomy":"product_cat","embeddable":true,"href":"https:\/\/zooprekes24.lt\/lv\/wp-json\/wp\/v2\/product_cat?post=22905"},{"taxonomy":"product_tag","embeddable":true,"href":"https:\/\/zooprekes24.lt\/lv\/wp-json\/wp\/v2\/product_tag?post=22905"}],"curies":[{"name":"wp","href":"https:\/\/api.w.org\/{rel}","templated":true}]}}