{"id":22868,"date":"2024-04-19T13:11:09","date_gmt":"2024-04-19T10:11:09","guid":{"rendered":"https:\/\/zooprekes24.lt\/produktas\/acana-indoor-entree-sausas-maistas-katems\/"},"modified":"2024-09-26T13:23:05","modified_gmt":"2024-09-26T10:23:05","slug":"acana-indoor-entree-sausa-kaku-bariba","status":"publish","type":"product","link":"https:\/\/zooprekes24.lt\/lv\/produktas\/acana-indoor-entree-sausas-maistas-katems\/","title":{"rendered":"Acana Indoor Entree saus\u0101 ka\u0137u bar\u012bba"},"content":{"rendered":"<h3>Acana Indoor Entree satur re\u0123ion\u0101lo tru\u0161u ga\u013cu, sprostos neaudz\u0113tu vistu un t\u012btaru ga\u013cu. Viss tiek pieg\u0101d\u0101ts svaigs <a href=\"https:\/\/www.acanapetfoods.co.uk\/about-acana\/biologically-appropriate\/wholeprey-meat-ratios\/\" target=\"_blank\" rel=\"noopener noreferrer\">WholePrey\u2122<\/a> j\u0113dziens (kop\u0113j\u0101 laup\u012bjuma).<\/h3>\n<p>Katrs bar\u012bbas gabali\u0146\u0161 ir bag\u0101ts\u00a0<a href=\"https:\/\/zooprekes24.lt\/lv\/?s=omega+3+sunims&amp;post_type=product&amp;product_cat=0\" target=\"_blank\" rel=\"noopener noreferrer\">Omega 3<\/a> (DHA, EPA), kas ieg\u016bti no savva\u013cas stores, kas labv\u0113l\u012bgi ietekm\u0113 imunit\u0101ti un uzlabo \u0101das un ka\u017eoka st\u0101vokli. Biolo\u0123iski audz\u0113ti j\u016bras d\u0101rze\u0146i un ogas, tostarp \u017e\u0101v\u0113tas j\u016bras a\u013c\u0123es, dz\u0113rvenes un mellenes, uzlabo m\u0101jdz\u012bvnieka vielmai\u0146u un toniz\u0113 gremo\u0161anas traktu. Bar\u012bba ir bag\u0101ta ar org\u0101niem, skrim\u0161\u013ciem un kauliem, kas pie\u0161\u0137ir bar\u012bbai lielisku gar\u0161u un nodro\u0161ina ka\u0137i ar labv\u0113l\u012bg\u0101m viel\u0101m. Izgatavots godalgot\u0101s virtuv\u0113s no lab\u0101kaj\u0101m un svaig\u0101kaj\u0101m sast\u0101vda\u013c\u0101m, <a href=\"https:\/\/www.acanapetfoods.co.uk\/about-acana\/biologically-appropriate\/\" target=\"_blank\" rel=\"noopener noreferrer\">Biolo\u0123iski piem\u0113rots\u2122<\/a> (Biolo\u0123iski atbilsto\u0161a) formula garant\u0113, ka j\u016bsu ka\u0137is b\u016bs vesels un laim\u012bgs.<\/p>","protected":false},"excerpt":{"rendered":"<p>Acana Indoor Entree sud\u0117tyje yra regionin\u0117s triu\u0161ienos, ne narvuose u\u017eaugintos vi\u0161tienos ir kalakutienos. Viskas pristatoma \u0161vie\u017eia laikantis WholePrey\u2122 (viso grobio) koncepcijos. Kiekviename pa\u0161aro k\u0105snelyje gausu\u00a0Omega 3 (DHA, EPA) i\u0161gaunamo i\u0161 laukini\u0173 starki\u0173, kuris naudingas imuniteto stiprinimui ir puikiam odos ir kailio b\u016bkl\u0117s puosel\u0117jimui. Ekologi\u0161kos j\u016br\u0173 dar\u017eov\u0117s ir uogos, \u012fskaitant d\u017eiovintus rudadumblius, \u0161ive\u017eias spanguoles ir m\u0117lynes&#8230;<\/p>","protected":false},"featured_media":30620,"comment_status":"closed","ping_status":"closed","template":"","meta":{"_acf_changed":false,"slim_seo":{"title":"Acana Indoor Entree sausas maistas kat\u0117ms - Zooprekes24","description":"Acana Indoor Entree satur re\u0123ion\u0101lo tru\u0161u ga\u013cu, sprostos neaudz\u0113tu vistu un t\u012btaru ga\u013cu. Viss tiek pieg\u0101d\u0101ts svaigs saska\u0146\u0101 ar WholePrey\u2122 (veselu g"},"iawp_total_views":524},"product_brand":[],"product_cat":[9015,9027,72,83,25,9016],"product_tag":[1671,1817,1675,1682,1696],"class_list":{"0":"post-22868","1":"product","2":"type-product","3":"status-publish","4":"has-post-thumbnail","6":"product_cat-acana-kaciu-prekiu-gamintojai","7":"product_cat-begrudis-maistas-kaciu-maistas","8":"product_cat-kaciu-maistas","9":"product_cat-kaciu-prekiu-gamintojai","10":"product_cat-katems","11":"product_cat-sausas-maistas-kaciu-maistas","12":"product_tag-begrudis-kaciu-maistas","13":"product_tag-edalas-katems","14":"product_tag-kaciu-edalas","15":"product_tag-kaciu-maistas-super-premium-klases","16":"product_tag-super-premium-maistas-katems","17":"pa_pasaro-sudetis-darzoves","18":"pa_pasaro-sudetis-kalakutiena","19":"pa_pasaro-sudetis-sirdys","20":"pa_pasaro-sudetis-uogos","21":"pa_pasaro-sudetis-vaisiai","22":"pa_pasaro-sudetis-vistiena","23":"pa_pasaro-sudetis-zuvis","24":"pa_prekiu-zenklai-acana","26":"first","27":"instock","28":"featured","29":"taxable","30":"shipping-taxable","31":"purchasable","32":"product-type-variable"},"acf":[],"_links":{"self":[{"href":"https:\/\/zooprekes24.lt\/lv\/wp-json\/wp\/v2\/product\/22868","targetHints":{"allow":["GET"]}}],"collection":[{"href":"https:\/\/zooprekes24.lt\/lv\/wp-json\/wp\/v2\/product"}],"about":[{"href":"https:\/\/zooprekes24.lt\/lv\/wp-json\/wp\/v2\/types\/product"}],"replies":[{"embeddable":true,"href":"https:\/\/zooprekes24.lt\/lv\/wp-json\/wp\/v2\/comments?post=22868"}],"wp:featuredmedia":[{"embeddable":true,"href":"https:\/\/zooprekes24.lt\/lv\/wp-json\/wp\/v2\/media\/30620"}],"wp:attachment":[{"href":"https:\/\/zooprekes24.lt\/lv\/wp-json\/wp\/v2\/media?parent=22868"}],"wp:term":[{"taxonomy":"product_brand","embeddable":true,"href":"https:\/\/zooprekes24.lt\/lv\/wp-json\/wp\/v2\/product_brand?post=22868"},{"taxonomy":"product_cat","embeddable":true,"href":"https:\/\/zooprekes24.lt\/lv\/wp-json\/wp\/v2\/product_cat?post=22868"},{"taxonomy":"product_tag","embeddable":true,"href":"https:\/\/zooprekes24.lt\/lv\/wp-json\/wp\/v2\/product_tag?post=22868"}],"curies":[{"name":"wp","href":"https:\/\/api.w.org\/{rel}","templated":true}]}}