{"id":22867,"date":"2024-04-19T13:10:05","date_gmt":"2024-04-19T10:10:05","guid":{"rendered":"https:\/\/zooprekes24.lt\/produktas\/canvit-chondro-super-sunims\/"},"modified":"2026-03-31T17:49:53","modified_gmt":"2026-03-31T15:49:53","slug":"canvit-chondro-super-maisto-papildas-dideliu-veisliu-sunims-sanariu-stiprinimui","status":"publish","type":"product","link":"https:\/\/zooprekes24.lt\/lv\/produktas\/canvit-chondro-super-maisto-papildas-dideliu-veisliu-sunims-sanariu-stiprinimui\/","title":{"rendered":"Canvit Chondro Super maisto papildas dideli\u0173 veisli\u0173 \u0161unims, s\u0105nari\u0173 stiprinimui"},"content":{"rendered":"<h3>Canvit Chondro Super ir unik\u0101ls sast\u0101vda\u013cu mais\u012bjums ar pier\u0101d\u012btu iedarb\u012bbu uz loc\u012btavu, musku\u013cu un kaulu re\u0123ener\u0101ciju. Tas stiprina skrim\u0161\u013cus, palielina loc\u012btavu meh\u0101nisko iztur\u012bbu, stiprina saites un c\u012bpslas un kopum\u0101 uzlabo m\u0101jdz\u012bvnieka kust\u012bgumu.<\/h3>\n<ul>\n<li>Glikozam\u012bns un hondroit\u012bns baro loc\u012btavu skrim\u0161\u013cus.<\/li>\n<li>MSM (organiski saist\u012btais s\u0113rs) stiprina c\u012bpslas un saites un veicina re\u0123ener\u0101ciju.<\/li>\n<li>\u0160is uztura bag\u0101tin\u0101t\u0101js \u013coti \u012bs\u0101 laik\u0101 veicina loc\u012btavu re\u0123ener\u0101ciju un uzlabo kust\u012bgumu.<\/li>\n<li><a href=\"https:\/\/zooprekes24.lt\/lv\/?s=vitaminas+c&amp;post_type=product&amp;product_cat=0\" target=\"_blank\" rel=\"noopener noreferrer\">C vitam\u012bns<\/a> piem\u012bt pretiekaisuma un antioksidanta \u012bpa\u0161\u012bbas, k\u0101 ar\u012b uzlabo akt\u012bvo vielu uzs\u016bk\u0161anos.<\/li>\n<li><a href=\"https:\/\/www.canvit.cz\/en\/\" target=\"_blank\" rel=\"noopener noreferrer\">Canvit<\/a> Chondro Super sast\u0101v\u0101 eso\u0161\u0101 hialuronsk\u0101be uzlabo saistaudu skrim\u0161\u013ca viskozit\u0101ti.<\/li>\n<\/ul>","protected":false},"excerpt":{"rendered":"<p>Canvit Chondro Super &#8211; unikalus med\u017eiag\u0173 mi\u0161inys, kurio poveikis s\u0105nari\u0173, raumen\u0173 ir kaul\u0173 regeneracijai yra \u012frodytas. Stiprina kremzles, didina mechanin\u012f sanari\u0173 atsparum\u0105, tvirtina rais\u010dius ir sausgysles bei bendrai pagerina augintinio judrum\u0105. Gliukozaminas ir chondroitinas maitina s\u0105nari\u0173 kremzles. MSM (organi\u0161kai sujunga siera) stiprina sausgysles ir rais\u010dius, padeda regeneracijai. Maisto papildas skatina s\u0105nari\u0173 regeneracija ir judrumo gerinima&#8230;<\/p>","protected":false},"featured_media":19954,"comment_status":"closed","ping_status":"closed","template":"","meta":{"_acf_changed":false,"slim_seo":{"title":"Canvit Chondro Super maisto papildas dideli\u0173 veisli\u0173 \u0161unims, s\u0105nari\u0173 stiprinimui - Zooprekes24","description":"Canvit Chondro Super ir unik\u0101ls sast\u0101vda\u013cu mais\u012bjums ar pier\u0101d\u012btu iedarb\u012bbu uz loc\u012btavu, musku\u013cu un kaulu re\u0123ener\u0101ciju. Stiprina skrim\u0161\u013cus, palielina meh\u0101nisko sa\u0137eri"},"iawp_total_views":262},"product_brand":[],"product_cat":[9021,32,8999,31,9022],"product_tag":[2441],"class_list":{"0":"post-22867","1":"product","2":"type-product","3":"status-publish","4":"has-post-thumbnail","6":"product_cat-canvit-sunims","7":"product_cat-kitos-sunu-prekes","8":"product_cat-sunims","9":"product_cat-sunu-prekiu-gamintojai","10":"product_cat-vitaminai-ir-papildai-sunims","11":"product_tag-vitaminai","12":"pa_prekiu-zenklai-canvit","13":"pa_suns-amzius-jauniems","14":"pa_suns-amzius-senjorams","15":"pa_suns-amzius-suaugusiems","16":"pa_suns-amzius-visiems-amziams","17":"pa_veisles-dydis-didelems-veislems","19":"first","20":"instock","21":"featured","22":"taxable","23":"shipping-taxable","24":"purchasable","25":"product-type-variable"},"acf":[],"_links":{"self":[{"href":"https:\/\/zooprekes24.lt\/lv\/wp-json\/wp\/v2\/product\/22867","targetHints":{"allow":["GET"]}}],"collection":[{"href":"https:\/\/zooprekes24.lt\/lv\/wp-json\/wp\/v2\/product"}],"about":[{"href":"https:\/\/zooprekes24.lt\/lv\/wp-json\/wp\/v2\/types\/product"}],"replies":[{"embeddable":true,"href":"https:\/\/zooprekes24.lt\/lv\/wp-json\/wp\/v2\/comments?post=22867"}],"wp:featuredmedia":[{"embeddable":true,"href":"https:\/\/zooprekes24.lt\/lv\/wp-json\/wp\/v2\/media\/19954"}],"wp:attachment":[{"href":"https:\/\/zooprekes24.lt\/lv\/wp-json\/wp\/v2\/media?parent=22867"}],"wp:term":[{"taxonomy":"product_brand","embeddable":true,"href":"https:\/\/zooprekes24.lt\/lv\/wp-json\/wp\/v2\/product_brand?post=22867"},{"taxonomy":"product_cat","embeddable":true,"href":"https:\/\/zooprekes24.lt\/lv\/wp-json\/wp\/v2\/product_cat?post=22867"},{"taxonomy":"product_tag","embeddable":true,"href":"https:\/\/zooprekes24.lt\/lv\/wp-json\/wp\/v2\/product_tag?post=22867"}],"curies":[{"name":"wp","href":"https:\/\/api.w.org\/{rel}","templated":true}]}}