{"id":22865,"date":"2024-04-19T13:10:05","date_gmt":"2024-04-19T10:10:05","guid":{"rendered":"https:\/\/zooprekes24.lt\/produktas\/canvit-chondro-maxi-sunims\/"},"modified":"2026-03-31T17:47:28","modified_gmt":"2026-03-31T15:47:28","slug":"canvit-chondro-maxi-maisto-papildas-dideliu-veisliu-sunims-sanariu-stiprinimui","status":"publish","type":"product","link":"https:\/\/zooprekes24.lt\/lv\/produktas\/canvit-chondro-maxi-maisto-papildas-dideliu-veisliu-sunims-sanariu-stiprinimui\/","title":{"rendered":"Canvit Chondro Maxi maisto papildas dideli\u0173 veisli\u0173 \u0161unims, s\u0105nari\u0173 stiprinimui"},"content":{"rendered":"<h3>Canvit Chondro Maxi - glikozam\u012bns un hondroit\u012bns skrim\u0161\u013cu aug\u0161anai un C vitam\u012bns ar kolag\u0113nu stipr\u0101m c\u012bpsl\u0101m un sait\u0113m.<\/h3>\n<ul>\n<li>Ide\u0101ls papildin\u0101jums kust\u012bbu trauc\u0113jumu profilaksei.<\/li>\n<li>Veicina loc\u012btavu re\u0123ener\u0101ciju un mobilit\u0101tes uzlabo\u0161anos \u013coti \u012bs\u0101 laik\u0101.<\/li>\n<li>Stiprina skrim\u0161\u013cus, pal\u012bdz veidot kolag\u0113nu un palielina meh\u0101nisko iztur\u012bbu.<\/li>\n<li><a href=\"https:\/\/www.canvit.cz\/en\/\" target=\"_blank\" rel=\"noopener noreferrer\">Canvit<\/a> Chondro Maxi ir ide\u0101la skrim\u0161\u013cus aizsarg\u0101jo\u0161u un biolo\u0123iski akt\u012bvu sast\u0101vda\u013cu kombin\u0101cija.<\/li>\n<li>Bag\u0101ts ar hondroit\u012bna sulf\u0101tu, glikozam\u012bna sulf\u0101tu un kolag\u0113nu, <a href=\"https:\/\/zooprekes24.lt\/lv\/?s=vitamino+c&amp;post_type=product&amp;product_cat=0\" target=\"_blank\" rel=\"noopener noreferrer\">c vitam\u012bns<\/a> un organisko mikroelementu.<\/li>\n<\/ul>","protected":false},"excerpt":{"rendered":"<p>Canvit Chondro Maxi &#8211; gliukozamino ir chondroitino \u0161altnis kremzli\u0173 augimui bei vitaminas C su kolagenu stiprioms \u0161uns sausgysl\u0117ms ir rai\u0161\u010diams. Idealus papildas judrumo sunkum\u0173 prevencijai. Skatina s\u0105nari\u0173 regeneracija ir judrumo gerinima per ypa\u010d trump\u0105 period\u0105. Stiprina kremzles, padeda susidaryti kolagenui ir didina mechanin\u012f atsparum\u0105. Canvit Chondro Maxi puikus kremzles apsaugan\u010diu ir biologi\u0161kai aktyviu med\u017eiag\u0173 derinys&#8230;.<\/p>","protected":false},"featured_media":19952,"comment_status":"closed","ping_status":"closed","template":"","meta":{"_acf_changed":false,"slim_seo":{"title":"Canvit Chondro Maxi maisto papildas dideli\u0173 veisli\u0173 \u0161unims, s\u0105nari\u0173 stiprinimui - Zooprekes24","description":"Canvit Chondro Maxi - glikozam\u012bns un hondroit\u012bns skrim\u0161\u013cu aug\u0161anai un C vitam\u012bns ar kolag\u0113nu stipr\u0101m c\u012bpsl\u0101m un sait\u0113m. Ide\u0101ls papildin\u0101jums"},"iawp_total_views":343},"product_brand":[],"product_cat":[9021,32,8999,31,9022],"product_tag":[2441],"class_list":{"0":"post-22865","1":"product","2":"type-product","3":"status-publish","4":"has-post-thumbnail","6":"product_cat-canvit-sunims","7":"product_cat-kitos-sunu-prekes","8":"product_cat-sunims","9":"product_cat-sunu-prekiu-gamintojai","10":"product_cat-vitaminai-ir-papildai-sunims","11":"product_tag-vitaminai","12":"pa_prekiu-zenklai-canvit","13":"pa_suns-amzius-jauniems","14":"pa_suns-amzius-senjorams","15":"pa_suns-amzius-suaugusiems","16":"pa_suns-amzius-visiems-amziams","17":"pa_veisles-dydis-didelems-veislems","19":"first","20":"instock","21":"featured","22":"taxable","23":"shipping-taxable","24":"purchasable","25":"product-type-variable"},"acf":[],"_links":{"self":[{"href":"https:\/\/zooprekes24.lt\/lv\/wp-json\/wp\/v2\/product\/22865","targetHints":{"allow":["GET"]}}],"collection":[{"href":"https:\/\/zooprekes24.lt\/lv\/wp-json\/wp\/v2\/product"}],"about":[{"href":"https:\/\/zooprekes24.lt\/lv\/wp-json\/wp\/v2\/types\/product"}],"replies":[{"embeddable":true,"href":"https:\/\/zooprekes24.lt\/lv\/wp-json\/wp\/v2\/comments?post=22865"}],"wp:featuredmedia":[{"embeddable":true,"href":"https:\/\/zooprekes24.lt\/lv\/wp-json\/wp\/v2\/media\/19952"}],"wp:attachment":[{"href":"https:\/\/zooprekes24.lt\/lv\/wp-json\/wp\/v2\/media?parent=22865"}],"wp:term":[{"taxonomy":"product_brand","embeddable":true,"href":"https:\/\/zooprekes24.lt\/lv\/wp-json\/wp\/v2\/product_brand?post=22865"},{"taxonomy":"product_cat","embeddable":true,"href":"https:\/\/zooprekes24.lt\/lv\/wp-json\/wp\/v2\/product_cat?post=22865"},{"taxonomy":"product_tag","embeddable":true,"href":"https:\/\/zooprekes24.lt\/lv\/wp-json\/wp\/v2\/product_tag?post=22865"}],"curies":[{"name":"wp","href":"https:\/\/api.w.org\/{rel}","templated":true}]}}