{"id":22857,"date":"2024-04-19T13:10:05","date_gmt":"2024-04-19T10:10:05","guid":{"rendered":"https:\/\/zooprekes24.lt\/produktas\/royal-canin-kitten-sterilised\/"},"modified":"2025-07-03T19:18:13","modified_gmt":"2025-07-03T17:18:13","slug":"royal-canin-kakens-sterilizets","status":"publish","type":"product","link":"https:\/\/zooprekes24.lt\/lv\/produktas\/royal-canin-kitten-sterilised\/","title":{"rendered":"Royal Canin Kitten Steriliz\u0113ta saus\u0101 bar\u012bba ka\u0137\u0113niem"},"content":{"rendered":"<h3>Royal Canin Kitten Sterilised - papildin\u0101ts ar nepiecie\u0161amo kalcija, vitam\u012bnu un citu uzturvielu daudzumu, lai nodro\u0161in\u0101tu harmonisku aug\u0161anu. P\u0113c steriliz\u0101cijas ka\u0137\u0113na uztura vajadz\u012bbas main\u0101s, t\u0101p\u0113c bar\u012bba ir sabalans\u0113ta t\u0101, lai nodro\u0161in\u0101tu steriliz\u0113tiem ka\u0137\u0113niem nepiecie\u0161am\u0101s uzturvielas bez svara pieauguma riska.<\/h3>\n<ul>\n<li><a href=\"https:\/\/zooprekes24.lt\/lv\/?s=ka%C4%8Diukams&amp;post_type=product&amp;product_cat=0\" target=\"_blank\" rel=\"noopener noreferrer\">Ka\u0137\u0113niem<\/a> p\u0113c steriliz\u0101cijas no 6 l\u012bdz 12 m\u0113ne\u0161u vecumam.<\/li>\n<li>Granulu forma un tekst\u016bra ir ide\u0101li piem\u0113rota past\u0101v\u012bgo zobu veido\u0161anai.<\/li>\n<li>Neitraliz\u0113jot ener\u0123\u0113tisk\u0101s vajadz\u012bbas, palielin\u0101s liekais svars. Royal Canin Kitten Sterilised satur m\u0113renu daudzumu tauku, kas pal\u012bdz ierobe\u017eot svara pieaugumu, nepasliktinot vesel\u012bbu.<\/li>\n<li><a href=\"https:\/\/www.youtube.com\/watch?reload=9&amp;reload=9&amp;v=FYwO1fiYoa8\" target=\"_blank\" rel=\"noopener noreferrer\">Ar ekskluz\u012bv\u0101m augu un miner\u0101lu izcelsmes sast\u0101vda\u013c\u0101m<\/a>lai nodro\u0161in\u0101tu labu gremo\u0161anu.<\/li>\n<li><a href=\"https:\/\/www.royalcanin.com\/lt\/about-us\/quality-and-food-safety\" target=\"_blank\" rel=\"noopener noreferrer\">Patent\u0113ts antioksidantu komplekss<\/a> (C un E vitam\u012bni, taur\u012bns un lute\u012bns) un mannano-oligosahar\u012bdi stiprina j\u016bsu ka\u0137\u0113na dabisk\u0101s aizsargsp\u0113jas.<\/li>\n<li>Aug\u0161anas period\u0101 ka\u0137\u0113na gremo\u0161anas sist\u0113ma v\u0113l nav nobriedusi un att\u012bst\u0101s pak\u0101peniski vair\u0101ku m\u0113ne\u0161u laik\u0101. Prebiotiku (MOS) un viegli sagremojamu olbaltumvielu kombin\u0101cija uztur vesel\u012bgu zarnu mikrobiotas l\u012bdzsvaru un nodro\u0161ina ka\u0137\u0113na vesel\u012bgu gremo\u0161anu.<\/li>\n<\/ul>\n<p><img loading=\"lazy\" decoding=\"async\" class=\"\" src=\"https:\/\/zooprekes24.lt\/wp-content\/uploads\/sacred-birman-kitten-birth-growth-brand-emblematic-4.jpeg\" width=\"350\" height=\"287\" \/><\/p>","protected":false},"excerpt":{"rendered":"<p>Royal Canin Kitten Sterilised &#8211; papildytas tinkamu kalcio, vitamin\u0173 ir kit\u0173 maisting\u0173j\u0173 med\u017eiag\u0173 kiekiu, u\u017etikrinan\u010diu harmoning\u0105 augim\u0105. Po sterilizacijos kei\u010diasi ka\u010diuko mitybos poreikiai, tad maistas subalansuotas taip, kad suteikt\u0173 tiek maisto med\u017eiag\u0173, kiek b\u016btina sterilizuotiems ka\u010diukams, be rizikos priaugti svorio. Skirta ka\u010diukams po sterilizacijos nuo 6 iki 12 m\u0117nesi\u0173 am\u017eiaus. Granuli\u0173 forma ir tekst\u016bra idealiai&#8230;<\/p>","protected":false},"featured_media":19948,"comment_status":"closed","ping_status":"closed","template":"","meta":{"_acf_changed":false,"slim_seo":{"title":"Royal Canin Kitten Sterilised sausas maistas ka\u010diukams - Zooprekes24","description":"Royal Canin Kitten Sterilised - papildin\u0101ts ar nepiecie\u0161amo kalcija, vitam\u012bnu un citu uzturvielu daudzumu, lai nodro\u0161in\u0101tu harmonisku aug\u0161anu. P\u0113c steriliz\u0101cijas"},"iawp_total_views":298},"product_brand":[],"product_cat":[72,83,25,9019,9016],"product_tag":[1671,1675,1682,1696],"class_list":{"0":"post-22857","1":"product","2":"type-product","3":"status-publish","4":"has-post-thumbnail","6":"product_cat-kaciu-maistas","7":"product_cat-kaciu-prekiu-gamintojai","8":"product_cat-katems","9":"product_cat-royal-canin-kaciu-prekiu-gamintojai","10":"product_cat-sausas-maistas-kaciu-maistas","11":"product_tag-begrudis-kaciu-maistas","12":"product_tag-kaciu-edalas","13":"product_tag-kaciu-maistas-super-premium-klases","14":"product_tag-super-premium-maistas-katems","15":"pa_pasaro-sudetis-ryziai","16":"pa_pasaro-sudetis-vistiena","17":"pa_prekiu-zenklai-royal-canin","19":"first","20":"instock","21":"featured","22":"taxable","23":"shipping-taxable","24":"purchasable","25":"product-type-variable"},"acf":[],"_links":{"self":[{"href":"https:\/\/zooprekes24.lt\/lv\/wp-json\/wp\/v2\/product\/22857","targetHints":{"allow":["GET"]}}],"collection":[{"href":"https:\/\/zooprekes24.lt\/lv\/wp-json\/wp\/v2\/product"}],"about":[{"href":"https:\/\/zooprekes24.lt\/lv\/wp-json\/wp\/v2\/types\/product"}],"replies":[{"embeddable":true,"href":"https:\/\/zooprekes24.lt\/lv\/wp-json\/wp\/v2\/comments?post=22857"}],"wp:featuredmedia":[{"embeddable":true,"href":"https:\/\/zooprekes24.lt\/lv\/wp-json\/wp\/v2\/media\/19948"}],"wp:attachment":[{"href":"https:\/\/zooprekes24.lt\/lv\/wp-json\/wp\/v2\/media?parent=22857"}],"wp:term":[{"taxonomy":"product_brand","embeddable":true,"href":"https:\/\/zooprekes24.lt\/lv\/wp-json\/wp\/v2\/product_brand?post=22857"},{"taxonomy":"product_cat","embeddable":true,"href":"https:\/\/zooprekes24.lt\/lv\/wp-json\/wp\/v2\/product_cat?post=22857"},{"taxonomy":"product_tag","embeddable":true,"href":"https:\/\/zooprekes24.lt\/lv\/wp-json\/wp\/v2\/product_tag?post=22857"}],"curies":[{"name":"wp","href":"https:\/\/api.w.org\/{rel}","templated":true}]}}