{"id":22841,"date":"2024-04-19T13:10:05","date_gmt":"2024-04-19T10:10:05","guid":{"rendered":"https:\/\/zooprekes24.lt\/produktas\/royal-canin-digestive-care\/"},"modified":"2026-02-27T06:36:01","modified_gmt":"2026-02-27T04:36:01","slug":"royal-canin-gremosanas-lidzekli","status":"publish","type":"product","link":"https:\/\/zooprekes24.lt\/lv\/produktas\/royal-canin-digestive-care\/","title":{"rendered":"Royal Canin Digestive Care saus\u0101 ka\u0137u bar\u012bba"},"content":{"rendered":"<h3>Royal Canin Digestive Care - optim\u0101lai gremo\u0161anas sist\u0113mas darb\u012bbai. Bar\u012bba sast\u0101v no <a href=\"https:\/\/www.royalcanin.com\/lt\/about-us\/quality-and-food-safety\" target=\"_blank\" rel=\"noopener noreferrer\">probiotiku un \u0161\u0137iedrvielu kombin\u0101cija<\/a>kas nodro\u0161ina zarnu floras l\u012bdzsvaru un pal\u012bdz regul\u0113t zarnu caurlaid\u012bbu. Ku\u0146\u0123a un zarnu trakta jut\u012bgums var b\u016bt iemesls bag\u0101t\u012bg\u0101m un slikti sarec\u0113ju\u0161\u0101m fek\u0101lij\u0101m. P\u0101r\u0101k \u0101tra \u0113diena nor\u012b\u0161ana, to pien\u0101c\u012bgi nesako\u0161\u013c\u0101jot, var izrais\u012bt vem\u0161anu.<\/h3>\n<ul>\n<li>Satur vair\u0101k nek\u0101 90% augsti absorb\u0113jamu olbaltumvielu (L.I.P.*). Bar\u012bbas pamat\u0101 ir probiotiku (FOS: fruktooligosahar\u012bdi) un \u0161\u0137iedrvielu (tostarp c\u012bpslu) kombin\u0101cija, kas nodro\u0161ina zarnu floras l\u012bdzsvaru un pal\u012bdz regul\u0113t zarnu caurlaid\u012bbu.<\/li>\n<li>Veicina ko\u0161\u013c\u0101\u0161anu un l\u0113n\u0101ku \u0113\u0161anu. Pateicoties Royal Canin Digestive Care granulu unik\u0101lajai tekst\u016brai un formai, ka\u0137i \u0113d l\u0113n\u0101k un labi ko\u0161\u013c\u0101jas.<\/li>\n<li>Pier\u0101d\u012bta efektivit\u0101te: redzams rezult\u0101ts tikai p\u0113c 10 dienu baro\u0161anas Gremo\u0161anas l\u012bdzek\u013ci: 49%* maz\u0101k izk\u0101rn\u012bjumu, jo uzlabojas gremo\u0161ana un bar\u012bbas vielu uzs\u016bk\u0161an\u0101s. *Royal Canin iek\u0161\u0113jie p\u0113t\u012bjumi, 2014 - Sal\u012bdzinot ar parasto pieaugu\u0161o ka\u0137u bar\u012bbu.<\/li>\n<li><a href=\"https:\/\/www.youtube.com\/watch?reload=9&amp;reload=9&amp;v=FYwO1fiYoa8\" target=\"_blank\" rel=\"noopener noreferrer\">\u012apa\u0161i kombin\u0113ti miner\u0101li<\/a> pal\u012bdz uztur\u0113t <a href=\"https:\/\/zooprekes24.lt\/lv\/?s=royal+urinary&amp;post_type=product&amp;product_cat=0\" target=\"_blank\" rel=\"noopener noreferrer\">ka\u0137a ur\u012bnce\u013cu sist\u0113mas vesel\u012bgu darb\u012bbu.<\/a>.<\/li>\n<\/ul>\n<p><img loading=\"lazy\" decoding=\"async\" class=\"\" src=\"https:\/\/zooprekes24.lt\/wp-content\/uploads\/bc36o-hub-kurilian-bobtail-adult-black-and-white-10.jpeg\" width=\"350\" height=\"262\" \/><\/p>","protected":false},"excerpt":{"rendered":"<p>Royal Canin Digestive Care &#8211; optimaliai vir\u0161kinimo sistemos veiklai. Maist\u0105 sudaro probiotik\u0173 ir skaidul\u0173 derinys, kuris u\u017etikrina \u017earnyno floros pusiausvyr\u0105 ir padeda reguliuoti \u017earnyno praeinamum\u0105. Skrand\u017eio ir vir\u0161kinamojo trakto jautrumas gali b\u016bti gausi\u0173 ir prastos konsistencijos i\u0161mat\u0173 prie\u017eastimi. O per greitas maisto rijimas, jo tinkamai nesukram\u010dius, gali sukelti v\u0117mim\u0105. Sud\u0117tyje daugiau nei 90% labai gerai&#8230;<\/p>","protected":false},"featured_media":19945,"comment_status":"closed","ping_status":"closed","template":"","meta":{"_acf_changed":false,"slim_seo":{"title":"Royal Canin Digestive Care sausas maistas kat\u0117ms - Zooprekes24","description":"Royal Canin Digestive Care - optim\u0101lai gremo\u0161anas sist\u0113mas darb\u012bbai. T\u0101 satur probiotiku un \u0161\u0137iedrvielu kombin\u0101ciju, lai nodro\u0161in\u0101tu zarnu floras l\u012bdzsvaru."},"iawp_total_views":531},"product_brand":[],"product_cat":[72,83,25,9019,9016],"product_tag":[1671,1675,1682,1696],"class_list":{"0":"post-22841","1":"product","2":"type-product","3":"status-publish","4":"has-post-thumbnail","6":"product_cat-kaciu-maistas","7":"product_cat-kaciu-prekiu-gamintojai","8":"product_cat-katems","9":"product_cat-royal-canin-kaciu-prekiu-gamintojai","10":"product_cat-sausas-maistas-kaciu-maistas","11":"product_tag-begrudis-kaciu-maistas","12":"product_tag-kaciu-edalas","13":"product_tag-kaciu-maistas-super-premium-klases","14":"product_tag-super-premium-maistas-katems","15":"pa_pasaro-sudetis-ryziai","16":"pa_pasaro-sudetis-vistiena","17":"pa_prekiu-zenklai-royal-canin","19":"first","20":"instock","21":"sale","22":"featured","23":"taxable","24":"shipping-taxable","25":"purchasable","26":"product-type-variable"},"acf":[],"_links":{"self":[{"href":"https:\/\/zooprekes24.lt\/lv\/wp-json\/wp\/v2\/product\/22841","targetHints":{"allow":["GET"]}}],"collection":[{"href":"https:\/\/zooprekes24.lt\/lv\/wp-json\/wp\/v2\/product"}],"about":[{"href":"https:\/\/zooprekes24.lt\/lv\/wp-json\/wp\/v2\/types\/product"}],"replies":[{"embeddable":true,"href":"https:\/\/zooprekes24.lt\/lv\/wp-json\/wp\/v2\/comments?post=22841"}],"wp:featuredmedia":[{"embeddable":true,"href":"https:\/\/zooprekes24.lt\/lv\/wp-json\/wp\/v2\/media\/19945"}],"wp:attachment":[{"href":"https:\/\/zooprekes24.lt\/lv\/wp-json\/wp\/v2\/media?parent=22841"}],"wp:term":[{"taxonomy":"product_brand","embeddable":true,"href":"https:\/\/zooprekes24.lt\/lv\/wp-json\/wp\/v2\/product_brand?post=22841"},{"taxonomy":"product_cat","embeddable":true,"href":"https:\/\/zooprekes24.lt\/lv\/wp-json\/wp\/v2\/product_cat?post=22841"},{"taxonomy":"product_tag","embeddable":true,"href":"https:\/\/zooprekes24.lt\/lv\/wp-json\/wp\/v2\/product_tag?post=22841"}],"curies":[{"name":"wp","href":"https:\/\/api.w.org\/{rel}","templated":true}]}}