{"id":22831,"date":"2024-04-19T13:09:08","date_gmt":"2024-04-19T10:09:08","guid":{"rendered":"https:\/\/zooprekes24.lt\/produktas\/royal-canin-hairball-care\/"},"modified":"2026-02-27T06:22:07","modified_gmt":"2026-02-27T04:22:07","slug":"royal-canin-hairball-care","status":"publish","type":"product","link":"https:\/\/zooprekes24.lt\/lv\/produktas\/royal-canin-hairball-care\/","title":{"rendered":"Royal Canin saus\u0101 ka\u0137u bar\u012bba Hairball Care"},"content":{"rendered":"<h3>Royal Canin Hairball Care ir saus\u0101 bar\u012bba pieaugu\u0161iem ka\u0137iem, kuriem ir probl\u0113mas ar matu bumbu\u013ciem. Kad ka\u0137is laiz\u0101s, 2\/3 atmiru\u0161o matu tiek nor\u012btas, un ku\u0146\u0123\u012b veidojas matu kamoli. \u0160\u012b \u012bpa\u0161\u0101 bar\u012bba <a href=\"https:\/\/zooprekes24.lt\/lv\/products\/royal-canin-hairball-care-konservas-padaze-85-g\/\" target=\"_blank\" rel=\"noopener noreferrer\">pal\u012bdz izspiest matu bumbi\u0146as<\/a> izk\u0101rn\u012bjumos.<\/h3>\n<ul>\n<li>Pieaugu\u0161iem ka\u0137iem, kuriem ku\u0146\u0123\u012b veidojas matu bumbi\u0146as.<\/li>\n<li>Bar\u012bbu veido <a href=\"https:\/\/www.youtube.com\/watch?reload=9&amp;reload=9&amp;v=FYwO1fiYoa8\" target=\"_blank\" rel=\"noopener noreferrer\">ekskluz\u012bvs komplekss<\/a>kas tikai p\u0113c 21 dienas baro\u0161anas dabiski likvid\u0113 divreiz vair\u0101k matu.<\/li>\n<li>Mati regul\u0101ri izdal\u0101s ar izk\u0101rn\u012bjumiem, nevis uzkr\u0101jas ku\u0146\u0123\u012b un v\u0113l\u0101k tiek atdal\u012bti.<\/li>\n<li>Royal Canin Hairball Care <a href=\"https:\/\/www.royalcanin.com\/lt\/about-us\/quality-and-food-safety\" target=\"_blank\" rel=\"noopener noreferrer\">bag\u0101tin\u0101ts ar vitam\u012bniem un aminosk\u0101b\u0113m<\/a>baro j\u016bsu m\u012blu\u013ca matus un veicina to atjauno\u0161anos.<\/li>\n<li>Fruktooligosahar\u012bdi, zivju e\u013c\u013ca un olbaltumvielas veicina labu gremo\u0161anu ku\u0146\u0123\u012b un uzturvielu uzs\u016bk\u0161anos.<\/li>\n<\/ul>\n<p><img loading=\"lazy\" decoding=\"async\" class=\"\" src=\"https:\/\/zooprekes24.lt\/wp-content\/uploads\/bc12h-hub-tonkinese-adult-black-and-white-11.jpeg\" width=\"401\" height=\"301\" \/><\/p>","protected":false},"excerpt":{"rendered":"<p>Royal Canin Hairball Care &#8211; sausas maistas suaugusioms kat\u0117ms, susidurian\u010dioms su plauk\u0173 kamuoliuk\u0173 susidarymo skrandyje problema. Katei lai\u017eantis 2\/3 negyv\u0173 plauk\u0173 yra nuryjami, o i\u0161 plauk\u0173 susidarantys kamuoliukai kaupiasi skrandyje. \u0160is specialus pa\u0161aras padeda plauk\u0173 kamuoliukams pasi\u0161alinti kartu su i\u0161matomis. Skirta suaugusioms kat\u0117ms ken\u010dian\u010dioms nuo plauk\u0173 kamuoliuk\u0173 susidarymo skrandyje. Pa\u0161ar\u0105 sudaro i\u0161skirtinis kompleksas, pa\u0161alinantis dvigubai&#8230;<\/p>","protected":false},"featured_media":19944,"comment_status":"closed","ping_status":"closed","template":"","meta":{"_acf_changed":false,"slim_seo":{"title":"Royal Canin Hairball Care sausas maistas kat\u0117ms - Zooprekes24","description":"Royal Canin Hairball Care ir saus\u0101 bar\u012bba pieaugu\u0161iem ka\u0137iem, kuriem ir probl\u0113mas ar matu bumbu\u013ciem. Ka\u0137is izlaiza 2\/3 miru\u0161o matu bumbu\u013cu."},"iawp_total_views":525},"product_brand":[],"product_cat":[72,83,25,9019,9016],"product_tag":[1671,1675,1682,1696],"class_list":{"0":"post-22831","1":"product","2":"type-product","3":"status-publish","4":"has-post-thumbnail","6":"product_cat-kaciu-maistas","7":"product_cat-kaciu-prekiu-gamintojai","8":"product_cat-katems","9":"product_cat-royal-canin-kaciu-prekiu-gamintojai","10":"product_cat-sausas-maistas-kaciu-maistas","11":"product_tag-begrudis-kaciu-maistas","12":"product_tag-kaciu-edalas","13":"product_tag-kaciu-maistas-super-premium-klases","14":"product_tag-super-premium-maistas-katems","15":"pa_pasaro-sudetis-ryziai","16":"pa_pasaro-sudetis-vistiena","17":"pa_prekiu-zenklai-royal-canin","19":"first","20":"instock","21":"sale","22":"featured","23":"taxable","24":"shipping-taxable","25":"purchasable","26":"product-type-variable"},"acf":[],"_links":{"self":[{"href":"https:\/\/zooprekes24.lt\/lv\/wp-json\/wp\/v2\/product\/22831","targetHints":{"allow":["GET"]}}],"collection":[{"href":"https:\/\/zooprekes24.lt\/lv\/wp-json\/wp\/v2\/product"}],"about":[{"href":"https:\/\/zooprekes24.lt\/lv\/wp-json\/wp\/v2\/types\/product"}],"replies":[{"embeddable":true,"href":"https:\/\/zooprekes24.lt\/lv\/wp-json\/wp\/v2\/comments?post=22831"}],"wp:featuredmedia":[{"embeddable":true,"href":"https:\/\/zooprekes24.lt\/lv\/wp-json\/wp\/v2\/media\/19944"}],"wp:attachment":[{"href":"https:\/\/zooprekes24.lt\/lv\/wp-json\/wp\/v2\/media?parent=22831"}],"wp:term":[{"taxonomy":"product_brand","embeddable":true,"href":"https:\/\/zooprekes24.lt\/lv\/wp-json\/wp\/v2\/product_brand?post=22831"},{"taxonomy":"product_cat","embeddable":true,"href":"https:\/\/zooprekes24.lt\/lv\/wp-json\/wp\/v2\/product_cat?post=22831"},{"taxonomy":"product_tag","embeddable":true,"href":"https:\/\/zooprekes24.lt\/lv\/wp-json\/wp\/v2\/product_tag?post=22831"}],"curies":[{"name":"wp","href":"https:\/\/api.w.org\/{rel}","templated":true}]}}