{"id":22823,"date":"2024-04-19T13:09:08","date_gmt":"2024-04-19T10:09:08","guid":{"rendered":"https:\/\/zooprekes24.lt\/produktas\/royal-canin-dental-care\/"},"modified":"2026-02-27T06:27:13","modified_gmt":"2026-02-27T04:27:13","slug":"royal-canin-zobu-kopsana","status":"publish","type":"product","link":"https:\/\/zooprekes24.lt\/lv\/produktas\/royal-canin-dental-care\/","title":{"rendered":"Royal Canin Dental Care saus\u0101 ka\u0137u bar\u012bba"},"content":{"rendered":"<h3>Royal Canin Dental Care ir sabalans\u0113ta bar\u012bba pieaugu\u0161iem ka\u0137iem, kas samazina zobu boj\u0101\u0161anos un nov\u0113r\u0161 v\u0113\u017ea \u0161\u016bnu veido\u0161anos.<\/h3>\n<ul>\n<li>Adres\u0113ts\u00a0<a href=\"https:\/\/zooprekes24.lt\/lv\/kategorija\/prekes-katems\/pilu-produktu-razotaji\/royal-canin-katems\/\" target=\"_blank\" rel=\"noopener noreferrer\">pieaugu\u0161iem ka\u0137iem<\/a>tiem, kam ir jut\u012bgas smaganas.<\/li>\n<li><a href=\"https:\/\/www.youtube.com\/watch?reload=9&amp;reload=9&amp;v=FYwO1fiYoa8\" target=\"_blank\" rel=\"noopener noreferrer\">Unik\u0101la sasmalcin\u0101tu produktu forma un konsistence<\/a> ir att\u012bro\u0161a iedarb\u012bba, kas samazina zobakmens veido\u0161anos. Zobakmens veido\u0161an\u0101s samazin\u0101s par 59 % p\u0113c 28 dienu ilga baro\u0161anas perioda ar \u0161o bar\u012bbu.<\/li>\n<li>Ar n\u0101trija fosf\u0101tiem - akt\u012bv\u0101m sast\u0101vda\u013c\u0101m, kas uzkr\u0101j kalciju siekal\u0101s un ne\u013cauj tam nos\u0113sties uz zobiem zobakmens veid\u0101.<\/li>\n<li>Royal Canin Zobu kop\u0161ana <a href=\"https:\/\/www.royalcanin.com\/lt\/about-us\/quality-and-food-safety\" target=\"_blank\" rel=\"noopener noreferrer\">Izstr\u0101d\u0101ts ar miner\u0101lu l\u012bdzsvaru<\/a>lai pal\u012bdz\u0113tu uztur\u0113t pieaugu\u0161a ka\u0137a ur\u012bnce\u013cu sist\u0113mas vesel\u012bbu.<\/li>\n<\/ul>\n<p><img loading=\"lazy\" decoding=\"async\" class=\"\" src=\"https:\/\/zooprekes24.lt\/wp-content\/uploads\/bc3h-hub-british-shorthair-adult-black-and-white-20.jpeg\" width=\"350\" height=\"262\" \/><\/p>","protected":false},"excerpt":{"rendered":"<p>Royal Canin Dental Care &#8211; subalansuotas \u0117dalas suaugusioms kat\u0117ms ma\u017einantis dant\u0173 \u0117duonies susidarym\u0105 ir apsaugantis nuo v\u0117\u017eio l\u0105steli\u0173 formavimosi. Skirta\u00a0suaugusioms kat\u0117ms,\u00a0turin\u010dioms jautrias dantenas. Unikali smulkinto maisto forma\u00a0ir konsistencija pasi\u017eymi\u00a0valomuoju poveikiu, d\u0117l ko\u00a0susidaro ma\u017eiau dant\u0173 akmen\u0173.\u00a0Akmen\u0173 susidarymas suma\u017e\u0117ja 59 proc.\u00a0po\u00a028 dien\u0173\u00a0\u0161eriant \u0161iuo pa\u0161aru. Su natrio fosfatais &#8211;\u00a0veikliosiomis med\u017eiagomis, kurios kaupia seil\u0117se esant\u012f kalc\u012f ir neleid\u017eia jam&#8230;<\/p>","protected":false},"featured_media":19943,"comment_status":"closed","ping_status":"closed","template":"","meta":{"_acf_changed":false,"slim_seo":{"title":"Royal Canin Dental Care sausas maistas kat\u0117ms - Zooprekes24","description":"Royal Canin Dental Care ir sabalans\u0113ta bar\u012bba pieaugu\u0161iem ka\u0137iem, kas samazina zobu boj\u0101\u0161anos un nov\u0113r\u0161 v\u0113\u017ea \u0161\u016bnu veido\u0161anos. Lieto\u0161anai ar"},"iawp_total_views":455},"product_brand":[],"product_cat":[72,83,25,9019,9016],"product_tag":[1671,1675,1682,1696],"class_list":{"0":"post-22823","1":"product","2":"type-product","3":"status-publish","4":"has-post-thumbnail","6":"product_cat-kaciu-maistas","7":"product_cat-kaciu-prekiu-gamintojai","8":"product_cat-katems","9":"product_cat-royal-canin-kaciu-prekiu-gamintojai","10":"product_cat-sausas-maistas-kaciu-maistas","11":"product_tag-begrudis-kaciu-maistas","12":"product_tag-kaciu-edalas","13":"product_tag-kaciu-maistas-super-premium-klases","14":"product_tag-super-premium-maistas-katems","15":"pa_pasaro-sudetis-ryziai","16":"pa_pasaro-sudetis-vistiena","17":"pa_prekiu-zenklai-royal-canin","19":"first","20":"instock","21":"sale","22":"featured","23":"taxable","24":"shipping-taxable","25":"purchasable","26":"product-type-variable"},"acf":[],"_links":{"self":[{"href":"https:\/\/zooprekes24.lt\/lv\/wp-json\/wp\/v2\/product\/22823","targetHints":{"allow":["GET"]}}],"collection":[{"href":"https:\/\/zooprekes24.lt\/lv\/wp-json\/wp\/v2\/product"}],"about":[{"href":"https:\/\/zooprekes24.lt\/lv\/wp-json\/wp\/v2\/types\/product"}],"replies":[{"embeddable":true,"href":"https:\/\/zooprekes24.lt\/lv\/wp-json\/wp\/v2\/comments?post=22823"}],"wp:featuredmedia":[{"embeddable":true,"href":"https:\/\/zooprekes24.lt\/lv\/wp-json\/wp\/v2\/media\/19943"}],"wp:attachment":[{"href":"https:\/\/zooprekes24.lt\/lv\/wp-json\/wp\/v2\/media?parent=22823"}],"wp:term":[{"taxonomy":"product_brand","embeddable":true,"href":"https:\/\/zooprekes24.lt\/lv\/wp-json\/wp\/v2\/product_brand?post=22823"},{"taxonomy":"product_cat","embeddable":true,"href":"https:\/\/zooprekes24.lt\/lv\/wp-json\/wp\/v2\/product_cat?post=22823"},{"taxonomy":"product_tag","embeddable":true,"href":"https:\/\/zooprekes24.lt\/lv\/wp-json\/wp\/v2\/product_tag?post=22823"}],"curies":[{"name":"wp","href":"https:\/\/api.w.org\/{rel}","templated":true}]}}