{"id":22781,"date":"2024-04-19T13:07:38","date_gmt":"2024-04-19T10:07:38","guid":{"rendered":"https:\/\/zooprekes24.lt\/produktas\/aatas-creamy-chicken-tuna-80g\/"},"modified":"2026-03-02T14:27:44","modified_gmt":"2026-03-02T12:27:44","slug":"aatas-creamy-chicken-tuna-80g","status":"publish","type":"product","link":"https:\/\/zooprekes24.lt\/lv\/produktas\/aatas-creamy-chicken-tuna-80g\/","title":{"rendered":"Aatas Creamy Chicken &amp; Tuna ka\u0137u konservu bar\u012bba"},"content":{"rendered":"<h3>Aatas Creamy Chicken &amp; Tuna ir lieliskas gar\u0161as, vesel\u012bgs, mitrs un vesel\u012bgs \u0113diens. <a href=\"https:\/\/zooprekes24.lt\/lv\/?s=%C4%97dalas+kat%C4%97ms&amp;post_type=product&amp;product_cat=0\" target=\"_blank\" rel=\"noopener noreferrer\">Ka\u0137u bar\u012bba<\/a>no br\u012bv\u0101s tur\u0113\u0161anas apst\u0101k\u013cos audz\u0113t\u0101m vist\u0101m un savva\u013c\u0101 nozvejot\u0101m ziv\u012bm. Lieliska izv\u0113le vesel\u012bgam J\u016bsu m\u0101jdz\u012bvnieka uzturam.<\/h3>\n<ul>\n<li>Dab\u012bga ga\u013ca.<\/li>\n<li>Nesatur graudaugus.<\/li>\n<li><a href=\"https:\/\/www.aatascat.com\/lt\/about1\" target=\"_blank\" rel=\"noopener noreferrer\">Bez konservantiem un \u0122MO.<\/a><\/li>\n<li>Zems tauku un kaloriju saturs.<\/li>\n<li>Pat vispras\u012bg\u0101kajiem tas patiks.<\/li>\n<\/ul>","protected":false},"excerpt":{"rendered":"<p>Aatas Creamy Chicken &amp; Tuna puikaus skonio, visavertis dr\u0117gnas \u0117dalas kat\u0117ms, pagamintas i\u0161 laisvai laikomos vi\u0161tienos ir laukin\u0117je gamtoje pagautos \u017euvies. Puikus pasirinkimas sveikai J\u016bs\u0173 augintinio mitybai. Nat\u016brali m\u0117sa. Sud\u0117tyje n\u0117ra gr\u016bd\u0173. Be konservant\u0173 ir GMO. Ma\u017eai riebal\u0173 ir kalorij\u0173. Patiks ir pa\u010dioms i\u0161rankiausioms.<\/p>","protected":false},"featured_media":19926,"comment_status":"closed","ping_status":"closed","template":"","meta":{"_acf_changed":false,"slim_seo":{"title":"Aatas Creamy Chicken & Tuna konservai kat\u0117ms - Zooprekes24","description":"Aatas Creamy Chicken &amp; Tuna puikaus skonio, visavertis dr\u0117gnas \u0117dalas kat\u0117ms , pagamintas i\u0161 laisvai laikomos vi\u0161tienos ir laukin\u0117je gamtoje pagautos \u017euvies"},"iawp_total_views":115},"product_brand":[],"product_cat":[9071,9027,72,83,25,9020],"product_tag":[2226,2919,1815,1817,1675],"class_list":{"0":"post-22781","1":"product","2":"type-product","3":"status-publish","4":"has-post-thumbnail","6":"product_cat-aatas-katems","7":"product_cat-begrudis-maistas-kaciu-maistas","8":"product_cat-kaciu-maistas","9":"product_cat-kaciu-prekiu-gamintojai","10":"product_cat-katems","11":"product_cat-slapias-maistas-kaciu-maistas","12":"product_tag-aatas-vistiena","13":"product_tag-aatas-vistiena-krabai","14":"product_tag-atas","15":"product_tag-edalas-katems","16":"product_tag-kaciu-edalas","17":"pa_pasaro-sudetis-tunas","18":"pa_pasaro-sudetis-vistiena","19":"pa_pasaro-sudetis-zuvis","20":"pa_prekiu-zenklai-aatas","22":"first","23":"instock","24":"featured","25":"taxable","26":"shipping-taxable","27":"purchasable","28":"product-type-variable"},"acf":[],"_links":{"self":[{"href":"https:\/\/zooprekes24.lt\/lv\/wp-json\/wp\/v2\/product\/22781","targetHints":{"allow":["GET"]}}],"collection":[{"href":"https:\/\/zooprekes24.lt\/lv\/wp-json\/wp\/v2\/product"}],"about":[{"href":"https:\/\/zooprekes24.lt\/lv\/wp-json\/wp\/v2\/types\/product"}],"replies":[{"embeddable":true,"href":"https:\/\/zooprekes24.lt\/lv\/wp-json\/wp\/v2\/comments?post=22781"}],"wp:featuredmedia":[{"embeddable":true,"href":"https:\/\/zooprekes24.lt\/lv\/wp-json\/wp\/v2\/media\/19926"}],"wp:attachment":[{"href":"https:\/\/zooprekes24.lt\/lv\/wp-json\/wp\/v2\/media?parent=22781"}],"wp:term":[{"taxonomy":"product_brand","embeddable":true,"href":"https:\/\/zooprekes24.lt\/lv\/wp-json\/wp\/v2\/product_brand?post=22781"},{"taxonomy":"product_cat","embeddable":true,"href":"https:\/\/zooprekes24.lt\/lv\/wp-json\/wp\/v2\/product_cat?post=22781"},{"taxonomy":"product_tag","embeddable":true,"href":"https:\/\/zooprekes24.lt\/lv\/wp-json\/wp\/v2\/product_tag?post=22781"}],"curies":[{"name":"wp","href":"https:\/\/api.w.org\/{rel}","templated":true}]}}