{"id":22774,"date":"2024-04-19T13:07:38","date_gmt":"2024-04-19T10:07:38","guid":{"rendered":"https:\/\/zooprekes24.lt\/produktas\/acana-grasslands-cat\/"},"modified":"2024-11-15T14:15:31","modified_gmt":"2024-11-15T11:15:31","slug":"acana-plavas-kakis","status":"publish","type":"product","link":"https:\/\/zooprekes24.lt\/lv\/produktas\/acana-grasslands-cat\/","title":{"rendered":"Acana Grasslands Cat saus\u0101 ka\u0137u bar\u012bba"},"content":{"rendered":"<h3>Acana Grasslands Cat sast\u0101v\u0101 ir re\u0123ion\u0101l\u0101s p\u012bles, ligzdo\u0161anas olas, savva\u013cas zivis un sprostos neiekl\u0101ta vista. Viss tiek pieg\u0101d\u0101ts svaigs saska\u0146\u0101 ar <a href=\"https:\/\/www.acanapetfoods.co.uk\/about-acana\/biologically-appropriate\/wholeprey-meat-ratios\/\" target=\"_blank\" rel=\"noopener noreferrer\">WholePrey\u2122<\/a> j\u0113dziens (kop\u0113j\u0101 laup\u012bjuma).<\/h3>\n<p>Katrs bar\u012bbas gabali\u0146\u0161 ir bag\u0101ts\u00a0<a href=\"https:\/\/zooprekes24.lt\/lv\/?s=omega+3+sunims&amp;post_type=product&amp;product_cat=0\" target=\"_blank\" rel=\"noopener noreferrer\">Omega 3<\/a> (DHA, EPA), kas ieg\u016bti no savva\u013cas s\u012bgas, kas labv\u0113l\u012bgi ietekm\u0113 imunit\u0101ti un uzlabo \u0101das un ka\u017eoka st\u0101vokli. Biolo\u0123iski audz\u0113ti j\u016bras d\u0101rze\u0146i un augu ekstrakti, tostarp kadi\u0137u ogas, lavandas ziedi, saul\u0113 kalt\u0113tas lucernas un piparm\u0113tras lapas uzlabo ka\u0137a vielmai\u0146u un toniz\u0113 gremo\u0161anas traktu. Izgatavots godalgot\u0101s virtuv\u0113s no lab\u0101kaj\u0101m un svaig\u0101kaj\u0101m sast\u0101vda\u013c\u0101m, <a href=\"https:\/\/www.acanapetfoods.co.uk\/about-acana\/biologically-appropriate\/\" target=\"_blank\" rel=\"noopener noreferrer\">Biolo\u0123iski piem\u0113rots\u2122<\/a> (Biolo\u0123iski atbilsto\u0161a) formula garant\u0113, ka j\u016bsu ka\u0137is b\u016bs vesels un laim\u012bgs.<\/p>","protected":false},"excerpt":{"rendered":"<p>Acana Grasslands Cat sast\u0101v\u0101 ir re\u0123ion\u0101l\u0101s p\u012bles, ligzdo\u0161anas olas, savva\u013cas zivis un sprostos neiekl\u0101ta vista. Viss tiek pieg\u0101d\u0101ts svaigs, izmantojot WholePrey\u2122 koncepciju. Katr\u0101 kumosi\u0146\u0101 ir daudz omega 3 (DHA, EPA), kas ieg\u016bti no savva\u013cas sik\u0101m, kas labv\u0113l\u012bgi ietekm\u0113 imunit\u0101ti un nodro\u0161ina lielisku \u0101das un ka\u017eoka st\u0101vokli. Biolo\u0123iski audz\u0113ti j\u016bras d\u0101rze\u0146i un augu ekstrakti, tostarp kadi\u0137u un...<\/p>","protected":false},"featured_media":32267,"comment_status":"closed","ping_status":"closed","template":"","meta":{"_acf_changed":false,"slim_seo":{"title":"Acana Grasslands Cat sausas maistas kat\u0117ms - Zooprekes24","description":"Acana Grasslands Cat sast\u0101v\u0101 ir re\u0123ion\u0101l\u0101s p\u012bles, ligzdo\u0161anas olas, savva\u013cas zivis un sprostos neiekl\u0101ta vista. Viss tiek pieg\u0101d\u0101ts svaigs laik\u0101"},"iawp_total_views":398},"product_brand":[],"product_cat":[9015,9027,72,83,25,9016],"product_tag":[1671,1817,1675,1682,1696],"class_list":{"0":"post-22774","1":"product","2":"type-product","3":"status-publish","4":"has-post-thumbnail","6":"product_cat-acana-kaciu-prekiu-gamintojai","7":"product_cat-begrudis-maistas-kaciu-maistas","8":"product_cat-kaciu-maistas","9":"product_cat-kaciu-prekiu-gamintojai","10":"product_cat-katems","11":"product_cat-sausas-maistas-kaciu-maistas","12":"product_tag-begrudis-kaciu-maistas","13":"product_tag-edalas-katems","14":"product_tag-kaciu-edalas","15":"product_tag-kaciu-maistas-super-premium-klases","16":"product_tag-super-premium-maistas-katems","17":"pa_pasaro-sudetis-antiena","18":"pa_pasaro-sudetis-darzoves","19":"pa_pasaro-sudetis-kalakutiena","20":"pa_pasaro-sudetis-kiausiniai","21":"pa_pasaro-sudetis-sirdys","22":"pa_pasaro-sudetis-uogos","23":"pa_pasaro-sudetis-vaisiai","24":"pa_pasaro-sudetis-vistiena","25":"pa_pasaro-sudetis-zuvis","26":"pa_prekiu-zenklai-acana","28":"first","29":"instock","30":"featured","31":"taxable","32":"shipping-taxable","33":"purchasable","34":"product-type-variable"},"acf":[],"_links":{"self":[{"href":"https:\/\/zooprekes24.lt\/lv\/wp-json\/wp\/v2\/product\/22774","targetHints":{"allow":["GET"]}}],"collection":[{"href":"https:\/\/zooprekes24.lt\/lv\/wp-json\/wp\/v2\/product"}],"about":[{"href":"https:\/\/zooprekes24.lt\/lv\/wp-json\/wp\/v2\/types\/product"}],"replies":[{"embeddable":true,"href":"https:\/\/zooprekes24.lt\/lv\/wp-json\/wp\/v2\/comments?post=22774"}],"wp:featuredmedia":[{"embeddable":true,"href":"https:\/\/zooprekes24.lt\/lv\/wp-json\/wp\/v2\/media\/32267"}],"wp:attachment":[{"href":"https:\/\/zooprekes24.lt\/lv\/wp-json\/wp\/v2\/media?parent=22774"}],"wp:term":[{"taxonomy":"product_brand","embeddable":true,"href":"https:\/\/zooprekes24.lt\/lv\/wp-json\/wp\/v2\/product_brand?post=22774"},{"taxonomy":"product_cat","embeddable":true,"href":"https:\/\/zooprekes24.lt\/lv\/wp-json\/wp\/v2\/product_cat?post=22774"},{"taxonomy":"product_tag","embeddable":true,"href":"https:\/\/zooprekes24.lt\/lv\/wp-json\/wp\/v2\/product_tag?post=22774"}],"curies":[{"name":"wp","href":"https:\/\/api.w.org\/{rel}","templated":true}]}}