{"id":22771,"date":"2024-04-19T13:07:38","date_gmt":"2024-04-19T10:07:38","guid":{"rendered":"https:\/\/zooprekes24.lt\/produktas\/acana-pacifica-cat\/"},"modified":"2024-11-15T14:03:03","modified_gmt":"2024-11-15T11:03:03","slug":"acana-pacifica-cat","status":"publish","type":"product","link":"https:\/\/zooprekes24.lt\/lv\/produktas\/acana-pacifica-cat\/","title":{"rendered":"Acana Pacifica Cat saus\u0101 ka\u0137u bar\u012bba"},"content":{"rendered":"<h3>Acana Pacifica Cat ir bag\u0101ta ar si\u013c\u0137\u0113m, sard\u012bn\u0113m, j\u016bras zeltpleksti, j\u016bras zeltpleksti, sudraba l\u012bdak\u0101m un asariem, kas nozvejoti Klus\u0101 oke\u0101na zieme\u013cu Vank\u016bveras sal\u0101. Viss pieg\u0101d\u0101ts svaigs saska\u0146\u0101 ar <a href=\"https:\/\/www.acanapetfoods.co.uk\/about-acana\/biologically-appropriate\/wholeprey-meat-ratios\/\" target=\"_blank\" rel=\"noopener noreferrer\">WholePrey\u2122<\/a> j\u0113dziens (kop\u0113j\u0101 laup\u012bjuma).<\/h3>\n<p>Katrs bar\u012bbas gabali\u0146\u0161 ir bag\u0101ts\u00a0<a href=\"https:\/\/zooprekes24.lt\/lv\/?s=omega+3+sunims&amp;post_type=product&amp;product_cat=0\" target=\"_blank\" rel=\"noopener noreferrer\">Omega 3<\/a> (DHA, EPA), kas ieg\u016bti no savva\u013cas Brunsvikas si\u013c\u0137\u0113m, kas labv\u0113l\u012bgi ietekm\u0113 imunit\u0101ti un uzlabo \u0101das un ka\u017eoka st\u0101vokli. Biolo\u0123iski audz\u0113ti j\u016bras d\u0101rze\u0146i un augu ekstrakti, tostarp kadi\u0137u ogas, lavandas ziedi, saul\u0113 kalt\u0113tas lucernas un piparm\u0113tras lapas uzlabo ka\u0137a vielmai\u0146u un toniz\u0113 gremo\u0161anas traktu. Izgatavots godalgot\u0101s virtuv\u0113s no lab\u0101kaj\u0101m un svaig\u0101kaj\u0101m sast\u0101vda\u013c\u0101m, <a href=\"https:\/\/www.acanapetfoods.co.uk\/about-acana\/biologically-appropriate\/\" target=\"_blank\" rel=\"noopener noreferrer\">Biolo\u0123iski piem\u0113rots\u2122<\/a> (Biolo\u0123iski atbilsto\u0161a) formula garant\u0113, ka j\u016bsu ka\u0137is b\u016bs vesels un laim\u012bgs.<\/p>","protected":false},"excerpt":{"rendered":"<p>Acana Pacifica Cat sud\u0117tyje gausu \u0160iaur\u0117s Vankuverio saloje i\u0161 Ramiojo vandenyno su\u017evejotos silk\u0117s, sardin\u0117s, plek\u0161n\u0117s, sidabrin\u0117s lydekos ir e\u0161erio. Viskas pristatoma \u0161vie\u017eia laikantis WholePrey\u2122 (viso grobio) koncepcijos. Kiekviename pa\u0161aro k\u0105snelyje gausu\u00a0Omega 3 (DHA, EPA) i\u0161gaunamo i\u0161 laukini\u0173 Brunswick silki\u0173, kuris naudingas imuniteto stiprinimui ir puikiam odos ir kailio b\u016bkl\u0117s puosel\u0117jimui. Ekologi\u0161kos j\u016br\u0173 dar\u017eov\u0117s ir augal\u0173&#8230;<\/p>","protected":false},"featured_media":32266,"comment_status":"closed","ping_status":"closed","template":"","meta":{"_acf_changed":false,"slim_seo":{"title":"Acana Pacifica Cat sausas maistas kat\u0117ms - Zooprekes24","description":"Acana Pacifica Cat ir bag\u0101ta ar si\u013c\u0137\u0113m, sard\u012bn\u0113m, j\u016bras zeltpleksti, j\u016bras zeltpleksti, sudraba l\u012bdak\u0101m un asariem, kas nozvejoti Klus\u0101 oke\u0101na Zieme\u013cu Vank\u016bveras sal\u0101. Visi ar"},"iawp_total_views":269},"product_brand":[],"product_cat":[9015,9027,72,83,25,9016],"product_tag":[1671,1817,1675,1682,1696],"class_list":{"0":"post-22771","1":"product","2":"type-product","3":"status-publish","4":"has-post-thumbnail","6":"product_cat-acana-kaciu-prekiu-gamintojai","7":"product_cat-begrudis-maistas-kaciu-maistas","8":"product_cat-kaciu-maistas","9":"product_cat-kaciu-prekiu-gamintojai","10":"product_cat-katems","11":"product_cat-sausas-maistas-kaciu-maistas","12":"product_tag-begrudis-kaciu-maistas","13":"product_tag-edalas-katems","14":"product_tag-kaciu-edalas","15":"product_tag-kaciu-maistas-super-premium-klases","16":"product_tag-super-premium-maistas-katems","17":"pa_pasaro-sudetis-darzoves","18":"pa_pasaro-sudetis-uogos","19":"pa_pasaro-sudetis-vaisiai","20":"pa_pasaro-sudetis-zuvis","21":"pa_prekiu-zenklai-acana","23":"first","24":"instock","25":"featured","26":"taxable","27":"shipping-taxable","28":"purchasable","29":"product-type-variable"},"acf":[],"_links":{"self":[{"href":"https:\/\/zooprekes24.lt\/lv\/wp-json\/wp\/v2\/product\/22771","targetHints":{"allow":["GET"]}}],"collection":[{"href":"https:\/\/zooprekes24.lt\/lv\/wp-json\/wp\/v2\/product"}],"about":[{"href":"https:\/\/zooprekes24.lt\/lv\/wp-json\/wp\/v2\/types\/product"}],"replies":[{"embeddable":true,"href":"https:\/\/zooprekes24.lt\/lv\/wp-json\/wp\/v2\/comments?post=22771"}],"wp:featuredmedia":[{"embeddable":true,"href":"https:\/\/zooprekes24.lt\/lv\/wp-json\/wp\/v2\/media\/32266"}],"wp:attachment":[{"href":"https:\/\/zooprekes24.lt\/lv\/wp-json\/wp\/v2\/media?parent=22771"}],"wp:term":[{"taxonomy":"product_brand","embeddable":true,"href":"https:\/\/zooprekes24.lt\/lv\/wp-json\/wp\/v2\/product_brand?post=22771"},{"taxonomy":"product_cat","embeddable":true,"href":"https:\/\/zooprekes24.lt\/lv\/wp-json\/wp\/v2\/product_cat?post=22771"},{"taxonomy":"product_tag","embeddable":true,"href":"https:\/\/zooprekes24.lt\/lv\/wp-json\/wp\/v2\/product_tag?post=22771"}],"curies":[{"name":"wp","href":"https:\/\/api.w.org\/{rel}","templated":true}]}}